{"id":9900,"date":"2025-08-30T14:26:19","date_gmt":"2025-08-30T12:26:19","guid":{"rendered":"https:\/\/www.delfinebijoux.com\/?post_type=product&#038;p=9900"},"modified":"2025-12-09T14:54:51","modified_gmt":"2025-12-09T13:54:51","slug":"bague-apache","status":"publish","type":"product","link":"https:\/\/www.delfinebijoux.com\/en\/bijoux\/bagues\/bague-apache\/","title":{"rendered":"APACHE ring"},"content":{"rendered":"","protected":false},"excerpt":{"rendered":"<p>APACHE, the free and assertive collection. Guaranteed to make an impact!<\/p>\n<p>The latest nugget from DelFine, this champagne-coloured, 5-micron thick, 18-carat gold-plated braided ring.<\/p>\n<p>Adjustable ring.<\/p>","protected":false},"featured_media":10167,"comment_status":"closed","ping_status":"closed","template":"","meta":{"_et_pb_use_builder":"","_et_pb_old_content":"","_et_gb_content_width":"","_exactmetrics_skip_tracking":false,"_exactmetrics_sitenote_active":false,"_exactmetrics_sitenote_note":"","_exactmetrics_sitenote_category":0},"product_brand":[443],"product_cat":[226,392],"product_tag":[],"class_list":{"0":"post-9900","1":"product","2":"type-product","3":"status-publish","4":"has-post-thumbnail","6":"product_brand-delfine-bijoux","7":"product_cat-bagues","8":"product_cat-nouveautes","10":"first","11":"instock","12":"featured","13":"shipping-taxable","14":"purchasable","15":"product-type-simple"},"yoast_head":"<!-- This site is optimized with the Yoast SEO plugin v27.4 - https:\/\/yoast.com\/product\/yoast-seo-wordpress\/ -->\n<title>Bague APACHE - DelFine<\/title>\n<meta name=\"description\" content=\"APACHE, la collection libre et affirm\u00e9e. Effet garanti ! La derni\u00e8re p\u00e9pite de DelFine, cette bague tress\u00e9e en plaqu\u00e9 or 24 carats d&#039;une \u00e9paisseur de 5 microns (tr\u00e8s r\u00e9sistant) couleur champagne. Bague r\u00e9glable.\" \/>\n<meta name=\"robots\" content=\"index, follow, max-snippet:-1, max-image-preview:large, max-video-preview:-1\" \/>\n<link rel=\"canonical\" href=\"https:\/\/www.delfinebijoux.com\/en\/bijoux\/bagues\/bague-apache\/\" \/>\n<meta property=\"og:locale\" content=\"en_GB\" \/>\n<meta property=\"og:type\" content=\"article\" \/>\n<meta property=\"og:title\" content=\"Bague APACHE - DelFine\" \/>\n<meta property=\"og:description\" content=\"APACHE, la collection libre et affirm\u00e9e. Effet garanti ! La derni\u00e8re p\u00e9pite de DelFine, cette bague tress\u00e9e en plaqu\u00e9 or 24 carats d&#039;une \u00e9paisseur de 5 microns (tr\u00e8s r\u00e9sistant) couleur champagne. Bague r\u00e9glable.\" \/>\n<meta property=\"og:url\" content=\"https:\/\/www.delfinebijoux.com\/en\/bijoux\/bagues\/bague-apache\/\" \/>\n<meta property=\"og:site_name\" content=\"DelFine\" \/>\n<meta property=\"article:publisher\" content=\"https:\/\/www.facebook.com\/DelFinebijoux\" \/>\n<meta property=\"article:modified_time\" content=\"2025-12-09T13:54:51+00:00\" \/>\n<meta property=\"og:image\" content=\"https:\/\/www.delfinebijoux.com\/wp-content\/uploads\/2025\/08\/packshot-bague-tresse-plaque-or-vue-face-marque-delfine-bijoux.jpg\" \/>\n\t<meta property=\"og:image:width\" content=\"500\" \/>\n\t<meta property=\"og:image:height\" content=\"500\" \/>\n\t<meta property=\"og:image:type\" content=\"image\/jpeg\" \/>\n<meta name=\"twitter:card\" content=\"summary_large_image\" \/>\n<meta name=\"twitter:label1\" content=\"Estimated reading time\" \/>\n\t<meta name=\"twitter:data1\" content=\"1 minute\" \/>\n<script type=\"application\/ld+json\" class=\"yoast-schema-graph\">{\"@context\":\"https:\\\/\\\/schema.org\",\"@graph\":[{\"@type\":\"WebPage\",\"@id\":\"https:\\\/\\\/www.delfinebijoux.com\\\/bijoux\\\/bagues\\\/bague-apache\\\/\",\"url\":\"https:\\\/\\\/www.delfinebijoux.com\\\/bijoux\\\/bagues\\\/bague-apache\\\/\",\"name\":\"Bague APACHE - DelFine\",\"isPartOf\":{\"@id\":\"https:\\\/\\\/www.delfinebijoux.com\\\/#website\"},\"primaryImageOfPage\":{\"@id\":\"https:\\\/\\\/www.delfinebijoux.com\\\/bijoux\\\/bagues\\\/bague-apache\\\/#primaryimage\"},\"image\":{\"@id\":\"https:\\\/\\\/www.delfinebijoux.com\\\/bijoux\\\/bagues\\\/bague-apache\\\/#primaryimage\"},\"thumbnailUrl\":\"https:\\\/\\\/www.delfinebijoux.com\\\/wp-content\\\/uploads\\\/2025\\\/08\\\/packshot-bague-tresse-plaque-or-vue-face-marque-delfine-bijoux.jpg\",\"datePublished\":\"2025-08-30T12:26:19+00:00\",\"dateModified\":\"2025-12-09T13:54:51+00:00\",\"description\":\"APACHE, la collection libre et affirm\u00e9e. Effet garanti ! La derni\u00e8re p\u00e9pite de DelFine, cette bague tress\u00e9e en plaqu\u00e9 or 24 carats d'une \u00e9paisseur de 5 microns (tr\u00e8s r\u00e9sistant) couleur champagne. Bague r\u00e9glable.\",\"breadcrumb\":{\"@id\":\"https:\\\/\\\/www.delfinebijoux.com\\\/bijoux\\\/bagues\\\/bague-apache\\\/#breadcrumb\"},\"inLanguage\":\"en-GB\",\"potentialAction\":[{\"@type\":\"ReadAction\",\"target\":[\"https:\\\/\\\/www.delfinebijoux.com\\\/bijoux\\\/bagues\\\/bague-apache\\\/\"]}]},{\"@type\":\"ImageObject\",\"inLanguage\":\"en-GB\",\"@id\":\"https:\\\/\\\/www.delfinebijoux.com\\\/bijoux\\\/bagues\\\/bague-apache\\\/#primaryimage\",\"url\":\"https:\\\/\\\/www.delfinebijoux.com\\\/wp-content\\\/uploads\\\/2025\\\/08\\\/packshot-bague-tresse-plaque-or-vue-face-marque-delfine-bijoux.jpg\",\"contentUrl\":\"https:\\\/\\\/www.delfinebijoux.com\\\/wp-content\\\/uploads\\\/2025\\\/08\\\/packshot-bague-tresse-plaque-or-vue-face-marque-delfine-bijoux.jpg\",\"width\":500,\"height\":500,\"caption\":\"Bague assez large plaqu\u00e9e or 18 carats. Il s'agit d'une bague tress\u00e9e de quatre fils d'or. Packshot sur fond gris. Prise de vue de face.\"},{\"@type\":\"BreadcrumbList\",\"@id\":\"https:\\\/\\\/www.delfinebijoux.com\\\/bijoux\\\/bagues\\\/bague-apache\\\/#breadcrumb\",\"itemListElement\":[{\"@type\":\"ListItem\",\"position\":1,\"name\":\"Accueil\",\"item\":\"https:\\\/\\\/www.delfinebijoux.com\\\/\"},{\"@type\":\"ListItem\",\"position\":2,\"name\":\"Les Impertinents\",\"item\":\"https:\\\/\\\/www.delfinebijoux.com\\\/?page_id=5552\"},{\"@type\":\"ListItem\",\"position\":3,\"name\":\"Bague APACHE\"}]},{\"@type\":\"WebSite\",\"@id\":\"https:\\\/\\\/www.delfinebijoux.com\\\/#website\",\"url\":\"https:\\\/\\\/www.delfinebijoux.com\\\/\",\"name\":\"DelFine\",\"description\":\"Bijoux de cr\u00e9ateur fins et d\u00e9licats de fabrication fran\u00e7aise\",\"publisher\":{\"@id\":\"https:\\\/\\\/www.delfinebijoux.com\\\/#organization\"},\"potentialAction\":[{\"@type\":\"SearchAction\",\"target\":{\"@type\":\"EntryPoint\",\"urlTemplate\":\"https:\\\/\\\/www.delfinebijoux.com\\\/?s={search_term_string}\"},\"query-input\":{\"@type\":\"PropertyValueSpecification\",\"valueRequired\":true,\"valueName\":\"search_term_string\"}}],\"inLanguage\":\"en-GB\"},{\"@type\":\"Organization\",\"@id\":\"https:\\\/\\\/www.delfinebijoux.com\\\/#organization\",\"name\":\"DelFine\",\"url\":\"https:\\\/\\\/www.delfinebijoux.com\\\/\",\"logo\":{\"@type\":\"ImageObject\",\"inLanguage\":\"en-GB\",\"@id\":\"https:\\\/\\\/www.delfinebijoux.com\\\/#\\\/schema\\\/logo\\\/image\\\/\",\"url\":\"https:\\\/\\\/www.delfinebijoux.com\\\/wp-content\\\/uploads\\\/2024\\\/01\\\/Logo-blanc-1500px.jpg\",\"contentUrl\":\"https:\\\/\\\/www.delfinebijoux.com\\\/wp-content\\\/uploads\\\/2024\\\/01\\\/Logo-blanc-1500px.jpg\",\"width\":1500,\"height\":1500,\"caption\":\"DelFine\"},\"image\":{\"@id\":\"https:\\\/\\\/www.delfinebijoux.com\\\/#\\\/schema\\\/logo\\\/image\\\/\"},\"sameAs\":[\"https:\\\/\\\/www.facebook.com\\\/DelFinebijoux\",\"https:\\\/\\\/www.instagram.com\\\/delfine_bijoux\\\/\"]}]}<\/script>\n<!-- \/ Yoast SEO plugin. -->","yoast_head_json":{"title":"Bague APACHE - DelFine","description":"APACHE, la collection libre et affirm\u00e9e. Effet garanti ! La derni\u00e8re p\u00e9pite de DelFine, cette bague tress\u00e9e en plaqu\u00e9 or 24 carats d'une \u00e9paisseur de 5 microns (tr\u00e8s r\u00e9sistant) couleur champagne. Bague r\u00e9glable.","robots":{"index":"index","follow":"follow","max-snippet":"max-snippet:-1","max-image-preview":"max-image-preview:large","max-video-preview":"max-video-preview:-1"},"canonical":"https:\/\/www.delfinebijoux.com\/en\/bijoux\/bagues\/bague-apache\/","og_locale":"en_GB","og_type":"article","og_title":"Bague APACHE - DelFine","og_description":"APACHE, la collection libre et affirm\u00e9e. Effet garanti ! La derni\u00e8re p\u00e9pite de DelFine, cette bague tress\u00e9e en plaqu\u00e9 or 24 carats d'une \u00e9paisseur de 5 microns (tr\u00e8s r\u00e9sistant) couleur champagne. Bague r\u00e9glable.","og_url":"https:\/\/www.delfinebijoux.com\/en\/bijoux\/bagues\/bague-apache\/","og_site_name":"DelFine","article_publisher":"https:\/\/www.facebook.com\/DelFinebijoux","article_modified_time":"2025-12-09T13:54:51+00:00","og_image":[{"width":500,"height":500,"url":"https:\/\/www.delfinebijoux.com\/wp-content\/uploads\/2025\/08\/packshot-bague-tresse-plaque-or-vue-face-marque-delfine-bijoux.jpg","type":"image\/jpeg"}],"twitter_card":"summary_large_image","twitter_misc":{"Estimated reading time":"1 minute"},"schema":{"@context":"https:\/\/schema.org","@graph":[{"@type":"WebPage","@id":"https:\/\/www.delfinebijoux.com\/bijoux\/bagues\/bague-apache\/","url":"https:\/\/www.delfinebijoux.com\/bijoux\/bagues\/bague-apache\/","name":"Bague APACHE - DelFine","isPartOf":{"@id":"https:\/\/www.delfinebijoux.com\/#website"},"primaryImageOfPage":{"@id":"https:\/\/www.delfinebijoux.com\/bijoux\/bagues\/bague-apache\/#primaryimage"},"image":{"@id":"https:\/\/www.delfinebijoux.com\/bijoux\/bagues\/bague-apache\/#primaryimage"},"thumbnailUrl":"https:\/\/www.delfinebijoux.com\/wp-content\/uploads\/2025\/08\/packshot-bague-tresse-plaque-or-vue-face-marque-delfine-bijoux.jpg","datePublished":"2025-08-30T12:26:19+00:00","dateModified":"2025-12-09T13:54:51+00:00","description":"APACHE, la collection libre et affirm\u00e9e. Effet garanti ! La derni\u00e8re p\u00e9pite de DelFine, cette bague tress\u00e9e en plaqu\u00e9 or 24 carats d'une \u00e9paisseur de 5 microns (tr\u00e8s r\u00e9sistant) couleur champagne. Bague r\u00e9glable.","breadcrumb":{"@id":"https:\/\/www.delfinebijoux.com\/bijoux\/bagues\/bague-apache\/#breadcrumb"},"inLanguage":"en-GB","potentialAction":[{"@type":"ReadAction","target":["https:\/\/www.delfinebijoux.com\/bijoux\/bagues\/bague-apache\/"]}]},{"@type":"ImageObject","inLanguage":"en-GB","@id":"https:\/\/www.delfinebijoux.com\/bijoux\/bagues\/bague-apache\/#primaryimage","url":"https:\/\/www.delfinebijoux.com\/wp-content\/uploads\/2025\/08\/packshot-bague-tresse-plaque-or-vue-face-marque-delfine-bijoux.jpg","contentUrl":"https:\/\/www.delfinebijoux.com\/wp-content\/uploads\/2025\/08\/packshot-bague-tresse-plaque-or-vue-face-marque-delfine-bijoux.jpg","width":500,"height":500,"caption":"Bague assez large plaqu\u00e9e or 18 carats. Il s'agit d'une bague tress\u00e9e de quatre fils d'or. Packshot sur fond gris. Prise de vue de face."},{"@type":"BreadcrumbList","@id":"https:\/\/www.delfinebijoux.com\/bijoux\/bagues\/bague-apache\/#breadcrumb","itemListElement":[{"@type":"ListItem","position":1,"name":"Accueil","item":"https:\/\/www.delfinebijoux.com\/"},{"@type":"ListItem","position":2,"name":"Les Impertinents","item":"https:\/\/www.delfinebijoux.com\/?page_id=5552"},{"@type":"ListItem","position":3,"name":"Bague APACHE"}]},{"@type":"WebSite","@id":"https:\/\/www.delfinebijoux.com\/#website","url":"https:\/\/www.delfinebijoux.com\/","name":"DelFine","description":"Fine, delicate designer jewellery made in France","publisher":{"@id":"https:\/\/www.delfinebijoux.com\/#organization"},"potentialAction":[{"@type":"SearchAction","target":{"@type":"EntryPoint","urlTemplate":"https:\/\/www.delfinebijoux.com\/?s={search_term_string}"},"query-input":{"@type":"PropertyValueSpecification","valueRequired":true,"valueName":"search_term_string"}}],"inLanguage":"en-GB"},{"@type":"Organization","@id":"https:\/\/www.delfinebijoux.com\/#organization","name":"DelFine","url":"https:\/\/www.delfinebijoux.com\/","logo":{"@type":"ImageObject","inLanguage":"en-GB","@id":"https:\/\/www.delfinebijoux.com\/#\/schema\/logo\/image\/","url":"https:\/\/www.delfinebijoux.com\/wp-content\/uploads\/2024\/01\/Logo-blanc-1500px.jpg","contentUrl":"https:\/\/www.delfinebijoux.com\/wp-content\/uploads\/2024\/01\/Logo-blanc-1500px.jpg","width":1500,"height":1500,"caption":"DelFine"},"image":{"@id":"https:\/\/www.delfinebijoux.com\/#\/schema\/logo\/image\/"},"sameAs":["https:\/\/www.facebook.com\/DelFinebijoux","https:\/\/www.instagram.com\/delfine_bijoux\/"]}]}},"_links":{"self":[{"href":"https:\/\/www.delfinebijoux.com\/en\/wp-json\/wp\/v2\/product\/9900","targetHints":{"allow":["GET"]}}],"collection":[{"href":"https:\/\/www.delfinebijoux.com\/en\/wp-json\/wp\/v2\/product"}],"about":[{"href":"https:\/\/www.delfinebijoux.com\/en\/wp-json\/wp\/v2\/types\/product"}],"replies":[{"embeddable":true,"href":"https:\/\/www.delfinebijoux.com\/en\/wp-json\/wp\/v2\/comments?post=9900"}],"wp:featuredmedia":[{"embeddable":true,"href":"https:\/\/www.delfinebijoux.com\/en\/wp-json\/wp\/v2\/media\/10167"}],"wp:attachment":[{"href":"https:\/\/www.delfinebijoux.com\/en\/wp-json\/wp\/v2\/media?parent=9900"}],"wp:term":[{"taxonomy":"product_brand","embeddable":true,"href":"https:\/\/www.delfinebijoux.com\/en\/wp-json\/wp\/v2\/product_brand?post=9900"},{"taxonomy":"product_cat","embeddable":true,"href":"https:\/\/www.delfinebijoux.com\/en\/wp-json\/wp\/v2\/product_cat?post=9900"},{"taxonomy":"product_tag","embeddable":true,"href":"https:\/\/www.delfinebijoux.com\/en\/wp-json\/wp\/v2\/product_tag?post=9900"}],"curies":[{"name":"wp","href":"https:\/\/api.w.org\/{rel}","templated":true}]}}