{"id":9893,"date":"2018-08-23T12:20:07","date_gmt":"2018-08-23T10:20:07","guid":{"rendered":"https:\/\/www.delfinebijoux.com\/?post_type=product&#038;p=9893"},"modified":"2026-04-30T12:06:09","modified_gmt":"2026-04-30T10:06:09","slug":"basic-collier-deux-rangs-turquoise","status":"publish","type":"product","link":"https:\/\/www.delfinebijoux.com\/en\/bijoux\/collier\/basic-collier-deux-rangs-turquoise\/","title":{"rendered":"BASIC Two-row necklace Turquoise"},"content":{"rendered":"","protected":false},"excerpt":{"rendered":"<p>BASIC, the collection that stands out for its simplicity and warm-toned pearls.<\/p>\n<p>The meshes and primers are gilded with fine gold.<br \/>\nHandcrafted Japanese glass beads dyed in the mass, the beads will stay bright.<br \/>\nLength: 37 cm Extension: 4 cm<\/p>","protected":false},"featured_media":10064,"comment_status":"open","ping_status":"closed","template":"","meta":{"_et_pb_use_builder":"","_et_pb_old_content":"","_et_gb_content_width":"","_exactmetrics_skip_tracking":false,"_exactmetrics_sitenote_active":false,"_exactmetrics_sitenote_note":"","_exactmetrics_sitenote_category":0},"product_brand":[443],"product_cat":[370,8],"product_tag":[],"class_list":{"0":"post-9893","1":"product","2":"type-product","3":"status-publish","4":"has-post-thumbnail","6":"product_brand-delfine-bijoux","7":"product_cat-basic","8":"product_cat-collier","10":"first","11":"instock","12":"shipping-taxable","13":"purchasable","14":"product-type-simple"},"yoast_head":"<!-- This site is optimized with the Yoast SEO plugin v27.5 - https:\/\/yoast.com\/product\/yoast-seo-wordpress\/ -->\n<title>BASIC Collier deux rangs Turquoise - DelFine<\/title>\n<meta name=\"robots\" content=\"index, follow, max-snippet:-1, max-image-preview:large, max-video-preview:-1\" \/>\n<link rel=\"canonical\" href=\"https:\/\/www.delfinebijoux.com\/en\/bijoux\/collier\/basic-collier-deux-rangs-turquoise\/\" \/>\n<meta property=\"og:locale\" content=\"en_GB\" \/>\n<meta property=\"og:type\" content=\"article\" \/>\n<meta property=\"og:title\" content=\"BASIC Collier deux rangs Turquoise - DelFine\" \/>\n<meta property=\"og:description\" content=\"BASIC, la collection qui se fait remarquer par sa simplicit\u00e9 et ses perles aux tons chauds.  Les mailles et appr\u00eats sont dor\u00e9s \u00e0 l&#039;or fin. Perles de verre du Japon artisanales teint\u00e9es dans la masse, les perles resteront \u00e9clatantes. Longueur : 37 cm\u00a0\u00a0 Rallonge : 4 cm\" \/>\n<meta property=\"og:url\" content=\"https:\/\/www.delfinebijoux.com\/en\/bijoux\/collier\/basic-collier-deux-rangs-turquoise\/\" \/>\n<meta property=\"og:site_name\" content=\"DelFine\" \/>\n<meta property=\"article:publisher\" content=\"https:\/\/www.facebook.com\/DelFinebijoux\" \/>\n<meta property=\"article:modified_time\" content=\"2026-04-30T10:06:09+00:00\" \/>\n<meta property=\"og:image\" content=\"https:\/\/www.delfinebijoux.com\/wp-content\/uploads\/2020\/08\/packshot-detail-collier-deux-rangs-dore-perles-verre-turquoises-maille-serpent-collection-basic-delfine-bijoux.jpg\" \/>\n\t<meta property=\"og:image:width\" content=\"500\" \/>\n\t<meta property=\"og:image:height\" content=\"500\" \/>\n\t<meta property=\"og:image:type\" content=\"image\/jpeg\" \/>\n<meta name=\"twitter:card\" content=\"summary_large_image\" \/>\n<meta name=\"twitter:label1\" content=\"Estimated reading time\" \/>\n\t<meta name=\"twitter:data1\" content=\"1 minute\" \/>\n<script type=\"application\/ld+json\" class=\"yoast-schema-graph\">{\"@context\":\"https:\\\/\\\/schema.org\",\"@graph\":[{\"@type\":\"WebPage\",\"@id\":\"https:\\\/\\\/www.delfinebijoux.com\\\/bijoux\\\/collier\\\/basic-collier-deux-rangs-turquoise\\\/\",\"url\":\"https:\\\/\\\/www.delfinebijoux.com\\\/bijoux\\\/collier\\\/basic-collier-deux-rangs-turquoise\\\/\",\"name\":\"BASIC Collier deux rangs Turquoise - DelFine\",\"isPartOf\":{\"@id\":\"https:\\\/\\\/www.delfinebijoux.com\\\/#website\"},\"primaryImageOfPage\":{\"@id\":\"https:\\\/\\\/www.delfinebijoux.com\\\/bijoux\\\/collier\\\/basic-collier-deux-rangs-turquoise\\\/#primaryimage\"},\"image\":{\"@id\":\"https:\\\/\\\/www.delfinebijoux.com\\\/bijoux\\\/collier\\\/basic-collier-deux-rangs-turquoise\\\/#primaryimage\"},\"thumbnailUrl\":\"https:\\\/\\\/www.delfinebijoux.com\\\/wp-content\\\/uploads\\\/2020\\\/08\\\/packshot-detail-collier-deux-rangs-dore-perles-verre-turquoises-maille-serpent-collection-basic-delfine-bijoux.jpg\",\"datePublished\":\"2018-08-23T10:20:07+00:00\",\"dateModified\":\"2026-04-30T10:06:09+00:00\",\"breadcrumb\":{\"@id\":\"https:\\\/\\\/www.delfinebijoux.com\\\/bijoux\\\/collier\\\/basic-collier-deux-rangs-turquoise\\\/#breadcrumb\"},\"inLanguage\":\"en-GB\",\"potentialAction\":[{\"@type\":\"ReadAction\",\"target\":[\"https:\\\/\\\/www.delfinebijoux.com\\\/bijoux\\\/collier\\\/basic-collier-deux-rangs-turquoise\\\/\"]}]},{\"@type\":\"ImageObject\",\"inLanguage\":\"en-GB\",\"@id\":\"https:\\\/\\\/www.delfinebijoux.com\\\/bijoux\\\/collier\\\/basic-collier-deux-rangs-turquoise\\\/#primaryimage\",\"url\":\"https:\\\/\\\/www.delfinebijoux.com\\\/wp-content\\\/uploads\\\/2020\\\/08\\\/packshot-detail-collier-deux-rangs-dore-perles-verre-turquoises-maille-serpent-collection-basic-delfine-bijoux.jpg\",\"contentUrl\":\"https:\\\/\\\/www.delfinebijoux.com\\\/wp-content\\\/uploads\\\/2020\\\/08\\\/packshot-detail-collier-deux-rangs-dore-perles-verre-turquoises-maille-serpent-collection-basic-delfine-bijoux.jpg\",\"width\":500,\"height\":500,\"caption\":\"Collier double rangs dor\u00e9 a l'or 18 carats avec perles de verre japonaises turquoises. Packshot sur fond gris.\"},{\"@type\":\"BreadcrumbList\",\"@id\":\"https:\\\/\\\/www.delfinebijoux.com\\\/bijoux\\\/collier\\\/basic-collier-deux-rangs-turquoise\\\/#breadcrumb\",\"itemListElement\":[{\"@type\":\"ListItem\",\"position\":1,\"name\":\"Accueil\",\"item\":\"https:\\\/\\\/www.delfinebijoux.com\\\/\"},{\"@type\":\"ListItem\",\"position\":2,\"name\":\"Les Impertinents\",\"item\":\"https:\\\/\\\/www.delfinebijoux.com\\\/?page_id=5552\"},{\"@type\":\"ListItem\",\"position\":3,\"name\":\"BASIC Collier deux rangs Turquoise\"}]},{\"@type\":\"WebSite\",\"@id\":\"https:\\\/\\\/www.delfinebijoux.com\\\/#website\",\"url\":\"https:\\\/\\\/www.delfinebijoux.com\\\/\",\"name\":\"DelFine\",\"description\":\"Bijoux de cr\u00e9ateur fins et d\u00e9licats de fabrication fran\u00e7aise\",\"publisher\":{\"@id\":\"https:\\\/\\\/www.delfinebijoux.com\\\/#organization\"},\"potentialAction\":[{\"@type\":\"SearchAction\",\"target\":{\"@type\":\"EntryPoint\",\"urlTemplate\":\"https:\\\/\\\/www.delfinebijoux.com\\\/?s={search_term_string}\"},\"query-input\":{\"@type\":\"PropertyValueSpecification\",\"valueRequired\":true,\"valueName\":\"search_term_string\"}}],\"inLanguage\":\"en-GB\"},{\"@type\":\"Organization\",\"@id\":\"https:\\\/\\\/www.delfinebijoux.com\\\/#organization\",\"name\":\"DelFine\",\"url\":\"https:\\\/\\\/www.delfinebijoux.com\\\/\",\"logo\":{\"@type\":\"ImageObject\",\"inLanguage\":\"en-GB\",\"@id\":\"https:\\\/\\\/www.delfinebijoux.com\\\/#\\\/schema\\\/logo\\\/image\\\/\",\"url\":\"https:\\\/\\\/www.delfinebijoux.com\\\/wp-content\\\/uploads\\\/2024\\\/01\\\/Logo-blanc-1500px.jpg\",\"contentUrl\":\"https:\\\/\\\/www.delfinebijoux.com\\\/wp-content\\\/uploads\\\/2024\\\/01\\\/Logo-blanc-1500px.jpg\",\"width\":1500,\"height\":1500,\"caption\":\"DelFine\"},\"image\":{\"@id\":\"https:\\\/\\\/www.delfinebijoux.com\\\/#\\\/schema\\\/logo\\\/image\\\/\"},\"sameAs\":[\"https:\\\/\\\/www.facebook.com\\\/DelFinebijoux\",\"https:\\\/\\\/www.instagram.com\\\/delfine_bijoux\\\/\"]}]}<\/script>\n<!-- \/ Yoast SEO plugin. -->","yoast_head_json":{"title":"BASIC Collier deux rangs Turquoise - DelFine","robots":{"index":"index","follow":"follow","max-snippet":"max-snippet:-1","max-image-preview":"max-image-preview:large","max-video-preview":"max-video-preview:-1"},"canonical":"https:\/\/www.delfinebijoux.com\/en\/bijoux\/collier\/basic-collier-deux-rangs-turquoise\/","og_locale":"en_GB","og_type":"article","og_title":"BASIC Collier deux rangs Turquoise - DelFine","og_description":"BASIC, la collection qui se fait remarquer par sa simplicit\u00e9 et ses perles aux tons chauds.  Les mailles et appr\u00eats sont dor\u00e9s \u00e0 l'or fin. Perles de verre du Japon artisanales teint\u00e9es dans la masse, les perles resteront \u00e9clatantes. Longueur : 37 cm\u00a0\u00a0 Rallonge : 4 cm","og_url":"https:\/\/www.delfinebijoux.com\/en\/bijoux\/collier\/basic-collier-deux-rangs-turquoise\/","og_site_name":"DelFine","article_publisher":"https:\/\/www.facebook.com\/DelFinebijoux","article_modified_time":"2026-04-30T10:06:09+00:00","og_image":[{"width":500,"height":500,"url":"https:\/\/www.delfinebijoux.com\/wp-content\/uploads\/2020\/08\/packshot-detail-collier-deux-rangs-dore-perles-verre-turquoises-maille-serpent-collection-basic-delfine-bijoux.jpg","type":"image\/jpeg"}],"twitter_card":"summary_large_image","twitter_misc":{"Estimated reading time":"1 minute"},"schema":{"@context":"https:\/\/schema.org","@graph":[{"@type":"WebPage","@id":"https:\/\/www.delfinebijoux.com\/bijoux\/collier\/basic-collier-deux-rangs-turquoise\/","url":"https:\/\/www.delfinebijoux.com\/bijoux\/collier\/basic-collier-deux-rangs-turquoise\/","name":"BASIC Collier deux rangs Turquoise - DelFine","isPartOf":{"@id":"https:\/\/www.delfinebijoux.com\/#website"},"primaryImageOfPage":{"@id":"https:\/\/www.delfinebijoux.com\/bijoux\/collier\/basic-collier-deux-rangs-turquoise\/#primaryimage"},"image":{"@id":"https:\/\/www.delfinebijoux.com\/bijoux\/collier\/basic-collier-deux-rangs-turquoise\/#primaryimage"},"thumbnailUrl":"https:\/\/www.delfinebijoux.com\/wp-content\/uploads\/2020\/08\/packshot-detail-collier-deux-rangs-dore-perles-verre-turquoises-maille-serpent-collection-basic-delfine-bijoux.jpg","datePublished":"2018-08-23T10:20:07+00:00","dateModified":"2026-04-30T10:06:09+00:00","breadcrumb":{"@id":"https:\/\/www.delfinebijoux.com\/bijoux\/collier\/basic-collier-deux-rangs-turquoise\/#breadcrumb"},"inLanguage":"en-GB","potentialAction":[{"@type":"ReadAction","target":["https:\/\/www.delfinebijoux.com\/bijoux\/collier\/basic-collier-deux-rangs-turquoise\/"]}]},{"@type":"ImageObject","inLanguage":"en-GB","@id":"https:\/\/www.delfinebijoux.com\/bijoux\/collier\/basic-collier-deux-rangs-turquoise\/#primaryimage","url":"https:\/\/www.delfinebijoux.com\/wp-content\/uploads\/2020\/08\/packshot-detail-collier-deux-rangs-dore-perles-verre-turquoises-maille-serpent-collection-basic-delfine-bijoux.jpg","contentUrl":"https:\/\/www.delfinebijoux.com\/wp-content\/uploads\/2020\/08\/packshot-detail-collier-deux-rangs-dore-perles-verre-turquoises-maille-serpent-collection-basic-delfine-bijoux.jpg","width":500,"height":500,"caption":"Collier double rangs dor\u00e9 a l'or 18 carats avec perles de verre japonaises turquoises. Packshot sur fond gris."},{"@type":"BreadcrumbList","@id":"https:\/\/www.delfinebijoux.com\/bijoux\/collier\/basic-collier-deux-rangs-turquoise\/#breadcrumb","itemListElement":[{"@type":"ListItem","position":1,"name":"Accueil","item":"https:\/\/www.delfinebijoux.com\/"},{"@type":"ListItem","position":2,"name":"Les Impertinents","item":"https:\/\/www.delfinebijoux.com\/?page_id=5552"},{"@type":"ListItem","position":3,"name":"BASIC Collier deux rangs Turquoise"}]},{"@type":"WebSite","@id":"https:\/\/www.delfinebijoux.com\/#website","url":"https:\/\/www.delfinebijoux.com\/","name":"DelFine","description":"Fine, delicate designer jewellery made in France","publisher":{"@id":"https:\/\/www.delfinebijoux.com\/#organization"},"potentialAction":[{"@type":"SearchAction","target":{"@type":"EntryPoint","urlTemplate":"https:\/\/www.delfinebijoux.com\/?s={search_term_string}"},"query-input":{"@type":"PropertyValueSpecification","valueRequired":true,"valueName":"search_term_string"}}],"inLanguage":"en-GB"},{"@type":"Organization","@id":"https:\/\/www.delfinebijoux.com\/#organization","name":"DelFine","url":"https:\/\/www.delfinebijoux.com\/","logo":{"@type":"ImageObject","inLanguage":"en-GB","@id":"https:\/\/www.delfinebijoux.com\/#\/schema\/logo\/image\/","url":"https:\/\/www.delfinebijoux.com\/wp-content\/uploads\/2024\/01\/Logo-blanc-1500px.jpg","contentUrl":"https:\/\/www.delfinebijoux.com\/wp-content\/uploads\/2024\/01\/Logo-blanc-1500px.jpg","width":1500,"height":1500,"caption":"DelFine"},"image":{"@id":"https:\/\/www.delfinebijoux.com\/#\/schema\/logo\/image\/"},"sameAs":["https:\/\/www.facebook.com\/DelFinebijoux","https:\/\/www.instagram.com\/delfine_bijoux\/"]}]}},"_links":{"self":[{"href":"https:\/\/www.delfinebijoux.com\/en\/wp-json\/wp\/v2\/product\/9893","targetHints":{"allow":["GET"]}}],"collection":[{"href":"https:\/\/www.delfinebijoux.com\/en\/wp-json\/wp\/v2\/product"}],"about":[{"href":"https:\/\/www.delfinebijoux.com\/en\/wp-json\/wp\/v2\/types\/product"}],"replies":[{"embeddable":true,"href":"https:\/\/www.delfinebijoux.com\/en\/wp-json\/wp\/v2\/comments?post=9893"}],"wp:featuredmedia":[{"embeddable":true,"href":"https:\/\/www.delfinebijoux.com\/en\/wp-json\/wp\/v2\/media\/10064"}],"wp:attachment":[{"href":"https:\/\/www.delfinebijoux.com\/en\/wp-json\/wp\/v2\/media?parent=9893"}],"wp:term":[{"taxonomy":"product_brand","embeddable":true,"href":"https:\/\/www.delfinebijoux.com\/en\/wp-json\/wp\/v2\/product_brand?post=9893"},{"taxonomy":"product_cat","embeddable":true,"href":"https:\/\/www.delfinebijoux.com\/en\/wp-json\/wp\/v2\/product_cat?post=9893"},{"taxonomy":"product_tag","embeddable":true,"href":"https:\/\/www.delfinebijoux.com\/en\/wp-json\/wp\/v2\/product_tag?post=9893"}],"curies":[{"name":"wp","href":"https:\/\/api.w.org\/{rel}","templated":true}]}}