{"id":8423,"date":"2023-09-24T10:48:12","date_gmt":"2023-09-24T08:48:12","guid":{"rendered":"https:\/\/www.delfinebijoux.com\/?post_type=product&#038;p=8423"},"modified":"2025-11-04T10:41:02","modified_gmt":"2025-11-04T09:41:02","slug":"chiapas-creoles-m","status":"publish","type":"product","link":"https:\/\/www.delfinebijoux.com\/en\/bijoux\/boucle-oreilles\/creoles\/chiapas-creoles-m\/","title":{"rendered":"Creole CHIAPAS M"},"content":{"rendered":"","protected":false},"excerpt":{"rendered":"<p><span style=\"font-weight: 400;\">CHIAPAS... Green, turquoise, wild, intense, identity... Welcome to the jungle!<\/span><\/p>\n<p>Turquoise howlite and hematites<br \/>\nGold-plated hoop earrings<br \/>\nDiameter: 4cm<\/p>","protected":false},"featured_media":8417,"comment_status":"closed","ping_status":"closed","template":"","meta":{"_et_pb_use_builder":"","_et_pb_old_content":"","_et_gb_content_width":"","_exactmetrics_skip_tracking":false,"_exactmetrics_sitenote_active":false,"_exactmetrics_sitenote_note":"","_exactmetrics_sitenote_category":0},"product_brand":[443],"product_cat":[9,437,394],"product_tag":[],"class_list":{"0":"post-8423","1":"product","2":"type-product","3":"status-publish","4":"has-post-thumbnail","6":"product_brand-delfine-bijoux","7":"product_cat-boucle-oreilles","8":"product_cat-chiapas","9":"product_cat-creoles","11":"first","12":"instock","13":"shipping-taxable","14":"purchasable","15":"product-type-simple"},"yoast_head":"<!-- This site is optimized with the Yoast SEO plugin v27.4 - https:\/\/yoast.com\/product\/yoast-seo-wordpress\/ -->\n<title>CHIAPAS Cr\u00e9oles M - DelFine<\/title>\n<meta name=\"description\" content=\"CHIAPAS... Vert, turquoise, sauvage, intense, identitaire... Welcome to the jungle! Howlite turquoise et H\u00e9matites. Cr\u00e9oles plaqu\u00e9 or. Diam\u00e8tre : 4cm.\" \/>\n<meta name=\"robots\" content=\"index, follow, max-snippet:-1, max-image-preview:large, max-video-preview:-1\" \/>\n<link rel=\"canonical\" href=\"https:\/\/www.delfinebijoux.com\/en\/bijoux\/boucle-oreilles\/creoles\/chiapas-creoles-m\/\" \/>\n<meta property=\"og:locale\" content=\"en_GB\" \/>\n<meta property=\"og:type\" content=\"article\" \/>\n<meta property=\"og:title\" content=\"CHIAPAS Cr\u00e9oles M - DelFine\" \/>\n<meta property=\"og:description\" content=\"CHIAPAS... Vert, turquoise, sauvage, intense, identitaire... Welcome to the jungle! Howlite turquoise et H\u00e9matites. Cr\u00e9oles plaqu\u00e9 or. Diam\u00e8tre : 4cm.\" \/>\n<meta property=\"og:url\" content=\"https:\/\/www.delfinebijoux.com\/en\/bijoux\/boucle-oreilles\/creoles\/chiapas-creoles-m\/\" \/>\n<meta property=\"og:site_name\" content=\"DelFine\" \/>\n<meta property=\"article:publisher\" content=\"https:\/\/www.facebook.com\/DelFinebijoux\" \/>\n<meta property=\"article:modified_time\" content=\"2025-11-04T09:41:02+00:00\" \/>\n<meta property=\"og:image\" content=\"https:\/\/www.delfinebijoux.com\/wp-content\/uploads\/2023\/09\/CHIAPAS-CRM.jpg\" \/>\n\t<meta property=\"og:image:width\" content=\"1000\" \/>\n\t<meta property=\"og:image:height\" content=\"1000\" \/>\n\t<meta property=\"og:image:type\" content=\"image\/jpeg\" \/>\n<meta name=\"twitter:card\" content=\"summary_large_image\" \/>\n<meta name=\"twitter:label1\" content=\"Estimated reading time\" \/>\n\t<meta name=\"twitter:data1\" content=\"1 minute\" \/>\n<script type=\"application\/ld+json\" class=\"yoast-schema-graph\">{\"@context\":\"https:\\\/\\\/schema.org\",\"@graph\":[{\"@type\":\"WebPage\",\"@id\":\"https:\\\/\\\/www.delfinebijoux.com\\\/bijoux\\\/boucle-oreilles\\\/creoles\\\/chiapas-creoles-m\\\/\",\"url\":\"https:\\\/\\\/www.delfinebijoux.com\\\/bijoux\\\/boucle-oreilles\\\/creoles\\\/chiapas-creoles-m\\\/\",\"name\":\"CHIAPAS Cr\u00e9oles M - DelFine\",\"isPartOf\":{\"@id\":\"https:\\\/\\\/www.delfinebijoux.com\\\/#website\"},\"primaryImageOfPage\":{\"@id\":\"https:\\\/\\\/www.delfinebijoux.com\\\/bijoux\\\/boucle-oreilles\\\/creoles\\\/chiapas-creoles-m\\\/#primaryimage\"},\"image\":{\"@id\":\"https:\\\/\\\/www.delfinebijoux.com\\\/bijoux\\\/boucle-oreilles\\\/creoles\\\/chiapas-creoles-m\\\/#primaryimage\"},\"thumbnailUrl\":\"https:\\\/\\\/www.delfinebijoux.com\\\/wp-content\\\/uploads\\\/2023\\\/09\\\/CHIAPAS-CRM.jpg\",\"datePublished\":\"2023-09-24T08:48:12+00:00\",\"dateModified\":\"2025-11-04T09:41:02+00:00\",\"description\":\"CHIAPAS... Vert, turquoise, sauvage, intense, identitaire... Welcome to the jungle! Howlite turquoise et H\u00e9matites. Cr\u00e9oles plaqu\u00e9 or. Diam\u00e8tre : 4cm.\",\"breadcrumb\":{\"@id\":\"https:\\\/\\\/www.delfinebijoux.com\\\/bijoux\\\/boucle-oreilles\\\/creoles\\\/chiapas-creoles-m\\\/#breadcrumb\"},\"inLanguage\":\"en-GB\",\"potentialAction\":[{\"@type\":\"ReadAction\",\"target\":[\"https:\\\/\\\/www.delfinebijoux.com\\\/bijoux\\\/boucle-oreilles\\\/creoles\\\/chiapas-creoles-m\\\/\"]}]},{\"@type\":\"ImageObject\",\"inLanguage\":\"en-GB\",\"@id\":\"https:\\\/\\\/www.delfinebijoux.com\\\/bijoux\\\/boucle-oreilles\\\/creoles\\\/chiapas-creoles-m\\\/#primaryimage\",\"url\":\"https:\\\/\\\/www.delfinebijoux.com\\\/wp-content\\\/uploads\\\/2023\\\/09\\\/CHIAPAS-CRM.jpg\",\"contentUrl\":\"https:\\\/\\\/www.delfinebijoux.com\\\/wp-content\\\/uploads\\\/2023\\\/09\\\/CHIAPAS-CRM.jpg\",\"width\":1000,\"height\":1000},{\"@type\":\"BreadcrumbList\",\"@id\":\"https:\\\/\\\/www.delfinebijoux.com\\\/bijoux\\\/boucle-oreilles\\\/creoles\\\/chiapas-creoles-m\\\/#breadcrumb\",\"itemListElement\":[{\"@type\":\"ListItem\",\"position\":1,\"name\":\"Accueil\",\"item\":\"https:\\\/\\\/www.delfinebijoux.com\\\/\"},{\"@type\":\"ListItem\",\"position\":2,\"name\":\"Les Impertinents\",\"item\":\"https:\\\/\\\/www.delfinebijoux.com\\\/?page_id=5552\"},{\"@type\":\"ListItem\",\"position\":3,\"name\":\"CHIAPAS Cr\u00e9oles M\"}]},{\"@type\":\"WebSite\",\"@id\":\"https:\\\/\\\/www.delfinebijoux.com\\\/#website\",\"url\":\"https:\\\/\\\/www.delfinebijoux.com\\\/\",\"name\":\"DelFine\",\"description\":\"Bijoux de cr\u00e9ateur fins et d\u00e9licats de fabrication fran\u00e7aise\",\"publisher\":{\"@id\":\"https:\\\/\\\/www.delfinebijoux.com\\\/#organization\"},\"potentialAction\":[{\"@type\":\"SearchAction\",\"target\":{\"@type\":\"EntryPoint\",\"urlTemplate\":\"https:\\\/\\\/www.delfinebijoux.com\\\/?s={search_term_string}\"},\"query-input\":{\"@type\":\"PropertyValueSpecification\",\"valueRequired\":true,\"valueName\":\"search_term_string\"}}],\"inLanguage\":\"en-GB\"},{\"@type\":\"Organization\",\"@id\":\"https:\\\/\\\/www.delfinebijoux.com\\\/#organization\",\"name\":\"DelFine\",\"url\":\"https:\\\/\\\/www.delfinebijoux.com\\\/\",\"logo\":{\"@type\":\"ImageObject\",\"inLanguage\":\"en-GB\",\"@id\":\"https:\\\/\\\/www.delfinebijoux.com\\\/#\\\/schema\\\/logo\\\/image\\\/\",\"url\":\"https:\\\/\\\/www.delfinebijoux.com\\\/wp-content\\\/uploads\\\/2024\\\/01\\\/Logo-blanc-1500px.jpg\",\"contentUrl\":\"https:\\\/\\\/www.delfinebijoux.com\\\/wp-content\\\/uploads\\\/2024\\\/01\\\/Logo-blanc-1500px.jpg\",\"width\":1500,\"height\":1500,\"caption\":\"DelFine\"},\"image\":{\"@id\":\"https:\\\/\\\/www.delfinebijoux.com\\\/#\\\/schema\\\/logo\\\/image\\\/\"},\"sameAs\":[\"https:\\\/\\\/www.facebook.com\\\/DelFinebijoux\",\"https:\\\/\\\/www.instagram.com\\\/delfine_bijoux\\\/\"]}]}<\/script>\n<!-- \/ Yoast SEO plugin. -->","yoast_head_json":{"title":"CHIAPAS Cr\u00e9oles M - DelFine","description":"CHIAPAS... Vert, turquoise, sauvage, intense, identitaire... Welcome to the jungle! Howlite turquoise et H\u00e9matites. Cr\u00e9oles plaqu\u00e9 or. Diam\u00e8tre : 4cm.","robots":{"index":"index","follow":"follow","max-snippet":"max-snippet:-1","max-image-preview":"max-image-preview:large","max-video-preview":"max-video-preview:-1"},"canonical":"https:\/\/www.delfinebijoux.com\/en\/bijoux\/boucle-oreilles\/creoles\/chiapas-creoles-m\/","og_locale":"en_GB","og_type":"article","og_title":"CHIAPAS Cr\u00e9oles M - DelFine","og_description":"CHIAPAS... Vert, turquoise, sauvage, intense, identitaire... Welcome to the jungle! Howlite turquoise et H\u00e9matites. Cr\u00e9oles plaqu\u00e9 or. Diam\u00e8tre : 4cm.","og_url":"https:\/\/www.delfinebijoux.com\/en\/bijoux\/boucle-oreilles\/creoles\/chiapas-creoles-m\/","og_site_name":"DelFine","article_publisher":"https:\/\/www.facebook.com\/DelFinebijoux","article_modified_time":"2025-11-04T09:41:02+00:00","og_image":[{"width":1000,"height":1000,"url":"https:\/\/www.delfinebijoux.com\/wp-content\/uploads\/2023\/09\/CHIAPAS-CRM.jpg","type":"image\/jpeg"}],"twitter_card":"summary_large_image","twitter_misc":{"Estimated reading time":"1 minute"},"schema":{"@context":"https:\/\/schema.org","@graph":[{"@type":"WebPage","@id":"https:\/\/www.delfinebijoux.com\/bijoux\/boucle-oreilles\/creoles\/chiapas-creoles-m\/","url":"https:\/\/www.delfinebijoux.com\/bijoux\/boucle-oreilles\/creoles\/chiapas-creoles-m\/","name":"CHIAPAS Cr\u00e9oles M - DelFine","isPartOf":{"@id":"https:\/\/www.delfinebijoux.com\/#website"},"primaryImageOfPage":{"@id":"https:\/\/www.delfinebijoux.com\/bijoux\/boucle-oreilles\/creoles\/chiapas-creoles-m\/#primaryimage"},"image":{"@id":"https:\/\/www.delfinebijoux.com\/bijoux\/boucle-oreilles\/creoles\/chiapas-creoles-m\/#primaryimage"},"thumbnailUrl":"https:\/\/www.delfinebijoux.com\/wp-content\/uploads\/2023\/09\/CHIAPAS-CRM.jpg","datePublished":"2023-09-24T08:48:12+00:00","dateModified":"2025-11-04T09:41:02+00:00","description":"CHIAPAS... Vert, turquoise, sauvage, intense, identitaire... Welcome to the jungle! Howlite turquoise et H\u00e9matites. Cr\u00e9oles plaqu\u00e9 or. Diam\u00e8tre : 4cm.","breadcrumb":{"@id":"https:\/\/www.delfinebijoux.com\/bijoux\/boucle-oreilles\/creoles\/chiapas-creoles-m\/#breadcrumb"},"inLanguage":"en-GB","potentialAction":[{"@type":"ReadAction","target":["https:\/\/www.delfinebijoux.com\/bijoux\/boucle-oreilles\/creoles\/chiapas-creoles-m\/"]}]},{"@type":"ImageObject","inLanguage":"en-GB","@id":"https:\/\/www.delfinebijoux.com\/bijoux\/boucle-oreilles\/creoles\/chiapas-creoles-m\/#primaryimage","url":"https:\/\/www.delfinebijoux.com\/wp-content\/uploads\/2023\/09\/CHIAPAS-CRM.jpg","contentUrl":"https:\/\/www.delfinebijoux.com\/wp-content\/uploads\/2023\/09\/CHIAPAS-CRM.jpg","width":1000,"height":1000},{"@type":"BreadcrumbList","@id":"https:\/\/www.delfinebijoux.com\/bijoux\/boucle-oreilles\/creoles\/chiapas-creoles-m\/#breadcrumb","itemListElement":[{"@type":"ListItem","position":1,"name":"Accueil","item":"https:\/\/www.delfinebijoux.com\/"},{"@type":"ListItem","position":2,"name":"Les Impertinents","item":"https:\/\/www.delfinebijoux.com\/?page_id=5552"},{"@type":"ListItem","position":3,"name":"CHIAPAS Cr\u00e9oles M"}]},{"@type":"WebSite","@id":"https:\/\/www.delfinebijoux.com\/#website","url":"https:\/\/www.delfinebijoux.com\/","name":"DelFine","description":"Fine, delicate designer jewellery made in France","publisher":{"@id":"https:\/\/www.delfinebijoux.com\/#organization"},"potentialAction":[{"@type":"SearchAction","target":{"@type":"EntryPoint","urlTemplate":"https:\/\/www.delfinebijoux.com\/?s={search_term_string}"},"query-input":{"@type":"PropertyValueSpecification","valueRequired":true,"valueName":"search_term_string"}}],"inLanguage":"en-GB"},{"@type":"Organization","@id":"https:\/\/www.delfinebijoux.com\/#organization","name":"DelFine","url":"https:\/\/www.delfinebijoux.com\/","logo":{"@type":"ImageObject","inLanguage":"en-GB","@id":"https:\/\/www.delfinebijoux.com\/#\/schema\/logo\/image\/","url":"https:\/\/www.delfinebijoux.com\/wp-content\/uploads\/2024\/01\/Logo-blanc-1500px.jpg","contentUrl":"https:\/\/www.delfinebijoux.com\/wp-content\/uploads\/2024\/01\/Logo-blanc-1500px.jpg","width":1500,"height":1500,"caption":"DelFine"},"image":{"@id":"https:\/\/www.delfinebijoux.com\/#\/schema\/logo\/image\/"},"sameAs":["https:\/\/www.facebook.com\/DelFinebijoux","https:\/\/www.instagram.com\/delfine_bijoux\/"]}]}},"_links":{"self":[{"href":"https:\/\/www.delfinebijoux.com\/en\/wp-json\/wp\/v2\/product\/8423","targetHints":{"allow":["GET"]}}],"collection":[{"href":"https:\/\/www.delfinebijoux.com\/en\/wp-json\/wp\/v2\/product"}],"about":[{"href":"https:\/\/www.delfinebijoux.com\/en\/wp-json\/wp\/v2\/types\/product"}],"replies":[{"embeddable":true,"href":"https:\/\/www.delfinebijoux.com\/en\/wp-json\/wp\/v2\/comments?post=8423"}],"wp:featuredmedia":[{"embeddable":true,"href":"https:\/\/www.delfinebijoux.com\/en\/wp-json\/wp\/v2\/media\/8417"}],"wp:attachment":[{"href":"https:\/\/www.delfinebijoux.com\/en\/wp-json\/wp\/v2\/media?parent=8423"}],"wp:term":[{"taxonomy":"product_brand","embeddable":true,"href":"https:\/\/www.delfinebijoux.com\/en\/wp-json\/wp\/v2\/product_brand?post=8423"},{"taxonomy":"product_cat","embeddable":true,"href":"https:\/\/www.delfinebijoux.com\/en\/wp-json\/wp\/v2\/product_cat?post=8423"},{"taxonomy":"product_tag","embeddable":true,"href":"https:\/\/www.delfinebijoux.com\/en\/wp-json\/wp\/v2\/product_tag?post=8423"}],"curies":[{"name":"wp","href":"https:\/\/api.w.org\/{rel}","templated":true}]}}