{"id":8421,"date":"2023-09-24T10:47:13","date_gmt":"2023-09-24T08:47:13","guid":{"rendered":"https:\/\/www.delfinebijoux.com\/?post_type=product&#038;p=8421"},"modified":"2025-09-24T14:51:07","modified_gmt":"2025-09-24T12:51:07","slug":"acapulco-ras-de-cou","status":"publish","type":"product","link":"https:\/\/www.delfinebijoux.com\/en\/bijoux\/collier\/acapulco-ras-de-cou\/","title":{"rendered":"ACAPULCO Neck Ras"},"content":{"rendered":"","protected":false},"excerpt":{"rendered":"<p><span style=\"font-weight: 400;\">The ACAPULCO collection, with its luminous, sparkling blue and touches of gold, is a reminder of the colours of this sparkling, mythical bay...<\/span><\/p>\n<p>Apatites are semi-precious stones with different shades of blue. They are very luminous and sparkling stones.<br \/>\nKnitted choker for a perfect fit.<br \/>\nGold-plated washers and primers.<br \/>\nLength: 37cm Extension: 5cm<\/p>\n<p>APATITE is a stone linked to the throat chakra. It encourages self-expression, communication and listening.<\/p>","protected":false},"featured_media":9695,"comment_status":"closed","ping_status":"closed","template":"","meta":{"_et_pb_use_builder":"","_et_pb_old_content":"","_et_gb_content_width":"","_exactmetrics_skip_tracking":false,"_exactmetrics_sitenote_active":false,"_exactmetrics_sitenote_note":"","_exactmetrics_sitenote_category":0},"product_brand":[443],"product_cat":[438,8],"product_tag":[],"class_list":{"0":"post-8421","1":"product","2":"type-product","3":"status-publish","4":"has-post-thumbnail","6":"product_brand-delfine-bijoux","7":"product_cat-acapulco","8":"product_cat-collier","10":"first","11":"instock","12":"shipping-taxable","13":"purchasable","14":"product-type-simple"},"yoast_head":"<!-- This site is optimized with the Yoast SEO plugin v27.4 - https:\/\/yoast.com\/product\/yoast-seo-wordpress\/ -->\n<title>ACAPULCO Ras de cou - DelFine<\/title>\n<meta name=\"description\" content=\"La collection ACAPULCO avec son bleu lumineux et scintillant et ses touches d&#039;or nous rappelle les couleurs de cette baie \u00e9tincelante et mythique...\" \/>\n<meta name=\"robots\" content=\"index, follow, max-snippet:-1, max-image-preview:large, max-video-preview:-1\" \/>\n<link rel=\"canonical\" href=\"https:\/\/www.delfinebijoux.com\/en\/bijoux\/collier\/acapulco-ras-de-cou\/\" \/>\n<meta property=\"og:locale\" content=\"en_GB\" \/>\n<meta property=\"og:type\" content=\"article\" \/>\n<meta property=\"og:title\" content=\"ACAPULCO Ras de cou - DelFine\" \/>\n<meta property=\"og:description\" content=\"La collection ACAPULCO avec son bleu lumineux et scintillant et ses touches d&#039;or nous rappelle les couleurs de cette baie \u00e9tincelante et mythique...\" \/>\n<meta property=\"og:url\" content=\"https:\/\/www.delfinebijoux.com\/en\/bijoux\/collier\/acapulco-ras-de-cou\/\" \/>\n<meta property=\"og:site_name\" content=\"DelFine\" \/>\n<meta property=\"article:publisher\" content=\"https:\/\/www.facebook.com\/DelFinebijoux\" \/>\n<meta property=\"article:modified_time\" content=\"2025-09-24T12:51:07+00:00\" \/>\n<meta property=\"og:image\" content=\"https:\/\/www.delfinebijoux.com\/wp-content\/uploads\/2025\/05\/collier_perles_apatites_bleu_lumineux_disque_or_bijoux_delfine_ongles_vernis_rose-1.jpg\" \/>\n\t<meta property=\"og:image:width\" content=\"500\" \/>\n\t<meta property=\"og:image:height\" content=\"500\" \/>\n\t<meta property=\"og:image:type\" content=\"image\/jpeg\" \/>\n<meta name=\"twitter:card\" content=\"summary_large_image\" \/>\n<meta name=\"twitter:label1\" content=\"Estimated reading time\" \/>\n\t<meta name=\"twitter:data1\" content=\"1 minute\" \/>\n<script type=\"application\/ld+json\" class=\"yoast-schema-graph\">{\"@context\":\"https:\\\/\\\/schema.org\",\"@graph\":[{\"@type\":\"WebPage\",\"@id\":\"https:\\\/\\\/www.delfinebijoux.com\\\/bijoux\\\/collier\\\/acapulco-ras-de-cou\\\/\",\"url\":\"https:\\\/\\\/www.delfinebijoux.com\\\/bijoux\\\/collier\\\/acapulco-ras-de-cou\\\/\",\"name\":\"ACAPULCO Ras de cou - DelFine\",\"isPartOf\":{\"@id\":\"https:\\\/\\\/www.delfinebijoux.com\\\/#website\"},\"primaryImageOfPage\":{\"@id\":\"https:\\\/\\\/www.delfinebijoux.com\\\/bijoux\\\/collier\\\/acapulco-ras-de-cou\\\/#primaryimage\"},\"image\":{\"@id\":\"https:\\\/\\\/www.delfinebijoux.com\\\/bijoux\\\/collier\\\/acapulco-ras-de-cou\\\/#primaryimage\"},\"thumbnailUrl\":\"https:\\\/\\\/www.delfinebijoux.com\\\/wp-content\\\/uploads\\\/2025\\\/05\\\/collier_perles_apatites_bleu_lumineux_disque_or_bijoux_delfine_ongles_vernis_rose-1.jpg\",\"datePublished\":\"2023-09-24T08:47:13+00:00\",\"dateModified\":\"2025-09-24T12:51:07+00:00\",\"description\":\"La collection ACAPULCO avec son bleu lumineux et scintillant et ses touches d'or nous rappelle les couleurs de cette baie \u00e9tincelante et mythique...\",\"breadcrumb\":{\"@id\":\"https:\\\/\\\/www.delfinebijoux.com\\\/bijoux\\\/collier\\\/acapulco-ras-de-cou\\\/#breadcrumb\"},\"inLanguage\":\"en-GB\",\"potentialAction\":[{\"@type\":\"ReadAction\",\"target\":[\"https:\\\/\\\/www.delfinebijoux.com\\\/bijoux\\\/collier\\\/acapulco-ras-de-cou\\\/\"]}]},{\"@type\":\"ImageObject\",\"inLanguage\":\"en-GB\",\"@id\":\"https:\\\/\\\/www.delfinebijoux.com\\\/bijoux\\\/collier\\\/acapulco-ras-de-cou\\\/#primaryimage\",\"url\":\"https:\\\/\\\/www.delfinebijoux.com\\\/wp-content\\\/uploads\\\/2025\\\/05\\\/collier_perles_apatites_bleu_lumineux_disque_or_bijoux_delfine_ongles_vernis_rose-1.jpg\",\"contentUrl\":\"https:\\\/\\\/www.delfinebijoux.com\\\/wp-content\\\/uploads\\\/2025\\\/05\\\/collier_perles_apatites_bleu_lumineux_disque_or_bijoux_delfine_ongles_vernis_rose-1.jpg\",\"width\":500,\"height\":500,\"caption\":\"collier_perles_apatites_bleu_lumineux_disque_or_bijoux_delfine_ongles_vernis_rose\"},{\"@type\":\"BreadcrumbList\",\"@id\":\"https:\\\/\\\/www.delfinebijoux.com\\\/bijoux\\\/collier\\\/acapulco-ras-de-cou\\\/#breadcrumb\",\"itemListElement\":[{\"@type\":\"ListItem\",\"position\":1,\"name\":\"Accueil\",\"item\":\"https:\\\/\\\/www.delfinebijoux.com\\\/\"},{\"@type\":\"ListItem\",\"position\":2,\"name\":\"Les Impertinents\",\"item\":\"https:\\\/\\\/www.delfinebijoux.com\\\/?page_id=5552\"},{\"@type\":\"ListItem\",\"position\":3,\"name\":\"ACAPULCO Ras de cou\"}]},{\"@type\":\"WebSite\",\"@id\":\"https:\\\/\\\/www.delfinebijoux.com\\\/#website\",\"url\":\"https:\\\/\\\/www.delfinebijoux.com\\\/\",\"name\":\"DelFine\",\"description\":\"Bijoux de cr\u00e9ateur fins et d\u00e9licats de fabrication fran\u00e7aise\",\"publisher\":{\"@id\":\"https:\\\/\\\/www.delfinebijoux.com\\\/#organization\"},\"potentialAction\":[{\"@type\":\"SearchAction\",\"target\":{\"@type\":\"EntryPoint\",\"urlTemplate\":\"https:\\\/\\\/www.delfinebijoux.com\\\/?s={search_term_string}\"},\"query-input\":{\"@type\":\"PropertyValueSpecification\",\"valueRequired\":true,\"valueName\":\"search_term_string\"}}],\"inLanguage\":\"en-GB\"},{\"@type\":\"Organization\",\"@id\":\"https:\\\/\\\/www.delfinebijoux.com\\\/#organization\",\"name\":\"DelFine\",\"url\":\"https:\\\/\\\/www.delfinebijoux.com\\\/\",\"logo\":{\"@type\":\"ImageObject\",\"inLanguage\":\"en-GB\",\"@id\":\"https:\\\/\\\/www.delfinebijoux.com\\\/#\\\/schema\\\/logo\\\/image\\\/\",\"url\":\"https:\\\/\\\/www.delfinebijoux.com\\\/wp-content\\\/uploads\\\/2024\\\/01\\\/Logo-blanc-1500px.jpg\",\"contentUrl\":\"https:\\\/\\\/www.delfinebijoux.com\\\/wp-content\\\/uploads\\\/2024\\\/01\\\/Logo-blanc-1500px.jpg\",\"width\":1500,\"height\":1500,\"caption\":\"DelFine\"},\"image\":{\"@id\":\"https:\\\/\\\/www.delfinebijoux.com\\\/#\\\/schema\\\/logo\\\/image\\\/\"},\"sameAs\":[\"https:\\\/\\\/www.facebook.com\\\/DelFinebijoux\",\"https:\\\/\\\/www.instagram.com\\\/delfine_bijoux\\\/\"]}]}<\/script>\n<!-- \/ Yoast SEO plugin. -->","yoast_head_json":{"title":"ACAPULCO Ras de cou - DelFine","description":"La collection ACAPULCO avec son bleu lumineux et scintillant et ses touches d'or nous rappelle les couleurs de cette baie \u00e9tincelante et mythique...","robots":{"index":"index","follow":"follow","max-snippet":"max-snippet:-1","max-image-preview":"max-image-preview:large","max-video-preview":"max-video-preview:-1"},"canonical":"https:\/\/www.delfinebijoux.com\/en\/bijoux\/collier\/acapulco-ras-de-cou\/","og_locale":"en_GB","og_type":"article","og_title":"ACAPULCO Ras de cou - DelFine","og_description":"La collection ACAPULCO avec son bleu lumineux et scintillant et ses touches d'or nous rappelle les couleurs de cette baie \u00e9tincelante et mythique...","og_url":"https:\/\/www.delfinebijoux.com\/en\/bijoux\/collier\/acapulco-ras-de-cou\/","og_site_name":"DelFine","article_publisher":"https:\/\/www.facebook.com\/DelFinebijoux","article_modified_time":"2025-09-24T12:51:07+00:00","og_image":[{"width":500,"height":500,"url":"https:\/\/www.delfinebijoux.com\/wp-content\/uploads\/2025\/05\/collier_perles_apatites_bleu_lumineux_disque_or_bijoux_delfine_ongles_vernis_rose-1.jpg","type":"image\/jpeg"}],"twitter_card":"summary_large_image","twitter_misc":{"Estimated reading time":"1 minute"},"schema":{"@context":"https:\/\/schema.org","@graph":[{"@type":"WebPage","@id":"https:\/\/www.delfinebijoux.com\/bijoux\/collier\/acapulco-ras-de-cou\/","url":"https:\/\/www.delfinebijoux.com\/bijoux\/collier\/acapulco-ras-de-cou\/","name":"ACAPULCO Ras de cou - DelFine","isPartOf":{"@id":"https:\/\/www.delfinebijoux.com\/#website"},"primaryImageOfPage":{"@id":"https:\/\/www.delfinebijoux.com\/bijoux\/collier\/acapulco-ras-de-cou\/#primaryimage"},"image":{"@id":"https:\/\/www.delfinebijoux.com\/bijoux\/collier\/acapulco-ras-de-cou\/#primaryimage"},"thumbnailUrl":"https:\/\/www.delfinebijoux.com\/wp-content\/uploads\/2025\/05\/collier_perles_apatites_bleu_lumineux_disque_or_bijoux_delfine_ongles_vernis_rose-1.jpg","datePublished":"2023-09-24T08:47:13+00:00","dateModified":"2025-09-24T12:51:07+00:00","description":"La collection ACAPULCO avec son bleu lumineux et scintillant et ses touches d'or nous rappelle les couleurs de cette baie \u00e9tincelante et mythique...","breadcrumb":{"@id":"https:\/\/www.delfinebijoux.com\/bijoux\/collier\/acapulco-ras-de-cou\/#breadcrumb"},"inLanguage":"en-GB","potentialAction":[{"@type":"ReadAction","target":["https:\/\/www.delfinebijoux.com\/bijoux\/collier\/acapulco-ras-de-cou\/"]}]},{"@type":"ImageObject","inLanguage":"en-GB","@id":"https:\/\/www.delfinebijoux.com\/bijoux\/collier\/acapulco-ras-de-cou\/#primaryimage","url":"https:\/\/www.delfinebijoux.com\/wp-content\/uploads\/2025\/05\/collier_perles_apatites_bleu_lumineux_disque_or_bijoux_delfine_ongles_vernis_rose-1.jpg","contentUrl":"https:\/\/www.delfinebijoux.com\/wp-content\/uploads\/2025\/05\/collier_perles_apatites_bleu_lumineux_disque_or_bijoux_delfine_ongles_vernis_rose-1.jpg","width":500,"height":500,"caption":"collier_perles_apatites_bleu_lumineux_disque_or_bijoux_delfine_ongles_vernis_rose"},{"@type":"BreadcrumbList","@id":"https:\/\/www.delfinebijoux.com\/bijoux\/collier\/acapulco-ras-de-cou\/#breadcrumb","itemListElement":[{"@type":"ListItem","position":1,"name":"Accueil","item":"https:\/\/www.delfinebijoux.com\/"},{"@type":"ListItem","position":2,"name":"Les Impertinents","item":"https:\/\/www.delfinebijoux.com\/?page_id=5552"},{"@type":"ListItem","position":3,"name":"ACAPULCO Ras de cou"}]},{"@type":"WebSite","@id":"https:\/\/www.delfinebijoux.com\/#website","url":"https:\/\/www.delfinebijoux.com\/","name":"DelFine","description":"Fine, delicate designer jewellery made in France","publisher":{"@id":"https:\/\/www.delfinebijoux.com\/#organization"},"potentialAction":[{"@type":"SearchAction","target":{"@type":"EntryPoint","urlTemplate":"https:\/\/www.delfinebijoux.com\/?s={search_term_string}"},"query-input":{"@type":"PropertyValueSpecification","valueRequired":true,"valueName":"search_term_string"}}],"inLanguage":"en-GB"},{"@type":"Organization","@id":"https:\/\/www.delfinebijoux.com\/#organization","name":"DelFine","url":"https:\/\/www.delfinebijoux.com\/","logo":{"@type":"ImageObject","inLanguage":"en-GB","@id":"https:\/\/www.delfinebijoux.com\/#\/schema\/logo\/image\/","url":"https:\/\/www.delfinebijoux.com\/wp-content\/uploads\/2024\/01\/Logo-blanc-1500px.jpg","contentUrl":"https:\/\/www.delfinebijoux.com\/wp-content\/uploads\/2024\/01\/Logo-blanc-1500px.jpg","width":1500,"height":1500,"caption":"DelFine"},"image":{"@id":"https:\/\/www.delfinebijoux.com\/#\/schema\/logo\/image\/"},"sameAs":["https:\/\/www.facebook.com\/DelFinebijoux","https:\/\/www.instagram.com\/delfine_bijoux\/"]}]}},"_links":{"self":[{"href":"https:\/\/www.delfinebijoux.com\/en\/wp-json\/wp\/v2\/product\/8421","targetHints":{"allow":["GET"]}}],"collection":[{"href":"https:\/\/www.delfinebijoux.com\/en\/wp-json\/wp\/v2\/product"}],"about":[{"href":"https:\/\/www.delfinebijoux.com\/en\/wp-json\/wp\/v2\/types\/product"}],"replies":[{"embeddable":true,"href":"https:\/\/www.delfinebijoux.com\/en\/wp-json\/wp\/v2\/comments?post=8421"}],"wp:featuredmedia":[{"embeddable":true,"href":"https:\/\/www.delfinebijoux.com\/en\/wp-json\/wp\/v2\/media\/9695"}],"wp:attachment":[{"href":"https:\/\/www.delfinebijoux.com\/en\/wp-json\/wp\/v2\/media?parent=8421"}],"wp:term":[{"taxonomy":"product_brand","embeddable":true,"href":"https:\/\/www.delfinebijoux.com\/en\/wp-json\/wp\/v2\/product_brand?post=8421"},{"taxonomy":"product_cat","embeddable":true,"href":"https:\/\/www.delfinebijoux.com\/en\/wp-json\/wp\/v2\/product_cat?post=8421"},{"taxonomy":"product_tag","embeddable":true,"href":"https:\/\/www.delfinebijoux.com\/en\/wp-json\/wp\/v2\/product_tag?post=8421"}],"curies":[{"name":"wp","href":"https:\/\/api.w.org\/{rel}","templated":true}]}}