{"id":8410,"date":"2023-09-24T10:42:38","date_gmt":"2023-09-24T08:42:38","guid":{"rendered":"https:\/\/www.delfinebijoux.com\/?post_type=product&#038;p=8410"},"modified":"2025-09-24T14:11:15","modified_gmt":"2025-09-24T12:11:15","slug":"acapulco-boucles-d-oreilles","status":"publish","type":"product","link":"https:\/\/www.delfinebijoux.com\/en\/bijoux\/crazy\/acapulco-boucles-d-oreilles\/","title":{"rendered":"ACAPULCO Earrings"},"content":{"rendered":"","protected":false},"excerpt":{"rendered":"<p><span style=\"font-weight: 400;\">The ACAPULCO collection, with its luminous, sparkling blue and touches of gold, is a reminder of the colours of this sparkling, mythical bay...<\/span><\/p>\n<p>Apatites. Semi-precious stones with different shades of blue. Very luminous and sparkling stones.<br \/>\nGold-plated mesh and primers.<br \/>\nLength: 7cm<br \/>\nSold in pairs.<\/p>\n<p>APATITE is a stone linked to the throat chakra. It encourages self-expression, communication and listening.<\/p>","protected":false},"featured_media":8439,"comment_status":"closed","ping_status":"closed","template":"","meta":{"_et_pb_use_builder":"","_et_pb_old_content":"","_et_gb_content_width":"","_exactmetrics_skip_tracking":false,"_exactmetrics_sitenote_active":false,"_exactmetrics_sitenote_note":"","_exactmetrics_sitenote_category":0},"product_brand":[443],"product_cat":[386],"product_tag":[],"class_list":{"0":"post-8410","1":"product","2":"type-product","3":"status-publish","4":"has-post-thumbnail","6":"product_brand-delfine-bijoux","7":"product_cat-crazy","9":"first","10":"instock","11":"sale","12":"shipping-taxable","13":"purchasable","14":"product-type-simple"},"yoast_head":"<!-- This site is optimized with the Yoast SEO plugin v27.4 - https:\/\/yoast.com\/product\/yoast-seo-wordpress\/ -->\n<title>ACAPULCO Boucles d&#039;oreilles - DelFine<\/title>\n<meta name=\"description\" content=\"La collection ACAPULCO avec son bleu lumineux et scintillant et ses touches d&#039;or nous rappelle les couleurs de cette baie \u00e9tincelante et mythique...\" \/>\n<meta name=\"robots\" content=\"index, follow, max-snippet:-1, max-image-preview:large, max-video-preview:-1\" \/>\n<link rel=\"canonical\" href=\"https:\/\/www.delfinebijoux.com\/en\/bijoux\/crazy\/acapulco-boucles-d-oreilles\/\" \/>\n<meta property=\"og:locale\" content=\"en_GB\" \/>\n<meta property=\"og:type\" content=\"article\" \/>\n<meta property=\"og:title\" content=\"ACAPULCO Boucles d&#039;oreilles - DelFine\" \/>\n<meta property=\"og:description\" content=\"La collection ACAPULCO avec son bleu lumineux et scintillant et ses touches d&#039;or nous rappelle les couleurs de cette baie \u00e9tincelante et mythique...\" \/>\n<meta property=\"og:url\" content=\"https:\/\/www.delfinebijoux.com\/en\/bijoux\/crazy\/acapulco-boucles-d-oreilles\/\" \/>\n<meta property=\"og:site_name\" content=\"DelFine\" \/>\n<meta property=\"article:publisher\" content=\"https:\/\/www.facebook.com\/DelFinebijoux\" \/>\n<meta property=\"article:modified_time\" content=\"2025-09-24T12:11:15+00:00\" \/>\n<meta property=\"og:image\" content=\"https:\/\/www.delfinebijoux.com\/wp-content\/uploads\/2023\/09\/ACAPULCO-BO-2.jpg\" \/>\n\t<meta property=\"og:image:width\" content=\"1000\" \/>\n\t<meta property=\"og:image:height\" content=\"1000\" \/>\n\t<meta property=\"og:image:type\" content=\"image\/jpeg\" \/>\n<meta name=\"twitter:card\" content=\"summary_large_image\" \/>\n<meta name=\"twitter:label1\" content=\"Estimated reading time\" \/>\n\t<meta name=\"twitter:data1\" content=\"1 minute\" \/>\n<script type=\"application\/ld+json\" class=\"yoast-schema-graph\">{\"@context\":\"https:\\\/\\\/schema.org\",\"@graph\":[{\"@type\":\"WebPage\",\"@id\":\"https:\\\/\\\/www.delfinebijoux.com\\\/bijoux\\\/crazy\\\/acapulco-boucles-d-oreilles\\\/\",\"url\":\"https:\\\/\\\/www.delfinebijoux.com\\\/bijoux\\\/crazy\\\/acapulco-boucles-d-oreilles\\\/\",\"name\":\"ACAPULCO Boucles d'oreilles - DelFine\",\"isPartOf\":{\"@id\":\"https:\\\/\\\/www.delfinebijoux.com\\\/#website\"},\"primaryImageOfPage\":{\"@id\":\"https:\\\/\\\/www.delfinebijoux.com\\\/bijoux\\\/crazy\\\/acapulco-boucles-d-oreilles\\\/#primaryimage\"},\"image\":{\"@id\":\"https:\\\/\\\/www.delfinebijoux.com\\\/bijoux\\\/crazy\\\/acapulco-boucles-d-oreilles\\\/#primaryimage\"},\"thumbnailUrl\":\"https:\\\/\\\/www.delfinebijoux.com\\\/wp-content\\\/uploads\\\/2023\\\/09\\\/ACAPULCO-BO-2.jpg\",\"datePublished\":\"2023-09-24T08:42:38+00:00\",\"dateModified\":\"2025-09-24T12:11:15+00:00\",\"description\":\"La collection ACAPULCO avec son bleu lumineux et scintillant et ses touches d'or nous rappelle les couleurs de cette baie \u00e9tincelante et mythique...\",\"breadcrumb\":{\"@id\":\"https:\\\/\\\/www.delfinebijoux.com\\\/bijoux\\\/crazy\\\/acapulco-boucles-d-oreilles\\\/#breadcrumb\"},\"inLanguage\":\"en-GB\",\"potentialAction\":[{\"@type\":\"ReadAction\",\"target\":[\"https:\\\/\\\/www.delfinebijoux.com\\\/bijoux\\\/crazy\\\/acapulco-boucles-d-oreilles\\\/\"]}]},{\"@type\":\"ImageObject\",\"inLanguage\":\"en-GB\",\"@id\":\"https:\\\/\\\/www.delfinebijoux.com\\\/bijoux\\\/crazy\\\/acapulco-boucles-d-oreilles\\\/#primaryimage\",\"url\":\"https:\\\/\\\/www.delfinebijoux.com\\\/wp-content\\\/uploads\\\/2023\\\/09\\\/ACAPULCO-BO-2.jpg\",\"contentUrl\":\"https:\\\/\\\/www.delfinebijoux.com\\\/wp-content\\\/uploads\\\/2023\\\/09\\\/ACAPULCO-BO-2.jpg\",\"width\":1000,\"height\":1000},{\"@type\":\"BreadcrumbList\",\"@id\":\"https:\\\/\\\/www.delfinebijoux.com\\\/bijoux\\\/crazy\\\/acapulco-boucles-d-oreilles\\\/#breadcrumb\",\"itemListElement\":[{\"@type\":\"ListItem\",\"position\":1,\"name\":\"Accueil\",\"item\":\"https:\\\/\\\/www.delfinebijoux.com\\\/\"},{\"@type\":\"ListItem\",\"position\":2,\"name\":\"Les Impertinents\",\"item\":\"https:\\\/\\\/www.delfinebijoux.com\\\/?page_id=5552\"},{\"@type\":\"ListItem\",\"position\":3,\"name\":\"ACAPULCO Boucles d&rsquo;oreilles\"}]},{\"@type\":\"WebSite\",\"@id\":\"https:\\\/\\\/www.delfinebijoux.com\\\/#website\",\"url\":\"https:\\\/\\\/www.delfinebijoux.com\\\/\",\"name\":\"DelFine\",\"description\":\"Bijoux de cr\u00e9ateur fins et d\u00e9licats de fabrication fran\u00e7aise\",\"publisher\":{\"@id\":\"https:\\\/\\\/www.delfinebijoux.com\\\/#organization\"},\"potentialAction\":[{\"@type\":\"SearchAction\",\"target\":{\"@type\":\"EntryPoint\",\"urlTemplate\":\"https:\\\/\\\/www.delfinebijoux.com\\\/?s={search_term_string}\"},\"query-input\":{\"@type\":\"PropertyValueSpecification\",\"valueRequired\":true,\"valueName\":\"search_term_string\"}}],\"inLanguage\":\"en-GB\"},{\"@type\":\"Organization\",\"@id\":\"https:\\\/\\\/www.delfinebijoux.com\\\/#organization\",\"name\":\"DelFine\",\"url\":\"https:\\\/\\\/www.delfinebijoux.com\\\/\",\"logo\":{\"@type\":\"ImageObject\",\"inLanguage\":\"en-GB\",\"@id\":\"https:\\\/\\\/www.delfinebijoux.com\\\/#\\\/schema\\\/logo\\\/image\\\/\",\"url\":\"https:\\\/\\\/www.delfinebijoux.com\\\/wp-content\\\/uploads\\\/2024\\\/01\\\/Logo-blanc-1500px.jpg\",\"contentUrl\":\"https:\\\/\\\/www.delfinebijoux.com\\\/wp-content\\\/uploads\\\/2024\\\/01\\\/Logo-blanc-1500px.jpg\",\"width\":1500,\"height\":1500,\"caption\":\"DelFine\"},\"image\":{\"@id\":\"https:\\\/\\\/www.delfinebijoux.com\\\/#\\\/schema\\\/logo\\\/image\\\/\"},\"sameAs\":[\"https:\\\/\\\/www.facebook.com\\\/DelFinebijoux\",\"https:\\\/\\\/www.instagram.com\\\/delfine_bijoux\\\/\"]}]}<\/script>\n<!-- \/ Yoast SEO plugin. -->","yoast_head_json":{"title":"ACAPULCO Boucles d'oreilles - DelFine","description":"La collection ACAPULCO avec son bleu lumineux et scintillant et ses touches d'or nous rappelle les couleurs de cette baie \u00e9tincelante et mythique...","robots":{"index":"index","follow":"follow","max-snippet":"max-snippet:-1","max-image-preview":"max-image-preview:large","max-video-preview":"max-video-preview:-1"},"canonical":"https:\/\/www.delfinebijoux.com\/en\/bijoux\/crazy\/acapulco-boucles-d-oreilles\/","og_locale":"en_GB","og_type":"article","og_title":"ACAPULCO Boucles d'oreilles - DelFine","og_description":"La collection ACAPULCO avec son bleu lumineux et scintillant et ses touches d'or nous rappelle les couleurs de cette baie \u00e9tincelante et mythique...","og_url":"https:\/\/www.delfinebijoux.com\/en\/bijoux\/crazy\/acapulco-boucles-d-oreilles\/","og_site_name":"DelFine","article_publisher":"https:\/\/www.facebook.com\/DelFinebijoux","article_modified_time":"2025-09-24T12:11:15+00:00","og_image":[{"width":1000,"height":1000,"url":"https:\/\/www.delfinebijoux.com\/wp-content\/uploads\/2023\/09\/ACAPULCO-BO-2.jpg","type":"image\/jpeg"}],"twitter_card":"summary_large_image","twitter_misc":{"Estimated reading time":"1 minute"},"schema":{"@context":"https:\/\/schema.org","@graph":[{"@type":"WebPage","@id":"https:\/\/www.delfinebijoux.com\/bijoux\/crazy\/acapulco-boucles-d-oreilles\/","url":"https:\/\/www.delfinebijoux.com\/bijoux\/crazy\/acapulco-boucles-d-oreilles\/","name":"ACAPULCO Boucles d'oreilles - DelFine","isPartOf":{"@id":"https:\/\/www.delfinebijoux.com\/#website"},"primaryImageOfPage":{"@id":"https:\/\/www.delfinebijoux.com\/bijoux\/crazy\/acapulco-boucles-d-oreilles\/#primaryimage"},"image":{"@id":"https:\/\/www.delfinebijoux.com\/bijoux\/crazy\/acapulco-boucles-d-oreilles\/#primaryimage"},"thumbnailUrl":"https:\/\/www.delfinebijoux.com\/wp-content\/uploads\/2023\/09\/ACAPULCO-BO-2.jpg","datePublished":"2023-09-24T08:42:38+00:00","dateModified":"2025-09-24T12:11:15+00:00","description":"La collection ACAPULCO avec son bleu lumineux et scintillant et ses touches d'or nous rappelle les couleurs de cette baie \u00e9tincelante et mythique...","breadcrumb":{"@id":"https:\/\/www.delfinebijoux.com\/bijoux\/crazy\/acapulco-boucles-d-oreilles\/#breadcrumb"},"inLanguage":"en-GB","potentialAction":[{"@type":"ReadAction","target":["https:\/\/www.delfinebijoux.com\/bijoux\/crazy\/acapulco-boucles-d-oreilles\/"]}]},{"@type":"ImageObject","inLanguage":"en-GB","@id":"https:\/\/www.delfinebijoux.com\/bijoux\/crazy\/acapulco-boucles-d-oreilles\/#primaryimage","url":"https:\/\/www.delfinebijoux.com\/wp-content\/uploads\/2023\/09\/ACAPULCO-BO-2.jpg","contentUrl":"https:\/\/www.delfinebijoux.com\/wp-content\/uploads\/2023\/09\/ACAPULCO-BO-2.jpg","width":1000,"height":1000},{"@type":"BreadcrumbList","@id":"https:\/\/www.delfinebijoux.com\/bijoux\/crazy\/acapulco-boucles-d-oreilles\/#breadcrumb","itemListElement":[{"@type":"ListItem","position":1,"name":"Accueil","item":"https:\/\/www.delfinebijoux.com\/"},{"@type":"ListItem","position":2,"name":"Les Impertinents","item":"https:\/\/www.delfinebijoux.com\/?page_id=5552"},{"@type":"ListItem","position":3,"name":"ACAPULCO Boucles d&rsquo;oreilles"}]},{"@type":"WebSite","@id":"https:\/\/www.delfinebijoux.com\/#website","url":"https:\/\/www.delfinebijoux.com\/","name":"DelFine","description":"Fine, delicate designer jewellery made in France","publisher":{"@id":"https:\/\/www.delfinebijoux.com\/#organization"},"potentialAction":[{"@type":"SearchAction","target":{"@type":"EntryPoint","urlTemplate":"https:\/\/www.delfinebijoux.com\/?s={search_term_string}"},"query-input":{"@type":"PropertyValueSpecification","valueRequired":true,"valueName":"search_term_string"}}],"inLanguage":"en-GB"},{"@type":"Organization","@id":"https:\/\/www.delfinebijoux.com\/#organization","name":"DelFine","url":"https:\/\/www.delfinebijoux.com\/","logo":{"@type":"ImageObject","inLanguage":"en-GB","@id":"https:\/\/www.delfinebijoux.com\/#\/schema\/logo\/image\/","url":"https:\/\/www.delfinebijoux.com\/wp-content\/uploads\/2024\/01\/Logo-blanc-1500px.jpg","contentUrl":"https:\/\/www.delfinebijoux.com\/wp-content\/uploads\/2024\/01\/Logo-blanc-1500px.jpg","width":1500,"height":1500,"caption":"DelFine"},"image":{"@id":"https:\/\/www.delfinebijoux.com\/#\/schema\/logo\/image\/"},"sameAs":["https:\/\/www.facebook.com\/DelFinebijoux","https:\/\/www.instagram.com\/delfine_bijoux\/"]}]}},"_links":{"self":[{"href":"https:\/\/www.delfinebijoux.com\/en\/wp-json\/wp\/v2\/product\/8410","targetHints":{"allow":["GET"]}}],"collection":[{"href":"https:\/\/www.delfinebijoux.com\/en\/wp-json\/wp\/v2\/product"}],"about":[{"href":"https:\/\/www.delfinebijoux.com\/en\/wp-json\/wp\/v2\/types\/product"}],"replies":[{"embeddable":true,"href":"https:\/\/www.delfinebijoux.com\/en\/wp-json\/wp\/v2\/comments?post=8410"}],"wp:featuredmedia":[{"embeddable":true,"href":"https:\/\/www.delfinebijoux.com\/en\/wp-json\/wp\/v2\/media\/8439"}],"wp:attachment":[{"href":"https:\/\/www.delfinebijoux.com\/en\/wp-json\/wp\/v2\/media?parent=8410"}],"wp:term":[{"taxonomy":"product_brand","embeddable":true,"href":"https:\/\/www.delfinebijoux.com\/en\/wp-json\/wp\/v2\/product_brand?post=8410"},{"taxonomy":"product_cat","embeddable":true,"href":"https:\/\/www.delfinebijoux.com\/en\/wp-json\/wp\/v2\/product_cat?post=8410"},{"taxonomy":"product_tag","embeddable":true,"href":"https:\/\/www.delfinebijoux.com\/en\/wp-json\/wp\/v2\/product_tag?post=8410"}],"curies":[{"name":"wp","href":"https:\/\/api.w.org\/{rel}","templated":true}]}}