{"id":7468,"date":"2021-10-24T00:23:51","date_gmt":"2021-10-23T22:23:51","guid":{"rendered":"https:\/\/www.delfinebijoux.com\/?post_type=product&#038;p=7468"},"modified":"2025-11-28T14:14:02","modified_gmt":"2025-11-28T13:14:02","slug":"collier-3-rangs-wild","status":"publish","type":"product","link":"https:\/\/www.delfinebijoux.com\/en\/bijoux\/collier\/collier-3-rangs-wild\/","title":{"rendered":"3-row necklace WILD"},"content":{"rendered":"","protected":false},"excerpt":{"rendered":"<p>There's a sparkle on every side with the WILD collection and its silver haematite mixed with the gold of the knitwear that snakes across the skin...<\/p>\n<p>The links, charms and finishes are gilded with 24-carat fine gold.<br \/>\nHematite beads<br \/>\nLength: 44 cm Extension: 10 cm<\/p>\n<p>**The long extension allows you to vary the length effects.<\/p>","protected":false},"featured_media":9946,"comment_status":"open","ping_status":"closed","template":"","meta":{"_et_pb_use_builder":"","_et_pb_old_content":"","_et_gb_content_width":"","_exactmetrics_skip_tracking":false,"_exactmetrics_sitenote_active":false,"_exactmetrics_sitenote_note":"","_exactmetrics_sitenote_category":0},"product_brand":[443],"product_cat":[8,420],"product_tag":[],"class_list":{"0":"post-7468","1":"product","2":"type-product","3":"status-publish","4":"has-post-thumbnail","6":"product_brand-delfine-bijoux","7":"product_cat-collier","8":"product_cat-wild","10":"first","11":"instock","12":"featured","13":"shipping-taxable","14":"purchasable","15":"product-type-simple"},"yoast_head":"<!-- This site is optimized with the Yoast SEO plugin v27.4 - https:\/\/yoast.com\/product\/yoast-seo-wordpress\/ -->\n<title>Collier 3 rangs WILD - DelFine<\/title>\n<meta name=\"robots\" content=\"index, follow, max-snippet:-1, max-image-preview:large, max-video-preview:-1\" \/>\n<link rel=\"canonical\" href=\"https:\/\/www.delfinebijoux.com\/en\/bijoux\/collier\/collier-3-rangs-wild\/\" \/>\n<meta property=\"og:locale\" content=\"en_GB\" \/>\n<meta property=\"og:type\" content=\"article\" \/>\n<meta property=\"og:title\" content=\"Collier 3 rangs WILD - DelFine\" \/>\n<meta property=\"og:description\" content=\"\u00c7a scintille de tous les c\u00f4t\u00e9s avec la collection WILD et ses h\u00e9matites argent\u00e9es m\u00eal\u00e9es au dor\u00e9 de la maille qui serpente sur la peau...  Les mailles, breloques et appr\u00eats sont dor\u00e9s \u00e0 l&#039;or fin 24 carats. Perles en h\u00e9matites Longueur : 44 cm\u00a0 \u00a0 \u00a0Rallonge : 10 cm  **La longue rallonge permet de varier les effets de longueur\" \/>\n<meta property=\"og:url\" content=\"https:\/\/www.delfinebijoux.com\/en\/bijoux\/collier\/collier-3-rangs-wild\/\" \/>\n<meta property=\"og:site_name\" content=\"DelFine\" \/>\n<meta property=\"article:publisher\" content=\"https:\/\/www.facebook.com\/DelFinebijoux\" \/>\n<meta property=\"article:modified_time\" content=\"2025-11-28T13:14:02+00:00\" \/>\n<meta property=\"og:image\" content=\"https:\/\/www.delfinebijoux.com\/wp-content\/uploads\/2021\/10\/delfine_bijoux_collection_wild_collier_trois_rangs_or_hematites_sexy_sauvage_jungle_tendance_mode_2.jpg\" \/>\n\t<meta property=\"og:image:width\" content=\"500\" \/>\n\t<meta property=\"og:image:height\" content=\"500\" \/>\n\t<meta property=\"og:image:type\" content=\"image\/jpeg\" \/>\n<meta name=\"twitter:card\" content=\"summary_large_image\" \/>\n<meta name=\"twitter:label1\" content=\"Estimated reading time\" \/>\n\t<meta name=\"twitter:data1\" content=\"1 minute\" \/>\n<script type=\"application\/ld+json\" class=\"yoast-schema-graph\">{\"@context\":\"https:\\\/\\\/schema.org\",\"@graph\":[{\"@type\":\"WebPage\",\"@id\":\"https:\\\/\\\/www.delfinebijoux.com\\\/bijoux\\\/collier\\\/collier-3-rangs-wild\\\/\",\"url\":\"https:\\\/\\\/www.delfinebijoux.com\\\/bijoux\\\/collier\\\/collier-3-rangs-wild\\\/\",\"name\":\"Collier 3 rangs WILD - DelFine\",\"isPartOf\":{\"@id\":\"https:\\\/\\\/www.delfinebijoux.com\\\/#website\"},\"primaryImageOfPage\":{\"@id\":\"https:\\\/\\\/www.delfinebijoux.com\\\/bijoux\\\/collier\\\/collier-3-rangs-wild\\\/#primaryimage\"},\"image\":{\"@id\":\"https:\\\/\\\/www.delfinebijoux.com\\\/bijoux\\\/collier\\\/collier-3-rangs-wild\\\/#primaryimage\"},\"thumbnailUrl\":\"https:\\\/\\\/www.delfinebijoux.com\\\/wp-content\\\/uploads\\\/2021\\\/10\\\/delfine_bijoux_collection_wild_collier_trois_rangs_or_hematites_sexy_sauvage_jungle_tendance_mode_2.jpg\",\"datePublished\":\"2021-10-23T22:23:51+00:00\",\"dateModified\":\"2025-11-28T13:14:02+00:00\",\"breadcrumb\":{\"@id\":\"https:\\\/\\\/www.delfinebijoux.com\\\/bijoux\\\/collier\\\/collier-3-rangs-wild\\\/#breadcrumb\"},\"inLanguage\":\"en-GB\",\"potentialAction\":[{\"@type\":\"ReadAction\",\"target\":[\"https:\\\/\\\/www.delfinebijoux.com\\\/bijoux\\\/collier\\\/collier-3-rangs-wild\\\/\"]}]},{\"@type\":\"ImageObject\",\"inLanguage\":\"en-GB\",\"@id\":\"https:\\\/\\\/www.delfinebijoux.com\\\/bijoux\\\/collier\\\/collier-3-rangs-wild\\\/#primaryimage\",\"url\":\"https:\\\/\\\/www.delfinebijoux.com\\\/wp-content\\\/uploads\\\/2021\\\/10\\\/delfine_bijoux_collection_wild_collier_trois_rangs_or_hematites_sexy_sauvage_jungle_tendance_mode_2.jpg\",\"contentUrl\":\"https:\\\/\\\/www.delfinebijoux.com\\\/wp-content\\\/uploads\\\/2021\\\/10\\\/delfine_bijoux_collection_wild_collier_trois_rangs_or_hematites_sexy_sauvage_jungle_tendance_mode_2.jpg\",\"width\":500,\"height\":500,\"caption\":\"delfine_bijoux_collection_wild_collier_trois_rangs_or_hematites_sexy_sauvage_jungle_tendance_mode\"},{\"@type\":\"BreadcrumbList\",\"@id\":\"https:\\\/\\\/www.delfinebijoux.com\\\/bijoux\\\/collier\\\/collier-3-rangs-wild\\\/#breadcrumb\",\"itemListElement\":[{\"@type\":\"ListItem\",\"position\":1,\"name\":\"Accueil\",\"item\":\"https:\\\/\\\/www.delfinebijoux.com\\\/\"},{\"@type\":\"ListItem\",\"position\":2,\"name\":\"Les Impertinents\",\"item\":\"https:\\\/\\\/www.delfinebijoux.com\\\/?page_id=5552\"},{\"@type\":\"ListItem\",\"position\":3,\"name\":\"Collier 3 rangs WILD\"}]},{\"@type\":\"WebSite\",\"@id\":\"https:\\\/\\\/www.delfinebijoux.com\\\/#website\",\"url\":\"https:\\\/\\\/www.delfinebijoux.com\\\/\",\"name\":\"DelFine\",\"description\":\"Bijoux de cr\u00e9ateur fins et d\u00e9licats de fabrication fran\u00e7aise\",\"publisher\":{\"@id\":\"https:\\\/\\\/www.delfinebijoux.com\\\/#organization\"},\"potentialAction\":[{\"@type\":\"SearchAction\",\"target\":{\"@type\":\"EntryPoint\",\"urlTemplate\":\"https:\\\/\\\/www.delfinebijoux.com\\\/?s={search_term_string}\"},\"query-input\":{\"@type\":\"PropertyValueSpecification\",\"valueRequired\":true,\"valueName\":\"search_term_string\"}}],\"inLanguage\":\"en-GB\"},{\"@type\":\"Organization\",\"@id\":\"https:\\\/\\\/www.delfinebijoux.com\\\/#organization\",\"name\":\"DelFine\",\"url\":\"https:\\\/\\\/www.delfinebijoux.com\\\/\",\"logo\":{\"@type\":\"ImageObject\",\"inLanguage\":\"en-GB\",\"@id\":\"https:\\\/\\\/www.delfinebijoux.com\\\/#\\\/schema\\\/logo\\\/image\\\/\",\"url\":\"https:\\\/\\\/www.delfinebijoux.com\\\/wp-content\\\/uploads\\\/2024\\\/01\\\/Logo-blanc-1500px.jpg\",\"contentUrl\":\"https:\\\/\\\/www.delfinebijoux.com\\\/wp-content\\\/uploads\\\/2024\\\/01\\\/Logo-blanc-1500px.jpg\",\"width\":1500,\"height\":1500,\"caption\":\"DelFine\"},\"image\":{\"@id\":\"https:\\\/\\\/www.delfinebijoux.com\\\/#\\\/schema\\\/logo\\\/image\\\/\"},\"sameAs\":[\"https:\\\/\\\/www.facebook.com\\\/DelFinebijoux\",\"https:\\\/\\\/www.instagram.com\\\/delfine_bijoux\\\/\"]}]}<\/script>\n<!-- \/ Yoast SEO plugin. -->","yoast_head_json":{"title":"Collier 3 rangs WILD - DelFine","robots":{"index":"index","follow":"follow","max-snippet":"max-snippet:-1","max-image-preview":"max-image-preview:large","max-video-preview":"max-video-preview:-1"},"canonical":"https:\/\/www.delfinebijoux.com\/en\/bijoux\/collier\/collier-3-rangs-wild\/","og_locale":"en_GB","og_type":"article","og_title":"Collier 3 rangs WILD - DelFine","og_description":"\u00c7a scintille de tous les c\u00f4t\u00e9s avec la collection WILD et ses h\u00e9matites argent\u00e9es m\u00eal\u00e9es au dor\u00e9 de la maille qui serpente sur la peau...  Les mailles, breloques et appr\u00eats sont dor\u00e9s \u00e0 l'or fin 24 carats. Perles en h\u00e9matites Longueur : 44 cm\u00a0 \u00a0 \u00a0Rallonge : 10 cm  **La longue rallonge permet de varier les effets de longueur","og_url":"https:\/\/www.delfinebijoux.com\/en\/bijoux\/collier\/collier-3-rangs-wild\/","og_site_name":"DelFine","article_publisher":"https:\/\/www.facebook.com\/DelFinebijoux","article_modified_time":"2025-11-28T13:14:02+00:00","og_image":[{"width":500,"height":500,"url":"https:\/\/www.delfinebijoux.com\/wp-content\/uploads\/2021\/10\/delfine_bijoux_collection_wild_collier_trois_rangs_or_hematites_sexy_sauvage_jungle_tendance_mode_2.jpg","type":"image\/jpeg"}],"twitter_card":"summary_large_image","twitter_misc":{"Estimated reading time":"1 minute"},"schema":{"@context":"https:\/\/schema.org","@graph":[{"@type":"WebPage","@id":"https:\/\/www.delfinebijoux.com\/bijoux\/collier\/collier-3-rangs-wild\/","url":"https:\/\/www.delfinebijoux.com\/bijoux\/collier\/collier-3-rangs-wild\/","name":"Collier 3 rangs WILD - DelFine","isPartOf":{"@id":"https:\/\/www.delfinebijoux.com\/#website"},"primaryImageOfPage":{"@id":"https:\/\/www.delfinebijoux.com\/bijoux\/collier\/collier-3-rangs-wild\/#primaryimage"},"image":{"@id":"https:\/\/www.delfinebijoux.com\/bijoux\/collier\/collier-3-rangs-wild\/#primaryimage"},"thumbnailUrl":"https:\/\/www.delfinebijoux.com\/wp-content\/uploads\/2021\/10\/delfine_bijoux_collection_wild_collier_trois_rangs_or_hematites_sexy_sauvage_jungle_tendance_mode_2.jpg","datePublished":"2021-10-23T22:23:51+00:00","dateModified":"2025-11-28T13:14:02+00:00","breadcrumb":{"@id":"https:\/\/www.delfinebijoux.com\/bijoux\/collier\/collier-3-rangs-wild\/#breadcrumb"},"inLanguage":"en-GB","potentialAction":[{"@type":"ReadAction","target":["https:\/\/www.delfinebijoux.com\/bijoux\/collier\/collier-3-rangs-wild\/"]}]},{"@type":"ImageObject","inLanguage":"en-GB","@id":"https:\/\/www.delfinebijoux.com\/bijoux\/collier\/collier-3-rangs-wild\/#primaryimage","url":"https:\/\/www.delfinebijoux.com\/wp-content\/uploads\/2021\/10\/delfine_bijoux_collection_wild_collier_trois_rangs_or_hematites_sexy_sauvage_jungle_tendance_mode_2.jpg","contentUrl":"https:\/\/www.delfinebijoux.com\/wp-content\/uploads\/2021\/10\/delfine_bijoux_collection_wild_collier_trois_rangs_or_hematites_sexy_sauvage_jungle_tendance_mode_2.jpg","width":500,"height":500,"caption":"delfine_bijoux_collection_wild_collier_trois_rangs_or_hematites_sexy_sauvage_jungle_tendance_mode"},{"@type":"BreadcrumbList","@id":"https:\/\/www.delfinebijoux.com\/bijoux\/collier\/collier-3-rangs-wild\/#breadcrumb","itemListElement":[{"@type":"ListItem","position":1,"name":"Accueil","item":"https:\/\/www.delfinebijoux.com\/"},{"@type":"ListItem","position":2,"name":"Les Impertinents","item":"https:\/\/www.delfinebijoux.com\/?page_id=5552"},{"@type":"ListItem","position":3,"name":"Collier 3 rangs WILD"}]},{"@type":"WebSite","@id":"https:\/\/www.delfinebijoux.com\/#website","url":"https:\/\/www.delfinebijoux.com\/","name":"DelFine","description":"Fine, delicate designer jewellery made in France","publisher":{"@id":"https:\/\/www.delfinebijoux.com\/#organization"},"potentialAction":[{"@type":"SearchAction","target":{"@type":"EntryPoint","urlTemplate":"https:\/\/www.delfinebijoux.com\/?s={search_term_string}"},"query-input":{"@type":"PropertyValueSpecification","valueRequired":true,"valueName":"search_term_string"}}],"inLanguage":"en-GB"},{"@type":"Organization","@id":"https:\/\/www.delfinebijoux.com\/#organization","name":"DelFine","url":"https:\/\/www.delfinebijoux.com\/","logo":{"@type":"ImageObject","inLanguage":"en-GB","@id":"https:\/\/www.delfinebijoux.com\/#\/schema\/logo\/image\/","url":"https:\/\/www.delfinebijoux.com\/wp-content\/uploads\/2024\/01\/Logo-blanc-1500px.jpg","contentUrl":"https:\/\/www.delfinebijoux.com\/wp-content\/uploads\/2024\/01\/Logo-blanc-1500px.jpg","width":1500,"height":1500,"caption":"DelFine"},"image":{"@id":"https:\/\/www.delfinebijoux.com\/#\/schema\/logo\/image\/"},"sameAs":["https:\/\/www.facebook.com\/DelFinebijoux","https:\/\/www.instagram.com\/delfine_bijoux\/"]}]}},"_links":{"self":[{"href":"https:\/\/www.delfinebijoux.com\/en\/wp-json\/wp\/v2\/product\/7468","targetHints":{"allow":["GET"]}}],"collection":[{"href":"https:\/\/www.delfinebijoux.com\/en\/wp-json\/wp\/v2\/product"}],"about":[{"href":"https:\/\/www.delfinebijoux.com\/en\/wp-json\/wp\/v2\/types\/product"}],"replies":[{"embeddable":true,"href":"https:\/\/www.delfinebijoux.com\/en\/wp-json\/wp\/v2\/comments?post=7468"}],"wp:featuredmedia":[{"embeddable":true,"href":"https:\/\/www.delfinebijoux.com\/en\/wp-json\/wp\/v2\/media\/9946"}],"wp:attachment":[{"href":"https:\/\/www.delfinebijoux.com\/en\/wp-json\/wp\/v2\/media?parent=7468"}],"wp:term":[{"taxonomy":"product_brand","embeddable":true,"href":"https:\/\/www.delfinebijoux.com\/en\/wp-json\/wp\/v2\/product_brand?post=7468"},{"taxonomy":"product_cat","embeddable":true,"href":"https:\/\/www.delfinebijoux.com\/en\/wp-json\/wp\/v2\/product_cat?post=7468"},{"taxonomy":"product_tag","embeddable":true,"href":"https:\/\/www.delfinebijoux.com\/en\/wp-json\/wp\/v2\/product_tag?post=7468"}],"curies":[{"name":"wp","href":"https:\/\/api.w.org\/{rel}","templated":true}]}}