{"id":4413,"date":"2020-10-28T14:53:44","date_gmt":"2020-10-28T13:53:44","guid":{"rendered":"https:\/\/delfinebijoux.com\/?post_type=product&#038;p=4413"},"modified":"2025-11-25T14:11:05","modified_gmt":"2025-11-25T13:11:05","slug":"goldee-boucles-d-oreilles-losange","status":"publish","type":"product","link":"https:\/\/www.delfinebijoux.com\/en\/bijoux\/boucle-oreilles\/pendents\/goldee-boucles-d-oreilles-losange\/","title":{"rendered":"GOLDEE - Losange earrings"},"content":{"rendered":"","protected":false},"excerpt":{"rendered":"<p>GOLDEE... .... The white and gold collection, timeless tropical purity.<\/p>\n<p>The links, pearls, primers and lozenges are gilded in 24-carat fine gold.<br \/>\nMiyuki beads, Japanese glass beads - Matt white. The beads are coloured throughout, so they'll stay as bright as day one.<br \/>\nLength of buckle: 5.5 cm<\/p>\n<p>The fasteners are treated and hypoallergenic.<\/p>","protected":false},"featured_media":4439,"comment_status":"open","ping_status":"closed","template":"","meta":{"_et_pb_use_builder":"","_et_pb_old_content":"","_et_gb_content_width":"","_exactmetrics_skip_tracking":false,"_exactmetrics_sitenote_active":false,"_exactmetrics_sitenote_note":"","_exactmetrics_sitenote_category":0},"product_brand":[443],"product_cat":[9,385,393],"product_tag":[],"class_list":{"0":"post-4413","1":"product","2":"type-product","3":"status-publish","4":"has-post-thumbnail","6":"product_brand-delfine-bijoux","7":"product_cat-boucle-oreilles","8":"product_cat-goldee","9":"product_cat-pendents","11":"first","12":"instock","13":"shipping-taxable","14":"purchasable","15":"product-type-simple"},"yoast_head":"<!-- This site is optimized with the Yoast SEO plugin v27.4 - https:\/\/yoast.com\/product\/yoast-seo-wordpress\/ -->\n<title>GOLDEE - Boucles d&#039;oreilles Losange - DelFine<\/title>\n<meta name=\"robots\" content=\"index, follow, max-snippet:-1, max-image-preview:large, max-video-preview:-1\" \/>\n<link rel=\"canonical\" href=\"https:\/\/www.delfinebijoux.com\/en\/bijoux\/boucle-oreilles\/pendents\/goldee-boucles-d-oreilles-losange\/\" \/>\n<meta property=\"og:locale\" content=\"en_GB\" \/>\n<meta property=\"og:type\" content=\"article\" \/>\n<meta property=\"og:title\" content=\"GOLDEE - Boucles d&#039;oreilles Losange - DelFine\" \/>\n<meta property=\"og:description\" content=\"GOLDEE... .... La collection blanc et or, la puret\u00e9 intemporelle tropicale.  Les mailles, perles et appr\u00eats ainsi que les losanges sont dor\u00e9s \u00e0 l&#039;or fin 24 carats. Perles Miyuki, perles de verre du Japon - Blanc mat. Les perles sont teint\u00e9es dans la masse, elles resteront donc \u00e9clatantes comme au premier jour. Longueur de la boucle : 5,5 cm  Les attaches sont trait\u00e9es et hypoallerg\u00e9niques.\" \/>\n<meta property=\"og:url\" content=\"https:\/\/www.delfinebijoux.com\/en\/bijoux\/boucle-oreilles\/pendents\/goldee-boucles-d-oreilles-losange\/\" \/>\n<meta property=\"og:site_name\" content=\"DelFine\" \/>\n<meta property=\"article:publisher\" content=\"https:\/\/www.facebook.com\/DelFinebijoux\" \/>\n<meta property=\"article:modified_time\" content=\"2025-11-25T13:11:05+00:00\" \/>\n<meta property=\"og:image\" content=\"https:\/\/www.delfinebijoux.com\/wp-content\/uploads\/2019\/10\/Goldee-Losange-BO.jpg\" \/>\n\t<meta property=\"og:image:width\" content=\"500\" \/>\n\t<meta property=\"og:image:height\" content=\"500\" \/>\n\t<meta property=\"og:image:type\" content=\"image\/jpeg\" \/>\n<meta name=\"twitter:card\" content=\"summary_large_image\" \/>\n<meta name=\"twitter:label1\" content=\"Estimated reading time\" \/>\n\t<meta name=\"twitter:data1\" content=\"1 minute\" \/>\n<script type=\"application\/ld+json\" class=\"yoast-schema-graph\">{\"@context\":\"https:\\\/\\\/schema.org\",\"@graph\":[{\"@type\":\"WebPage\",\"@id\":\"https:\\\/\\\/www.delfinebijoux.com\\\/bijoux\\\/boucle-oreilles\\\/pendents\\\/goldee-boucles-d-oreilles-losange\\\/\",\"url\":\"https:\\\/\\\/www.delfinebijoux.com\\\/bijoux\\\/boucle-oreilles\\\/pendents\\\/goldee-boucles-d-oreilles-losange\\\/\",\"name\":\"GOLDEE - Boucles d'oreilles Losange - DelFine\",\"isPartOf\":{\"@id\":\"https:\\\/\\\/www.delfinebijoux.com\\\/#website\"},\"primaryImageOfPage\":{\"@id\":\"https:\\\/\\\/www.delfinebijoux.com\\\/bijoux\\\/boucle-oreilles\\\/pendents\\\/goldee-boucles-d-oreilles-losange\\\/#primaryimage\"},\"image\":{\"@id\":\"https:\\\/\\\/www.delfinebijoux.com\\\/bijoux\\\/boucle-oreilles\\\/pendents\\\/goldee-boucles-d-oreilles-losange\\\/#primaryimage\"},\"thumbnailUrl\":\"https:\\\/\\\/www.delfinebijoux.com\\\/wp-content\\\/uploads\\\/2019\\\/10\\\/Goldee-Losange-BO.jpg\",\"datePublished\":\"2020-10-28T13:53:44+00:00\",\"dateModified\":\"2025-11-25T13:11:05+00:00\",\"breadcrumb\":{\"@id\":\"https:\\\/\\\/www.delfinebijoux.com\\\/bijoux\\\/boucle-oreilles\\\/pendents\\\/goldee-boucles-d-oreilles-losange\\\/#breadcrumb\"},\"inLanguage\":\"en-GB\",\"potentialAction\":[{\"@type\":\"ReadAction\",\"target\":[\"https:\\\/\\\/www.delfinebijoux.com\\\/bijoux\\\/boucle-oreilles\\\/pendents\\\/goldee-boucles-d-oreilles-losange\\\/\"]}]},{\"@type\":\"ImageObject\",\"inLanguage\":\"en-GB\",\"@id\":\"https:\\\/\\\/www.delfinebijoux.com\\\/bijoux\\\/boucle-oreilles\\\/pendents\\\/goldee-boucles-d-oreilles-losange\\\/#primaryimage\",\"url\":\"https:\\\/\\\/www.delfinebijoux.com\\\/wp-content\\\/uploads\\\/2019\\\/10\\\/Goldee-Losange-BO.jpg\",\"contentUrl\":\"https:\\\/\\\/www.delfinebijoux.com\\\/wp-content\\\/uploads\\\/2019\\\/10\\\/Goldee-Losange-BO.jpg\",\"width\":500,\"height\":500,\"caption\":\"Goldee Losange BO\"},{\"@type\":\"BreadcrumbList\",\"@id\":\"https:\\\/\\\/www.delfinebijoux.com\\\/bijoux\\\/boucle-oreilles\\\/pendents\\\/goldee-boucles-d-oreilles-losange\\\/#breadcrumb\",\"itemListElement\":[{\"@type\":\"ListItem\",\"position\":1,\"name\":\"Accueil\",\"item\":\"https:\\\/\\\/www.delfinebijoux.com\\\/\"},{\"@type\":\"ListItem\",\"position\":2,\"name\":\"Les Impertinents\",\"item\":\"https:\\\/\\\/www.delfinebijoux.com\\\/?page_id=5552\"},{\"@type\":\"ListItem\",\"position\":3,\"name\":\"GOLDEE &#8211; Boucles d&rsquo;oreilles Losange\"}]},{\"@type\":\"WebSite\",\"@id\":\"https:\\\/\\\/www.delfinebijoux.com\\\/#website\",\"url\":\"https:\\\/\\\/www.delfinebijoux.com\\\/\",\"name\":\"DelFine\",\"description\":\"Bijoux de cr\u00e9ateur fins et d\u00e9licats de fabrication fran\u00e7aise\",\"publisher\":{\"@id\":\"https:\\\/\\\/www.delfinebijoux.com\\\/#organization\"},\"potentialAction\":[{\"@type\":\"SearchAction\",\"target\":{\"@type\":\"EntryPoint\",\"urlTemplate\":\"https:\\\/\\\/www.delfinebijoux.com\\\/?s={search_term_string}\"},\"query-input\":{\"@type\":\"PropertyValueSpecification\",\"valueRequired\":true,\"valueName\":\"search_term_string\"}}],\"inLanguage\":\"en-GB\"},{\"@type\":\"Organization\",\"@id\":\"https:\\\/\\\/www.delfinebijoux.com\\\/#organization\",\"name\":\"DelFine\",\"url\":\"https:\\\/\\\/www.delfinebijoux.com\\\/\",\"logo\":{\"@type\":\"ImageObject\",\"inLanguage\":\"en-GB\",\"@id\":\"https:\\\/\\\/www.delfinebijoux.com\\\/#\\\/schema\\\/logo\\\/image\\\/\",\"url\":\"https:\\\/\\\/www.delfinebijoux.com\\\/wp-content\\\/uploads\\\/2024\\\/01\\\/Logo-blanc-1500px.jpg\",\"contentUrl\":\"https:\\\/\\\/www.delfinebijoux.com\\\/wp-content\\\/uploads\\\/2024\\\/01\\\/Logo-blanc-1500px.jpg\",\"width\":1500,\"height\":1500,\"caption\":\"DelFine\"},\"image\":{\"@id\":\"https:\\\/\\\/www.delfinebijoux.com\\\/#\\\/schema\\\/logo\\\/image\\\/\"},\"sameAs\":[\"https:\\\/\\\/www.facebook.com\\\/DelFinebijoux\",\"https:\\\/\\\/www.instagram.com\\\/delfine_bijoux\\\/\"]}]}<\/script>\n<!-- \/ Yoast SEO plugin. -->","yoast_head_json":{"title":"GOLDEE - Boucles d'oreilles Losange - DelFine","robots":{"index":"index","follow":"follow","max-snippet":"max-snippet:-1","max-image-preview":"max-image-preview:large","max-video-preview":"max-video-preview:-1"},"canonical":"https:\/\/www.delfinebijoux.com\/en\/bijoux\/boucle-oreilles\/pendents\/goldee-boucles-d-oreilles-losange\/","og_locale":"en_GB","og_type":"article","og_title":"GOLDEE - Boucles d'oreilles Losange - DelFine","og_description":"GOLDEE... .... La collection blanc et or, la puret\u00e9 intemporelle tropicale.  Les mailles, perles et appr\u00eats ainsi que les losanges sont dor\u00e9s \u00e0 l'or fin 24 carats. Perles Miyuki, perles de verre du Japon - Blanc mat. Les perles sont teint\u00e9es dans la masse, elles resteront donc \u00e9clatantes comme au premier jour. Longueur de la boucle : 5,5 cm  Les attaches sont trait\u00e9es et hypoallerg\u00e9niques.","og_url":"https:\/\/www.delfinebijoux.com\/en\/bijoux\/boucle-oreilles\/pendents\/goldee-boucles-d-oreilles-losange\/","og_site_name":"DelFine","article_publisher":"https:\/\/www.facebook.com\/DelFinebijoux","article_modified_time":"2025-11-25T13:11:05+00:00","og_image":[{"width":500,"height":500,"url":"https:\/\/www.delfinebijoux.com\/wp-content\/uploads\/2019\/10\/Goldee-Losange-BO.jpg","type":"image\/jpeg"}],"twitter_card":"summary_large_image","twitter_misc":{"Estimated reading time":"1 minute"},"schema":{"@context":"https:\/\/schema.org","@graph":[{"@type":"WebPage","@id":"https:\/\/www.delfinebijoux.com\/bijoux\/boucle-oreilles\/pendents\/goldee-boucles-d-oreilles-losange\/","url":"https:\/\/www.delfinebijoux.com\/bijoux\/boucle-oreilles\/pendents\/goldee-boucles-d-oreilles-losange\/","name":"GOLDEE - Boucles d'oreilles Losange - DelFine","isPartOf":{"@id":"https:\/\/www.delfinebijoux.com\/#website"},"primaryImageOfPage":{"@id":"https:\/\/www.delfinebijoux.com\/bijoux\/boucle-oreilles\/pendents\/goldee-boucles-d-oreilles-losange\/#primaryimage"},"image":{"@id":"https:\/\/www.delfinebijoux.com\/bijoux\/boucle-oreilles\/pendents\/goldee-boucles-d-oreilles-losange\/#primaryimage"},"thumbnailUrl":"https:\/\/www.delfinebijoux.com\/wp-content\/uploads\/2019\/10\/Goldee-Losange-BO.jpg","datePublished":"2020-10-28T13:53:44+00:00","dateModified":"2025-11-25T13:11:05+00:00","breadcrumb":{"@id":"https:\/\/www.delfinebijoux.com\/bijoux\/boucle-oreilles\/pendents\/goldee-boucles-d-oreilles-losange\/#breadcrumb"},"inLanguage":"en-GB","potentialAction":[{"@type":"ReadAction","target":["https:\/\/www.delfinebijoux.com\/bijoux\/boucle-oreilles\/pendents\/goldee-boucles-d-oreilles-losange\/"]}]},{"@type":"ImageObject","inLanguage":"en-GB","@id":"https:\/\/www.delfinebijoux.com\/bijoux\/boucle-oreilles\/pendents\/goldee-boucles-d-oreilles-losange\/#primaryimage","url":"https:\/\/www.delfinebijoux.com\/wp-content\/uploads\/2019\/10\/Goldee-Losange-BO.jpg","contentUrl":"https:\/\/www.delfinebijoux.com\/wp-content\/uploads\/2019\/10\/Goldee-Losange-BO.jpg","width":500,"height":500,"caption":"Goldee Losange BO"},{"@type":"BreadcrumbList","@id":"https:\/\/www.delfinebijoux.com\/bijoux\/boucle-oreilles\/pendents\/goldee-boucles-d-oreilles-losange\/#breadcrumb","itemListElement":[{"@type":"ListItem","position":1,"name":"Accueil","item":"https:\/\/www.delfinebijoux.com\/"},{"@type":"ListItem","position":2,"name":"Les Impertinents","item":"https:\/\/www.delfinebijoux.com\/?page_id=5552"},{"@type":"ListItem","position":3,"name":"GOLDEE &#8211; Boucles d&rsquo;oreilles Losange"}]},{"@type":"WebSite","@id":"https:\/\/www.delfinebijoux.com\/#website","url":"https:\/\/www.delfinebijoux.com\/","name":"DelFine","description":"Fine, delicate designer jewellery made in France","publisher":{"@id":"https:\/\/www.delfinebijoux.com\/#organization"},"potentialAction":[{"@type":"SearchAction","target":{"@type":"EntryPoint","urlTemplate":"https:\/\/www.delfinebijoux.com\/?s={search_term_string}"},"query-input":{"@type":"PropertyValueSpecification","valueRequired":true,"valueName":"search_term_string"}}],"inLanguage":"en-GB"},{"@type":"Organization","@id":"https:\/\/www.delfinebijoux.com\/#organization","name":"DelFine","url":"https:\/\/www.delfinebijoux.com\/","logo":{"@type":"ImageObject","inLanguage":"en-GB","@id":"https:\/\/www.delfinebijoux.com\/#\/schema\/logo\/image\/","url":"https:\/\/www.delfinebijoux.com\/wp-content\/uploads\/2024\/01\/Logo-blanc-1500px.jpg","contentUrl":"https:\/\/www.delfinebijoux.com\/wp-content\/uploads\/2024\/01\/Logo-blanc-1500px.jpg","width":1500,"height":1500,"caption":"DelFine"},"image":{"@id":"https:\/\/www.delfinebijoux.com\/#\/schema\/logo\/image\/"},"sameAs":["https:\/\/www.facebook.com\/DelFinebijoux","https:\/\/www.instagram.com\/delfine_bijoux\/"]}]}},"_links":{"self":[{"href":"https:\/\/www.delfinebijoux.com\/en\/wp-json\/wp\/v2\/product\/4413","targetHints":{"allow":["GET"]}}],"collection":[{"href":"https:\/\/www.delfinebijoux.com\/en\/wp-json\/wp\/v2\/product"}],"about":[{"href":"https:\/\/www.delfinebijoux.com\/en\/wp-json\/wp\/v2\/types\/product"}],"replies":[{"embeddable":true,"href":"https:\/\/www.delfinebijoux.com\/en\/wp-json\/wp\/v2\/comments?post=4413"}],"wp:featuredmedia":[{"embeddable":true,"href":"https:\/\/www.delfinebijoux.com\/en\/wp-json\/wp\/v2\/media\/4439"}],"wp:attachment":[{"href":"https:\/\/www.delfinebijoux.com\/en\/wp-json\/wp\/v2\/media?parent=4413"}],"wp:term":[{"taxonomy":"product_brand","embeddable":true,"href":"https:\/\/www.delfinebijoux.com\/en\/wp-json\/wp\/v2\/product_brand?post=4413"},{"taxonomy":"product_cat","embeddable":true,"href":"https:\/\/www.delfinebijoux.com\/en\/wp-json\/wp\/v2\/product_cat?post=4413"},{"taxonomy":"product_tag","embeddable":true,"href":"https:\/\/www.delfinebijoux.com\/en\/wp-json\/wp\/v2\/product_tag?post=4413"}],"curies":[{"name":"wp","href":"https:\/\/api.w.org\/{rel}","templated":true}]}}