{"id":4366,"date":"2020-10-28T14:59:00","date_gmt":"2020-10-28T13:59:00","guid":{"rendered":"https:\/\/delfinebijoux.com\/?post_type=product&#038;p=4366"},"modified":"2025-12-17T14:07:48","modified_gmt":"2025-12-17T13:07:48","slug":"goldee-sautoir","status":"publish","type":"product","link":"https:\/\/www.delfinebijoux.com\/en\/bijoux\/sautoir\/goldee-sautoir\/","title":{"rendered":"GOLDEE - Long necklace"},"content":{"rendered":"","protected":false},"excerpt":{"rendered":"<p>GOLDEE... .... The white and gold collection, timeless tropical purity.<\/p>\n<p>Mix and match with necklaces and chokers from the same collection...<\/p>\n<p>The links, pearls and trimmings are gilded with 24-carat fine gold.<br \/>\nMiyuki beads, Japanese glass beads - Matt white. The beads are coloured throughout, so they'll stay as bright as day one.<br \/>\nTotal length: 95 cm<\/p>","protected":false},"featured_media":4372,"comment_status":"open","ping_status":"closed","template":"","meta":{"_et_pb_use_builder":"","_et_pb_old_content":"","_et_gb_content_width":"","_exactmetrics_skip_tracking":false,"_exactmetrics_sitenote_active":false,"_exactmetrics_sitenote_note":"","_exactmetrics_sitenote_category":0},"product_brand":[443],"product_cat":[385,6],"product_tag":[],"class_list":{"0":"post-4366","1":"product","2":"type-product","3":"status-publish","4":"has-post-thumbnail","6":"product_brand-delfine-bijoux","7":"product_cat-goldee","8":"product_cat-sautoir","10":"first","11":"outofstock","12":"shipping-taxable","13":"purchasable","14":"product-type-simple"},"yoast_head":"<!-- This site is optimized with the Yoast SEO plugin v27.4 - https:\/\/yoast.com\/product\/yoast-seo-wordpress\/ -->\n<title>GOLDEE - Sautoir - DelFine<\/title>\n<meta name=\"robots\" content=\"index, follow, max-snippet:-1, max-image-preview:large, max-video-preview:-1\" \/>\n<link rel=\"canonical\" href=\"https:\/\/www.delfinebijoux.com\/en\/bijoux\/sautoir\/goldee-sautoir\/\" \/>\n<meta property=\"og:locale\" content=\"en_GB\" \/>\n<meta property=\"og:type\" content=\"article\" \/>\n<meta property=\"og:title\" content=\"GOLDEE - Sautoir - DelFine\" \/>\n<meta property=\"og:description\" content=\"GOLDEE... .... La collection blanc et or, la puret\u00e9 intemporelle tropicale.  A mixer avec les colliers et ras de cou de la m\u00eame collection...  Les mailles, perles et appr\u00eats sont dor\u00e9s \u00e0 l&#039;or fin 24 carats. Perles Miyuki, perles de verre du Japon - Blanc mat. Les perles sont teint\u00e9es dans la masse, elles resteront donc \u00e9clatantes comme au premier jour. Longueur totale : 95 cm\" \/>\n<meta property=\"og:url\" content=\"https:\/\/www.delfinebijoux.com\/en\/bijoux\/sautoir\/goldee-sautoir\/\" \/>\n<meta property=\"og:site_name\" content=\"DelFine\" \/>\n<meta property=\"article:publisher\" content=\"https:\/\/www.facebook.com\/DelFinebijoux\" \/>\n<meta property=\"article:modified_time\" content=\"2025-12-17T13:07:48+00:00\" \/>\n<meta property=\"og:image\" content=\"https:\/\/www.delfinebijoux.com\/wp-content\/uploads\/2019\/10\/9L3A7448_1-scaled.jpg\" \/>\n\t<meta property=\"og:image:width\" content=\"2560\" \/>\n\t<meta property=\"og:image:height\" content=\"2560\" \/>\n\t<meta property=\"og:image:type\" content=\"image\/jpeg\" \/>\n<meta name=\"twitter:card\" content=\"summary_large_image\" \/>\n<meta name=\"twitter:label1\" content=\"Estimated reading time\" \/>\n\t<meta name=\"twitter:data1\" content=\"1 minute\" \/>\n<script type=\"application\/ld+json\" class=\"yoast-schema-graph\">{\"@context\":\"https:\\\/\\\/schema.org\",\"@graph\":[{\"@type\":\"WebPage\",\"@id\":\"https:\\\/\\\/www.delfinebijoux.com\\\/bijoux\\\/sautoir\\\/goldee-sautoir\\\/\",\"url\":\"https:\\\/\\\/www.delfinebijoux.com\\\/bijoux\\\/sautoir\\\/goldee-sautoir\\\/\",\"name\":\"GOLDEE - Sautoir - DelFine\",\"isPartOf\":{\"@id\":\"https:\\\/\\\/www.delfinebijoux.com\\\/#website\"},\"primaryImageOfPage\":{\"@id\":\"https:\\\/\\\/www.delfinebijoux.com\\\/bijoux\\\/sautoir\\\/goldee-sautoir\\\/#primaryimage\"},\"image\":{\"@id\":\"https:\\\/\\\/www.delfinebijoux.com\\\/bijoux\\\/sautoir\\\/goldee-sautoir\\\/#primaryimage\"},\"thumbnailUrl\":\"https:\\\/\\\/www.delfinebijoux.com\\\/wp-content\\\/uploads\\\/2019\\\/10\\\/9L3A7448_1-scaled.jpg\",\"datePublished\":\"2020-10-28T13:59:00+00:00\",\"dateModified\":\"2025-12-17T13:07:48+00:00\",\"breadcrumb\":{\"@id\":\"https:\\\/\\\/www.delfinebijoux.com\\\/bijoux\\\/sautoir\\\/goldee-sautoir\\\/#breadcrumb\"},\"inLanguage\":\"en-GB\",\"potentialAction\":[{\"@type\":\"ReadAction\",\"target\":[\"https:\\\/\\\/www.delfinebijoux.com\\\/bijoux\\\/sautoir\\\/goldee-sautoir\\\/\"]}]},{\"@type\":\"ImageObject\",\"inLanguage\":\"en-GB\",\"@id\":\"https:\\\/\\\/www.delfinebijoux.com\\\/bijoux\\\/sautoir\\\/goldee-sautoir\\\/#primaryimage\",\"url\":\"https:\\\/\\\/www.delfinebijoux.com\\\/wp-content\\\/uploads\\\/2019\\\/10\\\/9L3A7448_1-scaled.jpg\",\"contentUrl\":\"https:\\\/\\\/www.delfinebijoux.com\\\/wp-content\\\/uploads\\\/2019\\\/10\\\/9L3A7448_1-scaled.jpg\",\"width\":2560,\"height\":2560,\"caption\":\"collier_sautoir_collection_goldee_bijoux_delfine_perles_blanc_or_elegant_fond_blanc\"},{\"@type\":\"BreadcrumbList\",\"@id\":\"https:\\\/\\\/www.delfinebijoux.com\\\/bijoux\\\/sautoir\\\/goldee-sautoir\\\/#breadcrumb\",\"itemListElement\":[{\"@type\":\"ListItem\",\"position\":1,\"name\":\"Accueil\",\"item\":\"https:\\\/\\\/www.delfinebijoux.com\\\/\"},{\"@type\":\"ListItem\",\"position\":2,\"name\":\"Les Impertinents\",\"item\":\"https:\\\/\\\/www.delfinebijoux.com\\\/?page_id=5552\"},{\"@type\":\"ListItem\",\"position\":3,\"name\":\"GOLDEE &#8211; Sautoir\"}]},{\"@type\":\"WebSite\",\"@id\":\"https:\\\/\\\/www.delfinebijoux.com\\\/#website\",\"url\":\"https:\\\/\\\/www.delfinebijoux.com\\\/\",\"name\":\"DelFine\",\"description\":\"Bijoux de cr\u00e9ateur fins et d\u00e9licats de fabrication fran\u00e7aise\",\"publisher\":{\"@id\":\"https:\\\/\\\/www.delfinebijoux.com\\\/#organization\"},\"potentialAction\":[{\"@type\":\"SearchAction\",\"target\":{\"@type\":\"EntryPoint\",\"urlTemplate\":\"https:\\\/\\\/www.delfinebijoux.com\\\/?s={search_term_string}\"},\"query-input\":{\"@type\":\"PropertyValueSpecification\",\"valueRequired\":true,\"valueName\":\"search_term_string\"}}],\"inLanguage\":\"en-GB\"},{\"@type\":\"Organization\",\"@id\":\"https:\\\/\\\/www.delfinebijoux.com\\\/#organization\",\"name\":\"DelFine\",\"url\":\"https:\\\/\\\/www.delfinebijoux.com\\\/\",\"logo\":{\"@type\":\"ImageObject\",\"inLanguage\":\"en-GB\",\"@id\":\"https:\\\/\\\/www.delfinebijoux.com\\\/#\\\/schema\\\/logo\\\/image\\\/\",\"url\":\"https:\\\/\\\/www.delfinebijoux.com\\\/wp-content\\\/uploads\\\/2024\\\/01\\\/Logo-blanc-1500px.jpg\",\"contentUrl\":\"https:\\\/\\\/www.delfinebijoux.com\\\/wp-content\\\/uploads\\\/2024\\\/01\\\/Logo-blanc-1500px.jpg\",\"width\":1500,\"height\":1500,\"caption\":\"DelFine\"},\"image\":{\"@id\":\"https:\\\/\\\/www.delfinebijoux.com\\\/#\\\/schema\\\/logo\\\/image\\\/\"},\"sameAs\":[\"https:\\\/\\\/www.facebook.com\\\/DelFinebijoux\",\"https:\\\/\\\/www.instagram.com\\\/delfine_bijoux\\\/\"]}]}<\/script>\n<!-- \/ Yoast SEO plugin. -->","yoast_head_json":{"title":"GOLDEE - Sautoir - DelFine","robots":{"index":"index","follow":"follow","max-snippet":"max-snippet:-1","max-image-preview":"max-image-preview:large","max-video-preview":"max-video-preview:-1"},"canonical":"https:\/\/www.delfinebijoux.com\/en\/bijoux\/sautoir\/goldee-sautoir\/","og_locale":"en_GB","og_type":"article","og_title":"GOLDEE - Sautoir - DelFine","og_description":"GOLDEE... .... La collection blanc et or, la puret\u00e9 intemporelle tropicale.  A mixer avec les colliers et ras de cou de la m\u00eame collection...  Les mailles, perles et appr\u00eats sont dor\u00e9s \u00e0 l'or fin 24 carats. Perles Miyuki, perles de verre du Japon - Blanc mat. Les perles sont teint\u00e9es dans la masse, elles resteront donc \u00e9clatantes comme au premier jour. Longueur totale : 95 cm","og_url":"https:\/\/www.delfinebijoux.com\/en\/bijoux\/sautoir\/goldee-sautoir\/","og_site_name":"DelFine","article_publisher":"https:\/\/www.facebook.com\/DelFinebijoux","article_modified_time":"2025-12-17T13:07:48+00:00","og_image":[{"width":2560,"height":2560,"url":"https:\/\/www.delfinebijoux.com\/wp-content\/uploads\/2019\/10\/9L3A7448_1-scaled.jpg","type":"image\/jpeg"}],"twitter_card":"summary_large_image","twitter_misc":{"Estimated reading time":"1 minute"},"schema":{"@context":"https:\/\/schema.org","@graph":[{"@type":"WebPage","@id":"https:\/\/www.delfinebijoux.com\/bijoux\/sautoir\/goldee-sautoir\/","url":"https:\/\/www.delfinebijoux.com\/bijoux\/sautoir\/goldee-sautoir\/","name":"GOLDEE - Sautoir - DelFine","isPartOf":{"@id":"https:\/\/www.delfinebijoux.com\/#website"},"primaryImageOfPage":{"@id":"https:\/\/www.delfinebijoux.com\/bijoux\/sautoir\/goldee-sautoir\/#primaryimage"},"image":{"@id":"https:\/\/www.delfinebijoux.com\/bijoux\/sautoir\/goldee-sautoir\/#primaryimage"},"thumbnailUrl":"https:\/\/www.delfinebijoux.com\/wp-content\/uploads\/2019\/10\/9L3A7448_1-scaled.jpg","datePublished":"2020-10-28T13:59:00+00:00","dateModified":"2025-12-17T13:07:48+00:00","breadcrumb":{"@id":"https:\/\/www.delfinebijoux.com\/bijoux\/sautoir\/goldee-sautoir\/#breadcrumb"},"inLanguage":"en-GB","potentialAction":[{"@type":"ReadAction","target":["https:\/\/www.delfinebijoux.com\/bijoux\/sautoir\/goldee-sautoir\/"]}]},{"@type":"ImageObject","inLanguage":"en-GB","@id":"https:\/\/www.delfinebijoux.com\/bijoux\/sautoir\/goldee-sautoir\/#primaryimage","url":"https:\/\/www.delfinebijoux.com\/wp-content\/uploads\/2019\/10\/9L3A7448_1-scaled.jpg","contentUrl":"https:\/\/www.delfinebijoux.com\/wp-content\/uploads\/2019\/10\/9L3A7448_1-scaled.jpg","width":2560,"height":2560,"caption":"collier_sautoir_collection_goldee_bijoux_delfine_perles_blanc_or_elegant_fond_blanc"},{"@type":"BreadcrumbList","@id":"https:\/\/www.delfinebijoux.com\/bijoux\/sautoir\/goldee-sautoir\/#breadcrumb","itemListElement":[{"@type":"ListItem","position":1,"name":"Accueil","item":"https:\/\/www.delfinebijoux.com\/"},{"@type":"ListItem","position":2,"name":"Les Impertinents","item":"https:\/\/www.delfinebijoux.com\/?page_id=5552"},{"@type":"ListItem","position":3,"name":"GOLDEE &#8211; Sautoir"}]},{"@type":"WebSite","@id":"https:\/\/www.delfinebijoux.com\/#website","url":"https:\/\/www.delfinebijoux.com\/","name":"DelFine","description":"Fine, delicate designer jewellery made in France","publisher":{"@id":"https:\/\/www.delfinebijoux.com\/#organization"},"potentialAction":[{"@type":"SearchAction","target":{"@type":"EntryPoint","urlTemplate":"https:\/\/www.delfinebijoux.com\/?s={search_term_string}"},"query-input":{"@type":"PropertyValueSpecification","valueRequired":true,"valueName":"search_term_string"}}],"inLanguage":"en-GB"},{"@type":"Organization","@id":"https:\/\/www.delfinebijoux.com\/#organization","name":"DelFine","url":"https:\/\/www.delfinebijoux.com\/","logo":{"@type":"ImageObject","inLanguage":"en-GB","@id":"https:\/\/www.delfinebijoux.com\/#\/schema\/logo\/image\/","url":"https:\/\/www.delfinebijoux.com\/wp-content\/uploads\/2024\/01\/Logo-blanc-1500px.jpg","contentUrl":"https:\/\/www.delfinebijoux.com\/wp-content\/uploads\/2024\/01\/Logo-blanc-1500px.jpg","width":1500,"height":1500,"caption":"DelFine"},"image":{"@id":"https:\/\/www.delfinebijoux.com\/#\/schema\/logo\/image\/"},"sameAs":["https:\/\/www.facebook.com\/DelFinebijoux","https:\/\/www.instagram.com\/delfine_bijoux\/"]}]}},"_links":{"self":[{"href":"https:\/\/www.delfinebijoux.com\/en\/wp-json\/wp\/v2\/product\/4366","targetHints":{"allow":["GET"]}}],"collection":[{"href":"https:\/\/www.delfinebijoux.com\/en\/wp-json\/wp\/v2\/product"}],"about":[{"href":"https:\/\/www.delfinebijoux.com\/en\/wp-json\/wp\/v2\/types\/product"}],"replies":[{"embeddable":true,"href":"https:\/\/www.delfinebijoux.com\/en\/wp-json\/wp\/v2\/comments?post=4366"}],"wp:featuredmedia":[{"embeddable":true,"href":"https:\/\/www.delfinebijoux.com\/en\/wp-json\/wp\/v2\/media\/4372"}],"wp:attachment":[{"href":"https:\/\/www.delfinebijoux.com\/en\/wp-json\/wp\/v2\/media?parent=4366"}],"wp:term":[{"taxonomy":"product_brand","embeddable":true,"href":"https:\/\/www.delfinebijoux.com\/en\/wp-json\/wp\/v2\/product_brand?post=4366"},{"taxonomy":"product_cat","embeddable":true,"href":"https:\/\/www.delfinebijoux.com\/en\/wp-json\/wp\/v2\/product_cat?post=4366"},{"taxonomy":"product_tag","embeddable":true,"href":"https:\/\/www.delfinebijoux.com\/en\/wp-json\/wp\/v2\/product_tag?post=4366"}],"curies":[{"name":"wp","href":"https:\/\/api.w.org\/{rel}","templated":true}]}}