{"id":10123,"date":"2025-11-11T08:16:26","date_gmt":"2025-11-11T07:16:26","guid":{"rendered":"https:\/\/www.delfinebijoux.com\/?post_type=product&#038;p=10123"},"modified":"2025-11-26T09:00:02","modified_gmt":"2025-11-26T08:00:02","slug":"collier-sautoir-flocon","status":"publish","type":"product","link":"https:\/\/www.delfinebijoux.com\/en\/bijoux\/sautoir\/collier-sautoir-flocon\/","title":{"rendered":"FLOCON necklace"},"content":{"rendered":"","protected":false},"excerpt":{"rendered":"<p>When sea and gold unite...<br \/>\nThe FLOCON long necklace to celebrate the sea and its treasures.<br \/>\nIt's THE piece for this winter.<br \/>\nSoftness, poetry and a statement around your neck.<\/p>\n<p>18-carat gold-plated in 3 microns on brass.<br \/>\nFaceted cable knit: 67cm<br \/>\nExtension: 5cm<br \/>\nWeight : 25g<\/p>\n<p>Wear alone or as part of a collection of necklaces for an effortlessly chic look.<\/p>","protected":false},"featured_media":10149,"comment_status":"closed","ping_status":"closed","template":"","meta":{"_et_pb_use_builder":"","_et_pb_old_content":"","_et_gb_content_width":"","_exactmetrics_skip_tracking":false,"_exactmetrics_sitenote_active":false,"_exactmetrics_sitenote_note":"","_exactmetrics_sitenote_category":0},"product_brand":[443],"product_cat":[8,6],"product_tag":[],"class_list":{"0":"post-10123","1":"product","2":"type-product","3":"status-publish","4":"has-post-thumbnail","6":"product_brand-delfine-bijoux","7":"product_cat-collier","8":"product_cat-sautoir","10":"first","11":"instock","12":"shipping-taxable","13":"purchasable","14":"product-type-simple"},"yoast_head":"<!-- This site is optimized with the Yoast SEO plugin v27.4 - https:\/\/yoast.com\/product\/yoast-seo-wordpress\/ -->\n<title>Collier sautoir FLOCON - DelFine<\/title>\n<meta name=\"robots\" content=\"index, follow, max-snippet:-1, max-image-preview:large, max-video-preview:-1\" \/>\n<link rel=\"canonical\" href=\"https:\/\/www.delfinebijoux.com\/en\/bijoux\/sautoir\/collier-sautoir-flocon\/\" \/>\n<meta property=\"og:locale\" content=\"en_GB\" \/>\n<meta property=\"og:type\" content=\"article\" \/>\n<meta property=\"og:title\" content=\"Collier sautoir FLOCON - DelFine\" \/>\n<meta property=\"og:description\" content=\"Quand la mer et l&#039;or s&#039;unissent... Le collier sautoir FLOCON pour c\u00e9l\u00e9brer la mer et ses tr\u00e9sors. C&#039;est LA pi\u00e8ce pour cet hiver.  Douceur, po\u00e9sie et statement \u00e0 votre cou.  Plaqu\u00e9 or 18 carats en 3 microns sur laiton. Maille torsad\u00e9e facet\u00e9e : 67cm Rallonge : 5cm Poids : 25g  A porter seul ou en accumulation de colliers pour un look effortless chic.\" \/>\n<meta property=\"og:url\" content=\"https:\/\/www.delfinebijoux.com\/en\/bijoux\/sautoir\/collier-sautoir-flocon\/\" \/>\n<meta property=\"og:site_name\" content=\"DelFine\" \/>\n<meta property=\"article:publisher\" content=\"https:\/\/www.facebook.com\/DelFinebijoux\" \/>\n<meta property=\"article:modified_time\" content=\"2025-11-26T08:00:02+00:00\" \/>\n<meta property=\"og:image\" content=\"https:\/\/www.delfinebijoux.com\/wp-content\/uploads\/2025\/11\/packshot-collier-sautoir-plaque-or-maille-torsade-delfine-bijoux.jpg\" \/>\n\t<meta property=\"og:image:width\" content=\"500\" \/>\n\t<meta property=\"og:image:height\" content=\"500\" \/>\n\t<meta property=\"og:image:type\" content=\"image\/jpeg\" \/>\n<meta name=\"twitter:card\" content=\"summary_large_image\" \/>\n<meta name=\"twitter:label1\" content=\"Estimated reading time\" \/>\n\t<meta name=\"twitter:data1\" content=\"1 minute\" \/>\n<script type=\"application\/ld+json\" class=\"yoast-schema-graph\">{\"@context\":\"https:\\\/\\\/schema.org\",\"@graph\":[{\"@type\":\"WebPage\",\"@id\":\"https:\\\/\\\/www.delfinebijoux.com\\\/bijoux\\\/sautoir\\\/collier-sautoir-flocon\\\/\",\"url\":\"https:\\\/\\\/www.delfinebijoux.com\\\/bijoux\\\/sautoir\\\/collier-sautoir-flocon\\\/\",\"name\":\"Collier sautoir FLOCON - DelFine\",\"isPartOf\":{\"@id\":\"https:\\\/\\\/www.delfinebijoux.com\\\/#website\"},\"primaryImageOfPage\":{\"@id\":\"https:\\\/\\\/www.delfinebijoux.com\\\/bijoux\\\/sautoir\\\/collier-sautoir-flocon\\\/#primaryimage\"},\"image\":{\"@id\":\"https:\\\/\\\/www.delfinebijoux.com\\\/bijoux\\\/sautoir\\\/collier-sautoir-flocon\\\/#primaryimage\"},\"thumbnailUrl\":\"https:\\\/\\\/www.delfinebijoux.com\\\/wp-content\\\/uploads\\\/2025\\\/11\\\/packshot-collier-sautoir-plaque-or-maille-torsade-delfine-bijoux.jpg\",\"datePublished\":\"2025-11-11T07:16:26+00:00\",\"dateModified\":\"2025-11-26T08:00:02+00:00\",\"breadcrumb\":{\"@id\":\"https:\\\/\\\/www.delfinebijoux.com\\\/bijoux\\\/sautoir\\\/collier-sautoir-flocon\\\/#breadcrumb\"},\"inLanguage\":\"en-GB\",\"potentialAction\":[{\"@type\":\"ReadAction\",\"target\":[\"https:\\\/\\\/www.delfinebijoux.com\\\/bijoux\\\/sautoir\\\/collier-sautoir-flocon\\\/\"]}]},{\"@type\":\"ImageObject\",\"inLanguage\":\"en-GB\",\"@id\":\"https:\\\/\\\/www.delfinebijoux.com\\\/bijoux\\\/sautoir\\\/collier-sautoir-flocon\\\/#primaryimage\",\"url\":\"https:\\\/\\\/www.delfinebijoux.com\\\/wp-content\\\/uploads\\\/2025\\\/11\\\/packshot-collier-sautoir-plaque-or-maille-torsade-delfine-bijoux.jpg\",\"contentUrl\":\"https:\\\/\\\/www.delfinebijoux.com\\\/wp-content\\\/uploads\\\/2025\\\/11\\\/packshot-collier-sautoir-plaque-or-maille-torsade-delfine-bijoux.jpg\",\"width\":500,\"height\":500,\"caption\":\"Collier plaqu\u00e9 or 18 carats avec pendentif forme corail et chaine torsad\u00e9e. Packshot sur fond gris.\"},{\"@type\":\"BreadcrumbList\",\"@id\":\"https:\\\/\\\/www.delfinebijoux.com\\\/bijoux\\\/sautoir\\\/collier-sautoir-flocon\\\/#breadcrumb\",\"itemListElement\":[{\"@type\":\"ListItem\",\"position\":1,\"name\":\"Accueil\",\"item\":\"https:\\\/\\\/www.delfinebijoux.com\\\/\"},{\"@type\":\"ListItem\",\"position\":2,\"name\":\"Les Impertinents\",\"item\":\"https:\\\/\\\/www.delfinebijoux.com\\\/?page_id=5552\"},{\"@type\":\"ListItem\",\"position\":3,\"name\":\"Collier sautoir FLOCON\"}]},{\"@type\":\"WebSite\",\"@id\":\"https:\\\/\\\/www.delfinebijoux.com\\\/#website\",\"url\":\"https:\\\/\\\/www.delfinebijoux.com\\\/\",\"name\":\"DelFine\",\"description\":\"Bijoux de cr\u00e9ateur fins et d\u00e9licats de fabrication fran\u00e7aise\",\"publisher\":{\"@id\":\"https:\\\/\\\/www.delfinebijoux.com\\\/#organization\"},\"potentialAction\":[{\"@type\":\"SearchAction\",\"target\":{\"@type\":\"EntryPoint\",\"urlTemplate\":\"https:\\\/\\\/www.delfinebijoux.com\\\/?s={search_term_string}\"},\"query-input\":{\"@type\":\"PropertyValueSpecification\",\"valueRequired\":true,\"valueName\":\"search_term_string\"}}],\"inLanguage\":\"en-GB\"},{\"@type\":\"Organization\",\"@id\":\"https:\\\/\\\/www.delfinebijoux.com\\\/#organization\",\"name\":\"DelFine\",\"url\":\"https:\\\/\\\/www.delfinebijoux.com\\\/\",\"logo\":{\"@type\":\"ImageObject\",\"inLanguage\":\"en-GB\",\"@id\":\"https:\\\/\\\/www.delfinebijoux.com\\\/#\\\/schema\\\/logo\\\/image\\\/\",\"url\":\"https:\\\/\\\/www.delfinebijoux.com\\\/wp-content\\\/uploads\\\/2024\\\/01\\\/Logo-blanc-1500px.jpg\",\"contentUrl\":\"https:\\\/\\\/www.delfinebijoux.com\\\/wp-content\\\/uploads\\\/2024\\\/01\\\/Logo-blanc-1500px.jpg\",\"width\":1500,\"height\":1500,\"caption\":\"DelFine\"},\"image\":{\"@id\":\"https:\\\/\\\/www.delfinebijoux.com\\\/#\\\/schema\\\/logo\\\/image\\\/\"},\"sameAs\":[\"https:\\\/\\\/www.facebook.com\\\/DelFinebijoux\",\"https:\\\/\\\/www.instagram.com\\\/delfine_bijoux\\\/\"]}]}<\/script>\n<!-- \/ Yoast SEO plugin. -->","yoast_head_json":{"title":"Collier sautoir FLOCON - DelFine","robots":{"index":"index","follow":"follow","max-snippet":"max-snippet:-1","max-image-preview":"max-image-preview:large","max-video-preview":"max-video-preview:-1"},"canonical":"https:\/\/www.delfinebijoux.com\/en\/bijoux\/sautoir\/collier-sautoir-flocon\/","og_locale":"en_GB","og_type":"article","og_title":"Collier sautoir FLOCON - DelFine","og_description":"Quand la mer et l'or s'unissent... Le collier sautoir FLOCON pour c\u00e9l\u00e9brer la mer et ses tr\u00e9sors. C'est LA pi\u00e8ce pour cet hiver.  Douceur, po\u00e9sie et statement \u00e0 votre cou.  Plaqu\u00e9 or 18 carats en 3 microns sur laiton. Maille torsad\u00e9e facet\u00e9e : 67cm Rallonge : 5cm Poids : 25g  A porter seul ou en accumulation de colliers pour un look effortless chic.","og_url":"https:\/\/www.delfinebijoux.com\/en\/bijoux\/sautoir\/collier-sautoir-flocon\/","og_site_name":"DelFine","article_publisher":"https:\/\/www.facebook.com\/DelFinebijoux","article_modified_time":"2025-11-26T08:00:02+00:00","og_image":[{"width":500,"height":500,"url":"https:\/\/www.delfinebijoux.com\/wp-content\/uploads\/2025\/11\/packshot-collier-sautoir-plaque-or-maille-torsade-delfine-bijoux.jpg","type":"image\/jpeg"}],"twitter_card":"summary_large_image","twitter_misc":{"Estimated reading time":"1 minute"},"schema":{"@context":"https:\/\/schema.org","@graph":[{"@type":"WebPage","@id":"https:\/\/www.delfinebijoux.com\/bijoux\/sautoir\/collier-sautoir-flocon\/","url":"https:\/\/www.delfinebijoux.com\/bijoux\/sautoir\/collier-sautoir-flocon\/","name":"Collier sautoir FLOCON - DelFine","isPartOf":{"@id":"https:\/\/www.delfinebijoux.com\/#website"},"primaryImageOfPage":{"@id":"https:\/\/www.delfinebijoux.com\/bijoux\/sautoir\/collier-sautoir-flocon\/#primaryimage"},"image":{"@id":"https:\/\/www.delfinebijoux.com\/bijoux\/sautoir\/collier-sautoir-flocon\/#primaryimage"},"thumbnailUrl":"https:\/\/www.delfinebijoux.com\/wp-content\/uploads\/2025\/11\/packshot-collier-sautoir-plaque-or-maille-torsade-delfine-bijoux.jpg","datePublished":"2025-11-11T07:16:26+00:00","dateModified":"2025-11-26T08:00:02+00:00","breadcrumb":{"@id":"https:\/\/www.delfinebijoux.com\/bijoux\/sautoir\/collier-sautoir-flocon\/#breadcrumb"},"inLanguage":"en-GB","potentialAction":[{"@type":"ReadAction","target":["https:\/\/www.delfinebijoux.com\/bijoux\/sautoir\/collier-sautoir-flocon\/"]}]},{"@type":"ImageObject","inLanguage":"en-GB","@id":"https:\/\/www.delfinebijoux.com\/bijoux\/sautoir\/collier-sautoir-flocon\/#primaryimage","url":"https:\/\/www.delfinebijoux.com\/wp-content\/uploads\/2025\/11\/packshot-collier-sautoir-plaque-or-maille-torsade-delfine-bijoux.jpg","contentUrl":"https:\/\/www.delfinebijoux.com\/wp-content\/uploads\/2025\/11\/packshot-collier-sautoir-plaque-or-maille-torsade-delfine-bijoux.jpg","width":500,"height":500,"caption":"Collier plaqu\u00e9 or 18 carats avec pendentif forme corail et chaine torsad\u00e9e. Packshot sur fond gris."},{"@type":"BreadcrumbList","@id":"https:\/\/www.delfinebijoux.com\/bijoux\/sautoir\/collier-sautoir-flocon\/#breadcrumb","itemListElement":[{"@type":"ListItem","position":1,"name":"Accueil","item":"https:\/\/www.delfinebijoux.com\/"},{"@type":"ListItem","position":2,"name":"Les Impertinents","item":"https:\/\/www.delfinebijoux.com\/?page_id=5552"},{"@type":"ListItem","position":3,"name":"Collier sautoir FLOCON"}]},{"@type":"WebSite","@id":"https:\/\/www.delfinebijoux.com\/#website","url":"https:\/\/www.delfinebijoux.com\/","name":"DelFine","description":"Fine, delicate designer jewellery made in France","publisher":{"@id":"https:\/\/www.delfinebijoux.com\/#organization"},"potentialAction":[{"@type":"SearchAction","target":{"@type":"EntryPoint","urlTemplate":"https:\/\/www.delfinebijoux.com\/?s={search_term_string}"},"query-input":{"@type":"PropertyValueSpecification","valueRequired":true,"valueName":"search_term_string"}}],"inLanguage":"en-GB"},{"@type":"Organization","@id":"https:\/\/www.delfinebijoux.com\/#organization","name":"DelFine","url":"https:\/\/www.delfinebijoux.com\/","logo":{"@type":"ImageObject","inLanguage":"en-GB","@id":"https:\/\/www.delfinebijoux.com\/#\/schema\/logo\/image\/","url":"https:\/\/www.delfinebijoux.com\/wp-content\/uploads\/2024\/01\/Logo-blanc-1500px.jpg","contentUrl":"https:\/\/www.delfinebijoux.com\/wp-content\/uploads\/2024\/01\/Logo-blanc-1500px.jpg","width":1500,"height":1500,"caption":"DelFine"},"image":{"@id":"https:\/\/www.delfinebijoux.com\/#\/schema\/logo\/image\/"},"sameAs":["https:\/\/www.facebook.com\/DelFinebijoux","https:\/\/www.instagram.com\/delfine_bijoux\/"]}]}},"_links":{"self":[{"href":"https:\/\/www.delfinebijoux.com\/en\/wp-json\/wp\/v2\/product\/10123","targetHints":{"allow":["GET"]}}],"collection":[{"href":"https:\/\/www.delfinebijoux.com\/en\/wp-json\/wp\/v2\/product"}],"about":[{"href":"https:\/\/www.delfinebijoux.com\/en\/wp-json\/wp\/v2\/types\/product"}],"replies":[{"embeddable":true,"href":"https:\/\/www.delfinebijoux.com\/en\/wp-json\/wp\/v2\/comments?post=10123"}],"wp:featuredmedia":[{"embeddable":true,"href":"https:\/\/www.delfinebijoux.com\/en\/wp-json\/wp\/v2\/media\/10149"}],"wp:attachment":[{"href":"https:\/\/www.delfinebijoux.com\/en\/wp-json\/wp\/v2\/media?parent=10123"}],"wp:term":[{"taxonomy":"product_brand","embeddable":true,"href":"https:\/\/www.delfinebijoux.com\/en\/wp-json\/wp\/v2\/product_brand?post=10123"},{"taxonomy":"product_cat","embeddable":true,"href":"https:\/\/www.delfinebijoux.com\/en\/wp-json\/wp\/v2\/product_cat?post=10123"},{"taxonomy":"product_tag","embeddable":true,"href":"https:\/\/www.delfinebijoux.com\/en\/wp-json\/wp\/v2\/product_tag?post=10123"}],"curies":[{"name":"wp","href":"https:\/\/api.w.org\/{rel}","templated":true}]}}