{"id":7406,"date":"2021-10-23T08:33:03","date_gmt":"2021-10-23T06:33:03","guid":{"rendered":"https:\/\/www.delfinebijoux.com\/?page_id=7406"},"modified":"2025-09-08T14:55:16","modified_gmt":"2025-09-08T12:55:16","slug":"collection-wild","status":"publish","type":"page","link":"https:\/\/www.delfinebijoux.com\/en\/collection-wild\/","title":{"rendered":"WILD Collection"},"content":{"rendered":"<p>[et_pb_section fb_built=\u00a0\u00bb1&Prime; admin_label=\u00a0\u00bbsection\u00a0\u00bb _builder_version=\u00a0\u00bb4.16&Prime; global_colors_info=\u00a0\u00bb{}\u00a0\u00bb][et_pb_row column_structure=\u00a0\u00bb1_4,3_4&Prime; padding_mobile=\u00a0\u00bboff\u00a0\u00bb column_padding_mobile=\u00a0\u00bbon\u00a0\u00bb admin_label=\u00a0\u00bbrow\u00a0\u00bb module_class=\u00a0\u00bb et_pb_row_fullwidth\u00a0\u00bb _builder_version=\u00a0\u00bb4.16&Prime; background_size=\u00a0\u00bbinitial\u00a0\u00bb background_position=\u00a0\u00bbtop_left\u00a0\u00bb background_repeat=\u00a0\u00bbrepeat\u00a0\u00bb width=\u00a0\u00bb89%\u00a0\u00bb width_tablet=\u00a0\u00bb80%\u00a0\u00bb width_phone=\u00a0\u00bb\u00a0\u00bb width_last_edited=\u00a0\u00bbon|desktop\u00a0\u00bb max_width=\u00a0\u00bb89%\u00a0\u00bb max_width_tablet=\u00a0\u00bb80%\u00a0\u00bb max_width_phone=\u00a0\u00bb\u00a0\u00bb max_width_last_edited=\u00a0\u00bbon|desktop\u00a0\u00bb custom_padding=\u00a0\u00bb15px|||\u00a0\u00bb make_fullwidth=\u00a0\u00bbon\u00a0\u00bb use_custom_width=\u00a0\u00bboff\u00a0\u00bb width_unit=\u00a0\u00bbon\u00a0\u00bb global_colors_info=\u00a0\u00bb{}\u00a0\u00bb][et_pb_column type=\u00a0\u00bb1_4&Prime; _builder_version=\u00a0\u00bb4.16&Prime; custom_padding=\u00a0\u00bb|||\u00a0\u00bb global_colors_info=\u00a0\u00bb{}\u00a0\u00bb custom_padding__hover=\u00a0\u00bb|||\u00a0\u00bb][et_pb_menu menu_id=\u00a0\u00bb350&Prime; module_class=\u00a0\u00bblwp-vertical-menu\u00a0\u00bb _builder_version=\u00a0\u00bb4.22.0&Prime; _module_preset=\u00a0\u00bbdefault\u00a0\u00bb global_module=\u00a0\u00bb8551&Prime; global_colors_info=\u00a0\u00bb{}\u00a0\u00bb][\/et_pb_menu][\/et_pb_column][et_pb_column type=\u00a0\u00bb3_4&Prime; _builder_version=\u00a0\u00bb4.16&Prime; custom_padding=\u00a0\u00bb|||\u00a0\u00bb global_colors_info=\u00a0\u00bb{}\u00a0\u00bb custom_padding__hover=\u00a0\u00bb|||\u00a0\u00bb][et_pb_image src=\u00a0\u00bbhttps:\/\/www.delfinebijoux.com\/wp-content\/uploads\/2025\/09\/COLLECTION-WILD.jpg\u00a0\u00bb title_text=\u00a0\u00bbCOLLECTION WILD\u00a0\u00bb align_tablet=\u00a0\u00bbcenter\u00a0\u00bb align_phone=\u00a0\u00bb\u00a0\u00bb align_last_edited=\u00a0\u00bbon|desktop\u00a0\u00bb disabled_on=\u00a0\u00bboff|off|off\u00a0\u00bb _builder_version=\u00a0\u00bb4.27.4&Prime; animation_style=\u00a0\u00bbslide\u00a0\u00bb animation_direction=\u00a0\u00bbbottom\u00a0\u00bb animation_duration=\u00a0\u00bb600ms\u00a0\u00bb animation_delay=\u00a0\u00bb50ms\u00a0\u00bb animation_intensity_slide=\u00a0\u00bb8%\u00a0\u00bb hover_enabled=\u00a0\u00bb0&Prime; z_index_tablet=\u00a0\u00bb500&Prime; border_radii=\u00a0\u00bbon|5px|5px|5px|5px\u00a0\u00bb box_shadow_horizontal_tablet=\u00a0\u00bb0px\u00a0\u00bb box_shadow_vertical_tablet=\u00a0\u00bb0px\u00a0\u00bb box_shadow_blur_tablet=\u00a0\u00bb40px\u00a0\u00bb box_shadow_spread_tablet=\u00a0\u00bb0px\u00a0\u00bb use_border_color=\u00a0\u00bboff\u00a0\u00bb global_colors_info=\u00a0\u00bb{}\u00a0\u00bb alt=\u00a0\u00bbencart_site_delfine_bijoux_collection_wild_buste_femme_accumulation_colliers_or_hematites_elagance_sexy_feuillage_tropical_vert_luxuriant\u00a0\u00bb admin_label=\u00a0\u00bbENCART COLLECTION WILD\u00a0\u00bb sticky_enabled=\u00a0\u00bb0&Prime;][\/et_pb_image][et_pb_text disabled_on=\u00a0\u00bbon|on|on\u00a0\u00bb _builder_version=\u00a0\u00bb4.27.4&Prime; animation_style=\u00a0\u00bbfade\u00a0\u00bb animation_direction=\u00a0\u00bbbottom\u00a0\u00bb animation_duration=\u00a0\u00bb450ms\u00a0\u00bb animation_delay=\u00a0\u00bb150ms\u00a0\u00bb hover_enabled=\u00a0\u00bb0&Prime; z_index_tablet=\u00a0\u00bb500&Prime; text_text_shadow_horizontal_length_tablet=\u00a0\u00bb0px\u00a0\u00bb text_text_shadow_vertical_length_tablet=\u00a0\u00bb0px\u00a0\u00bb text_text_shadow_blur_strength_tablet=\u00a0\u00bb1px\u00a0\u00bb link_text_shadow_horizontal_length_tablet=\u00a0\u00bb0px\u00a0\u00bb link_text_shadow_vertical_length_tablet=\u00a0\u00bb0px\u00a0\u00bb link_text_shadow_blur_strength_tablet=\u00a0\u00bb1px\u00a0\u00bb ul_text_shadow_horizontal_length_tablet=\u00a0\u00bb0px\u00a0\u00bb ul_text_shadow_vertical_length_tablet=\u00a0\u00bb0px\u00a0\u00bb ul_text_shadow_blur_strength_tablet=\u00a0\u00bb1px\u00a0\u00bb ol_text_shadow_horizontal_length_tablet=\u00a0\u00bb0px\u00a0\u00bb ol_text_shadow_vertical_length_tablet=\u00a0\u00bb0px\u00a0\u00bb ol_text_shadow_blur_strength_tablet=\u00a0\u00bb1px\u00a0\u00bb quote_text_shadow_horizontal_length_tablet=\u00a0\u00bb0px\u00a0\u00bb quote_text_shadow_vertical_length_tablet=\u00a0\u00bb0px\u00a0\u00bb quote_text_shadow_blur_strength_tablet=\u00a0\u00bb1px\u00a0\u00bb header_text_shadow_horizontal_length_tablet=\u00a0\u00bb0px\u00a0\u00bb header_text_shadow_vertical_length_tablet=\u00a0\u00bb0px\u00a0\u00bb header_text_shadow_blur_strength_tablet=\u00a0\u00bb1px\u00a0\u00bb header_2_text_shadow_horizontal_length_tablet=\u00a0\u00bb0px\u00a0\u00bb header_2_text_shadow_vertical_length_tablet=\u00a0\u00bb0px\u00a0\u00bb header_2_text_shadow_blur_strength_tablet=\u00a0\u00bb1px\u00a0\u00bb header_3_text_shadow_horizontal_length_tablet=\u00a0\u00bb0px\u00a0\u00bb header_3_text_shadow_vertical_length_tablet=\u00a0\u00bb0px\u00a0\u00bb header_3_text_shadow_blur_strength_tablet=\u00a0\u00bb1px\u00a0\u00bb header_4_text_shadow_horizontal_length_tablet=\u00a0\u00bb0px\u00a0\u00bb header_4_text_shadow_vertical_length_tablet=\u00a0\u00bb0px\u00a0\u00bb header_4_text_shadow_blur_strength_tablet=\u00a0\u00bb1px\u00a0\u00bb header_5_text_shadow_horizontal_length_tablet=\u00a0\u00bb0px\u00a0\u00bb header_5_text_shadow_vertical_length_tablet=\u00a0\u00bb0px\u00a0\u00bb header_5_text_shadow_blur_strength_tablet=\u00a0\u00bb1px\u00a0\u00bb header_6_text_shadow_horizontal_length_tablet=\u00a0\u00bb0px\u00a0\u00bb header_6_text_shadow_vertical_length_tablet=\u00a0\u00bb0px\u00a0\u00bb header_6_text_shadow_blur_strength_tablet=\u00a0\u00bb1px\u00a0\u00bb box_shadow_horizontal_tablet=\u00a0\u00bb0px\u00a0\u00bb box_shadow_vertical_tablet=\u00a0\u00bb0px\u00a0\u00bb box_shadow_blur_tablet=\u00a0\u00bb40px\u00a0\u00bb box_shadow_spread_tablet=\u00a0\u00bb0px\u00a0\u00bb disabled=\u00a0\u00bbon\u00a0\u00bb global_colors_info=\u00a0\u00bb{}\u00a0\u00bb admin_label=\u00a0\u00bbTEXTE WILD\u00a0\u00bb sticky_enabled=\u00a0\u00bb0&Prime;]<\/p>\n<p><span>La collection WILD, o\u00f9 la maille dor\u00e9e \u00e0 l\u2019or fin 24 carats rencontre l\u2019\u00e9clat des h\u00e9matites pour un look ultra f\u00e9minin et sexy.<\/span><\/p>\n<p>[\/et_pb_text][et_pb_shop type=\u00a0\u00bbproduct_category\u00a0\u00bb posts_number=\u00a0\u00bb100&Prime; include_categories=\u00a0\u00bb420,368&Prime; orderby=\u00a0\u00bbdate-desc\u00a0\u00bb _builder_version=\u00a0\u00bb4.16&Prime; sale_price_line_height_tablet=\u00a0\u00bb51&Prime; z_index_tablet=\u00a0\u00bb500&Prime; title_text_shadow_horizontal_length_tablet=\u00a0\u00bb0px\u00a0\u00bb title_text_shadow_vertical_length_tablet=\u00a0\u00bb0px\u00a0\u00bb title_text_shadow_blur_strength_tablet=\u00a0\u00bb1px\u00a0\u00bb price_text_shadow_horizontal_length_tablet=\u00a0\u00bb0px\u00a0\u00bb price_text_shadow_vertical_length_tablet=\u00a0\u00bb0px\u00a0\u00bb price_text_shadow_blur_strength_tablet=\u00a0\u00bb1px\u00a0\u00bb sale_badge_text_shadow_horizontal_length_tablet=\u00a0\u00bb0px\u00a0\u00bb sale_badge_text_shadow_vertical_length_tablet=\u00a0\u00bb0px\u00a0\u00bb sale_badge_text_shadow_blur_strength_tablet=\u00a0\u00bb1px\u00a0\u00bb sale_price_text_shadow_horizontal_length_tablet=\u00a0\u00bb0px\u00a0\u00bb sale_price_text_shadow_vertical_length_tablet=\u00a0\u00bb0px\u00a0\u00bb sale_price_text_shadow_blur_strength_tablet=\u00a0\u00bb1px\u00a0\u00bb box_shadow_horizontal_tablet=\u00a0\u00bb0px\u00a0\u00bb box_shadow_vertical_tablet=\u00a0\u00bb0px\u00a0\u00bb box_shadow_blur_tablet=\u00a0\u00bb40px\u00a0\u00bb box_shadow_spread_tablet=\u00a0\u00bb0px\u00a0\u00bb box_shadow_horizontal_image_tablet=\u00a0\u00bb0px\u00a0\u00bb box_shadow_vertical_image_tablet=\u00a0\u00bb0px\u00a0\u00bb box_shadow_blur_image_tablet=\u00a0\u00bb40px\u00a0\u00bb box_shadow_spread_image_tablet=\u00a0\u00bb0px\u00a0\u00bb text_shadow_horizontal_length_tablet=\u00a0\u00bb0px\u00a0\u00bb text_shadow_vertical_length_tablet=\u00a0\u00bb0px\u00a0\u00bb text_shadow_blur_strength_tablet=\u00a0\u00bb1px\u00a0\u00bb global_colors_info=\u00a0\u00bb{}\u00a0\u00bb][\/et_pb_shop][\/et_pb_column][\/et_pb_row][\/et_pb_section]<\/p>\n","protected":false},"excerpt":{"rendered":"<p>La collection WILD, o\u00f9 la maille dor\u00e9e \u00e0 l\u2019or fin 24 carats rencontre l\u2019\u00e9clat des h\u00e9matites pour un look ultra f\u00e9minin et sexy.<\/p>","protected":false},"author":51,"featured_media":0,"parent":0,"menu_order":0,"comment_status":"closed","ping_status":"closed","template":"","meta":{"_et_pb_use_builder":"on","_et_pb_old_content":"","_et_gb_content_width":"","_exactmetrics_skip_tracking":false,"_exactmetrics_sitenote_active":false,"_exactmetrics_sitenote_note":"","_exactmetrics_sitenote_category":0,"footnotes":""},"class_list":["post-7406","page","type-page","status-publish","hentry"],"yoast_head":"<!-- This site is optimized with the Yoast SEO plugin v27.3 - https:\/\/yoast.com\/product\/yoast-seo-wordpress\/ -->\n<title>Collection WILD - DelFine<\/title>\n<meta name=\"robots\" content=\"index, follow, max-snippet:-1, max-image-preview:large, max-video-preview:-1\" \/>\n<link rel=\"canonical\" href=\"https:\/\/www.delfinebijoux.com\/en\/collection-wild\/\" \/>\n<meta property=\"og:locale\" content=\"en_GB\" \/>\n<meta property=\"og:type\" content=\"article\" \/>\n<meta property=\"og:title\" content=\"Collection WILD - DelFine\" \/>\n<meta property=\"og:description\" content=\"La collection WILD, o\u00f9 la maille dor\u00e9e \u00e0 l\u2019or fin 24 carats rencontre l\u2019\u00e9clat des h\u00e9matites pour un look ultra f\u00e9minin et sexy.\" \/>\n<meta property=\"og:url\" content=\"https:\/\/www.delfinebijoux.com\/en\/collection-wild\/\" \/>\n<meta property=\"og:site_name\" content=\"DelFine\" \/>\n<meta property=\"article:publisher\" content=\"https:\/\/www.facebook.com\/DelFinebijoux\" \/>\n<meta property=\"article:modified_time\" content=\"2025-09-08T12:55:16+00:00\" \/>\n<meta property=\"og:image\" content=\"https:\/\/www.delfinebijoux.com\/wp-content\/uploads\/2024\/01\/Logo-blanc-1500px.jpg\" \/>\n\t<meta property=\"og:image:width\" content=\"1500\" \/>\n\t<meta property=\"og:image:height\" content=\"1500\" \/>\n\t<meta property=\"og:image:type\" content=\"image\/jpeg\" \/>\n<meta name=\"twitter:card\" content=\"summary_large_image\" \/>\n<meta name=\"twitter:label1\" content=\"Estimated reading time\" \/>\n\t<meta name=\"twitter:data1\" content=\"4 minutes\" \/>\n<script type=\"application\/ld+json\" class=\"yoast-schema-graph\">{\"@context\":\"https:\\\/\\\/schema.org\",\"@graph\":[{\"@type\":\"WebPage\",\"@id\":\"https:\\\/\\\/www.delfinebijoux.com\\\/collection-wild\\\/\",\"url\":\"https:\\\/\\\/www.delfinebijoux.com\\\/collection-wild\\\/\",\"name\":\"Collection WILD - DelFine\",\"isPartOf\":{\"@id\":\"https:\\\/\\\/www.delfinebijoux.com\\\/#website\"},\"datePublished\":\"2021-10-23T06:33:03+00:00\",\"dateModified\":\"2025-09-08T12:55:16+00:00\",\"breadcrumb\":{\"@id\":\"https:\\\/\\\/www.delfinebijoux.com\\\/collection-wild\\\/#breadcrumb\"},\"inLanguage\":\"en-GB\",\"potentialAction\":[{\"@type\":\"ReadAction\",\"target\":[\"https:\\\/\\\/www.delfinebijoux.com\\\/collection-wild\\\/\"]}]},{\"@type\":\"BreadcrumbList\",\"@id\":\"https:\\\/\\\/www.delfinebijoux.com\\\/collection-wild\\\/#breadcrumb\",\"itemListElement\":[{\"@type\":\"ListItem\",\"position\":1,\"name\":\"Accueil\",\"item\":\"https:\\\/\\\/www.delfinebijoux.com\\\/\"},{\"@type\":\"ListItem\",\"position\":2,\"name\":\"Collection WILD\"}]},{\"@type\":\"WebSite\",\"@id\":\"https:\\\/\\\/www.delfinebijoux.com\\\/#website\",\"url\":\"https:\\\/\\\/www.delfinebijoux.com\\\/\",\"name\":\"DelFine\",\"description\":\"Bijoux de cr\u00e9ateur fins et d\u00e9licats de fabrication fran\u00e7aise\",\"publisher\":{\"@id\":\"https:\\\/\\\/www.delfinebijoux.com\\\/#organization\"},\"potentialAction\":[{\"@type\":\"SearchAction\",\"target\":{\"@type\":\"EntryPoint\",\"urlTemplate\":\"https:\\\/\\\/www.delfinebijoux.com\\\/?s={search_term_string}\"},\"query-input\":{\"@type\":\"PropertyValueSpecification\",\"valueRequired\":true,\"valueName\":\"search_term_string\"}}],\"inLanguage\":\"en-GB\"},{\"@type\":\"Organization\",\"@id\":\"https:\\\/\\\/www.delfinebijoux.com\\\/#organization\",\"name\":\"DelFine\",\"url\":\"https:\\\/\\\/www.delfinebijoux.com\\\/\",\"logo\":{\"@type\":\"ImageObject\",\"inLanguage\":\"en-GB\",\"@id\":\"https:\\\/\\\/www.delfinebijoux.com\\\/#\\\/schema\\\/logo\\\/image\\\/\",\"url\":\"https:\\\/\\\/www.delfinebijoux.com\\\/wp-content\\\/uploads\\\/2024\\\/01\\\/Logo-blanc-1500px.jpg\",\"contentUrl\":\"https:\\\/\\\/www.delfinebijoux.com\\\/wp-content\\\/uploads\\\/2024\\\/01\\\/Logo-blanc-1500px.jpg\",\"width\":1500,\"height\":1500,\"caption\":\"DelFine\"},\"image\":{\"@id\":\"https:\\\/\\\/www.delfinebijoux.com\\\/#\\\/schema\\\/logo\\\/image\\\/\"},\"sameAs\":[\"https:\\\/\\\/www.facebook.com\\\/DelFinebijoux\",\"https:\\\/\\\/www.instagram.com\\\/delfine_bijoux\\\/\"]}]}<\/script>\n<!-- \/ Yoast SEO plugin. -->","yoast_head_json":{"title":"Collection WILD - DelFine","robots":{"index":"index","follow":"follow","max-snippet":"max-snippet:-1","max-image-preview":"max-image-preview:large","max-video-preview":"max-video-preview:-1"},"canonical":"https:\/\/www.delfinebijoux.com\/en\/collection-wild\/","og_locale":"en_GB","og_type":"article","og_title":"Collection WILD - DelFine","og_description":"La collection WILD, o\u00f9 la maille dor\u00e9e \u00e0 l\u2019or fin 24 carats rencontre l\u2019\u00e9clat des h\u00e9matites pour un look ultra f\u00e9minin et sexy.","og_url":"https:\/\/www.delfinebijoux.com\/en\/collection-wild\/","og_site_name":"DelFine","article_publisher":"https:\/\/www.facebook.com\/DelFinebijoux","article_modified_time":"2025-09-08T12:55:16+00:00","og_image":[{"width":1500,"height":1500,"url":"https:\/\/www.delfinebijoux.com\/wp-content\/uploads\/2024\/01\/Logo-blanc-1500px.jpg","type":"image\/jpeg"}],"twitter_card":"summary_large_image","twitter_misc":{"Estimated reading time":"4 minutes"},"schema":{"@context":"https:\/\/schema.org","@graph":[{"@type":"WebPage","@id":"https:\/\/www.delfinebijoux.com\/collection-wild\/","url":"https:\/\/www.delfinebijoux.com\/collection-wild\/","name":"Collection WILD - DelFine","isPartOf":{"@id":"https:\/\/www.delfinebijoux.com\/#website"},"datePublished":"2021-10-23T06:33:03+00:00","dateModified":"2025-09-08T12:55:16+00:00","breadcrumb":{"@id":"https:\/\/www.delfinebijoux.com\/collection-wild\/#breadcrumb"},"inLanguage":"en-GB","potentialAction":[{"@type":"ReadAction","target":["https:\/\/www.delfinebijoux.com\/collection-wild\/"]}]},{"@type":"BreadcrumbList","@id":"https:\/\/www.delfinebijoux.com\/collection-wild\/#breadcrumb","itemListElement":[{"@type":"ListItem","position":1,"name":"Accueil","item":"https:\/\/www.delfinebijoux.com\/"},{"@type":"ListItem","position":2,"name":"Collection WILD"}]},{"@type":"WebSite","@id":"https:\/\/www.delfinebijoux.com\/#website","url":"https:\/\/www.delfinebijoux.com\/","name":"DelFine","description":"Fine, delicate designer jewellery made in France","publisher":{"@id":"https:\/\/www.delfinebijoux.com\/#organization"},"potentialAction":[{"@type":"SearchAction","target":{"@type":"EntryPoint","urlTemplate":"https:\/\/www.delfinebijoux.com\/?s={search_term_string}"},"query-input":{"@type":"PropertyValueSpecification","valueRequired":true,"valueName":"search_term_string"}}],"inLanguage":"en-GB"},{"@type":"Organization","@id":"https:\/\/www.delfinebijoux.com\/#organization","name":"DelFine","url":"https:\/\/www.delfinebijoux.com\/","logo":{"@type":"ImageObject","inLanguage":"en-GB","@id":"https:\/\/www.delfinebijoux.com\/#\/schema\/logo\/image\/","url":"https:\/\/www.delfinebijoux.com\/wp-content\/uploads\/2024\/01\/Logo-blanc-1500px.jpg","contentUrl":"https:\/\/www.delfinebijoux.com\/wp-content\/uploads\/2024\/01\/Logo-blanc-1500px.jpg","width":1500,"height":1500,"caption":"DelFine"},"image":{"@id":"https:\/\/www.delfinebijoux.com\/#\/schema\/logo\/image\/"},"sameAs":["https:\/\/www.facebook.com\/DelFinebijoux","https:\/\/www.instagram.com\/delfine_bijoux\/"]}]}},"_links":{"self":[{"href":"https:\/\/www.delfinebijoux.com\/en\/wp-json\/wp\/v2\/pages\/7406","targetHints":{"allow":["GET"]}}],"collection":[{"href":"https:\/\/www.delfinebijoux.com\/en\/wp-json\/wp\/v2\/pages"}],"about":[{"href":"https:\/\/www.delfinebijoux.com\/en\/wp-json\/wp\/v2\/types\/page"}],"author":[{"embeddable":true,"href":"https:\/\/www.delfinebijoux.com\/en\/wp-json\/wp\/v2\/users\/51"}],"replies":[{"embeddable":true,"href":"https:\/\/www.delfinebijoux.com\/en\/wp-json\/wp\/v2\/comments?post=7406"}],"version-history":[{"count":1,"href":"https:\/\/www.delfinebijoux.com\/en\/wp-json\/wp\/v2\/pages\/7406\/revisions"}],"predecessor-version":[{"id":9975,"href":"https:\/\/www.delfinebijoux.com\/en\/wp-json\/wp\/v2\/pages\/7406\/revisions\/9975"}],"wp:attachment":[{"href":"https:\/\/www.delfinebijoux.com\/en\/wp-json\/wp\/v2\/media?parent=7406"}],"curies":[{"name":"wp","href":"https:\/\/api.w.org\/{rel}","templated":true}]}}