{"id":561,"date":"2015-05-20T07:32:52","date_gmt":"2015-05-20T05:32:52","guid":{"rendered":"http:\/\/delfine-paris.com\/?page_id=561"},"modified":"2015-05-20T07:32:52","modified_gmt":"2015-05-20T05:32:52","slug":"shipping","status":"publish","type":"page","link":"https:\/\/www.delfinebijoux.com\/en\/shipping\/","title":{"rendered":"Shipping rates"},"content":{"rendered":"<p>[fullwidth backgroundcolor=\u00a0\u00bbno\u00a0\u00bb backgroundimage=\u00a0\u00bb\u00a0\u00bb backgroundrepeat=\u00a0\u00bbno-repeat\u00a0\u00bb backgroundposition=\u00a0\u00bbleft top\u00a0\u00bb backgroundattachment=\u00a0\u00bbscroll\u00a0\u00bb bordersize=\u00a0\u00bb0px\u00a0\u00bb bordercolor=\u00a0\u00bb\u00a0\u00bb borderstyle=\u00a0\u00bb\u00a0\u00bb paddingtop=\u00a0\u00bbpx\u00a0\u00bb paddingbottom=\u00a0\u00bbpx\u00a0\u00bb paddingleft=\u00a0\u00bbpx\u00a0\u00bb paddingright=\u00a0\u00bbpx\u00a0\u00bb menu_anchor=\u00a0\u00bb\u00a0\u00bb class=\u00a0\u00bb\u00a0\u00bb id=\u00a0\u00bb\u00a0\u00bb][\/fullwidth]<\/p>\n","protected":false},"excerpt":{"rendered":"<p>[fullwidth backgroundcolor=\u00a0\u00bbno\u00a0\u00bb backgroundimage=\u00a0\u00bb\u00a0\u00bb backgroundrepeat=\u00a0\u00bbno-repeat\u00a0\u00bb backgroundposition=\u00a0\u00bbleft top\u00a0\u00bb backgroundattachment=\u00a0\u00bbscroll\u00a0\u00bb bordersize=\u00a0\u00bb0px\u00a0\u00bb bordercolor=\u00a0\u00bb\u00a0\u00bb borderstyle=\u00a0\u00bb\u00a0\u00bb paddingtop=\u00a0\u00bbpx\u00a0\u00bb paddingbottom=\u00a0\u00bbpx\u00a0\u00bb paddingleft=\u00a0\u00bbpx\u00a0\u00bb paddingright=\u00a0\u00bbpx\u00a0\u00bb menu_anchor=\u00a0\u00bb\u00a0\u00bb class=\u00a0\u00bb\u00a0\u00bb id=\u00a0\u00bb\u00a0\u00bb][\/fullwidth]<\/p>\n","protected":false},"author":51,"featured_media":0,"parent":0,"menu_order":0,"comment_status":"open","ping_status":"open","template":"100-width.php","meta":{"_et_pb_use_builder":"","_et_pb_old_content":"","_et_gb_content_width":"","_exactmetrics_skip_tracking":false,"_exactmetrics_sitenote_active":false,"_exactmetrics_sitenote_note":"","_exactmetrics_sitenote_category":0,"footnotes":""},"class_list":["post-561","page","type-page","status-publish","hentry"],"yoast_head":"<!-- This site is optimized with the Yoast SEO plugin v27.5 - https:\/\/yoast.com\/product\/yoast-seo-wordpress\/ -->\n<title>Shipping rates - DelFine<\/title>\n<meta name=\"robots\" content=\"index, follow, max-snippet:-1, max-image-preview:large, max-video-preview:-1\" \/>\n<link rel=\"canonical\" href=\"https:\/\/www.delfinebijoux.com\/en\/shipping\/\" \/>\n<meta property=\"og:locale\" content=\"en_GB\" \/>\n<meta property=\"og:type\" content=\"article\" \/>\n<meta property=\"og:title\" content=\"Shipping rates - DelFine\" \/>\n<meta property=\"og:description\" content=\"[fullwidth backgroundcolor=\u00a0\u00bbno\u00a0\u00bb backgroundimage=\u00a0\u00bb\u00a0\u00bb backgroundrepeat=\u00a0\u00bbno-repeat\u00a0\u00bb backgroundposition=\u00a0\u00bbleft top\u00a0\u00bb backgroundattachment=\u00a0\u00bbscroll\u00a0\u00bb bordersize=\u00a0\u00bb0px\u00a0\u00bb bordercolor=\u00a0\u00bb\u00a0\u00bb borderstyle=\u00a0\u00bb\u00a0\u00bb paddingtop=\u00a0\u00bbpx\u00a0\u00bb paddingbottom=\u00a0\u00bbpx\u00a0\u00bb paddingleft=\u00a0\u00bbpx\u00a0\u00bb paddingright=\u00a0\u00bbpx\u00a0\u00bb menu_anchor=\u00a0\u00bb\u00a0\u00bb class=\u00a0\u00bb\u00a0\u00bb id=\u00a0\u00bb\u00a0\u00bb][\/fullwidth]\" \/>\n<meta property=\"og:url\" content=\"https:\/\/www.delfinebijoux.com\/en\/shipping\/\" \/>\n<meta property=\"og:site_name\" content=\"DelFine\" \/>\n<meta property=\"article:publisher\" content=\"https:\/\/www.facebook.com\/DelFinebijoux\" \/>\n<meta property=\"og:image\" content=\"https:\/\/www.delfinebijoux.com\/wp-content\/uploads\/2024\/01\/Logo-blanc-1500px.jpg\" \/>\n\t<meta property=\"og:image:width\" content=\"1500\" \/>\n\t<meta property=\"og:image:height\" content=\"1500\" \/>\n\t<meta property=\"og:image:type\" content=\"image\/jpeg\" \/>\n<meta name=\"twitter:card\" content=\"summary_large_image\" \/>\n<script type=\"application\/ld+json\" class=\"yoast-schema-graph\">{\"@context\":\"https:\\\/\\\/schema.org\",\"@graph\":[{\"@type\":\"WebPage\",\"@id\":\"https:\\\/\\\/www.delfinebijoux.com\\\/shipping\\\/\",\"url\":\"https:\\\/\\\/www.delfinebijoux.com\\\/shipping\\\/\",\"name\":\"Shipping rates - DelFine\",\"isPartOf\":{\"@id\":\"https:\\\/\\\/www.delfinebijoux.com\\\/#website\"},\"datePublished\":\"2015-05-20T05:32:52+00:00\",\"breadcrumb\":{\"@id\":\"https:\\\/\\\/www.delfinebijoux.com\\\/shipping\\\/#breadcrumb\"},\"inLanguage\":\"en-GB\",\"potentialAction\":[{\"@type\":\"ReadAction\",\"target\":[\"https:\\\/\\\/www.delfinebijoux.com\\\/shipping\\\/\"]}]},{\"@type\":\"BreadcrumbList\",\"@id\":\"https:\\\/\\\/www.delfinebijoux.com\\\/shipping\\\/#breadcrumb\",\"itemListElement\":[{\"@type\":\"ListItem\",\"position\":1,\"name\":\"Accueil\",\"item\":\"https:\\\/\\\/www.delfinebijoux.com\\\/\"},{\"@type\":\"ListItem\",\"position\":2,\"name\":\"Shipping rates\"}]},{\"@type\":\"WebSite\",\"@id\":\"https:\\\/\\\/www.delfinebijoux.com\\\/#website\",\"url\":\"https:\\\/\\\/www.delfinebijoux.com\\\/\",\"name\":\"DelFine\",\"description\":\"Bijoux de cr\u00e9ateur fins et d\u00e9licats de fabrication fran\u00e7aise\",\"publisher\":{\"@id\":\"https:\\\/\\\/www.delfinebijoux.com\\\/#organization\"},\"potentialAction\":[{\"@type\":\"SearchAction\",\"target\":{\"@type\":\"EntryPoint\",\"urlTemplate\":\"https:\\\/\\\/www.delfinebijoux.com\\\/?s={search_term_string}\"},\"query-input\":{\"@type\":\"PropertyValueSpecification\",\"valueRequired\":true,\"valueName\":\"search_term_string\"}}],\"inLanguage\":\"en-GB\"},{\"@type\":\"Organization\",\"@id\":\"https:\\\/\\\/www.delfinebijoux.com\\\/#organization\",\"name\":\"DelFine\",\"url\":\"https:\\\/\\\/www.delfinebijoux.com\\\/\",\"logo\":{\"@type\":\"ImageObject\",\"inLanguage\":\"en-GB\",\"@id\":\"https:\\\/\\\/www.delfinebijoux.com\\\/#\\\/schema\\\/logo\\\/image\\\/\",\"url\":\"https:\\\/\\\/www.delfinebijoux.com\\\/wp-content\\\/uploads\\\/2024\\\/01\\\/Logo-blanc-1500px.jpg\",\"contentUrl\":\"https:\\\/\\\/www.delfinebijoux.com\\\/wp-content\\\/uploads\\\/2024\\\/01\\\/Logo-blanc-1500px.jpg\",\"width\":1500,\"height\":1500,\"caption\":\"DelFine\"},\"image\":{\"@id\":\"https:\\\/\\\/www.delfinebijoux.com\\\/#\\\/schema\\\/logo\\\/image\\\/\"},\"sameAs\":[\"https:\\\/\\\/www.facebook.com\\\/DelFinebijoux\",\"https:\\\/\\\/www.instagram.com\\\/delfine_bijoux\\\/\"]}]}<\/script>\n<!-- \/ Yoast SEO plugin. -->","yoast_head_json":{"title":"Shipping rates - DelFine","robots":{"index":"index","follow":"follow","max-snippet":"max-snippet:-1","max-image-preview":"max-image-preview:large","max-video-preview":"max-video-preview:-1"},"canonical":"https:\/\/www.delfinebijoux.com\/en\/shipping\/","og_locale":"en_GB","og_type":"article","og_title":"Shipping rates - DelFine","og_description":"[fullwidth backgroundcolor=\u00a0\u00bbno\u00a0\u00bb backgroundimage=\u00a0\u00bb\u00a0\u00bb backgroundrepeat=\u00a0\u00bbno-repeat\u00a0\u00bb backgroundposition=\u00a0\u00bbleft top\u00a0\u00bb backgroundattachment=\u00a0\u00bbscroll\u00a0\u00bb bordersize=\u00a0\u00bb0px\u00a0\u00bb bordercolor=\u00a0\u00bb\u00a0\u00bb borderstyle=\u00a0\u00bb\u00a0\u00bb paddingtop=\u00a0\u00bbpx\u00a0\u00bb paddingbottom=\u00a0\u00bbpx\u00a0\u00bb paddingleft=\u00a0\u00bbpx\u00a0\u00bb paddingright=\u00a0\u00bbpx\u00a0\u00bb menu_anchor=\u00a0\u00bb\u00a0\u00bb class=\u00a0\u00bb\u00a0\u00bb id=\u00a0\u00bb\u00a0\u00bb][\/fullwidth]","og_url":"https:\/\/www.delfinebijoux.com\/en\/shipping\/","og_site_name":"DelFine","article_publisher":"https:\/\/www.facebook.com\/DelFinebijoux","og_image":[{"width":1500,"height":1500,"url":"https:\/\/www.delfinebijoux.com\/wp-content\/uploads\/2024\/01\/Logo-blanc-1500px.jpg","type":"image\/jpeg"}],"twitter_card":"summary_large_image","schema":{"@context":"https:\/\/schema.org","@graph":[{"@type":"WebPage","@id":"https:\/\/www.delfinebijoux.com\/shipping\/","url":"https:\/\/www.delfinebijoux.com\/shipping\/","name":"Shipping rates - DelFine","isPartOf":{"@id":"https:\/\/www.delfinebijoux.com\/#website"},"datePublished":"2015-05-20T05:32:52+00:00","breadcrumb":{"@id":"https:\/\/www.delfinebijoux.com\/shipping\/#breadcrumb"},"inLanguage":"en-GB","potentialAction":[{"@type":"ReadAction","target":["https:\/\/www.delfinebijoux.com\/shipping\/"]}]},{"@type":"BreadcrumbList","@id":"https:\/\/www.delfinebijoux.com\/shipping\/#breadcrumb","itemListElement":[{"@type":"ListItem","position":1,"name":"Accueil","item":"https:\/\/www.delfinebijoux.com\/"},{"@type":"ListItem","position":2,"name":"Shipping rates"}]},{"@type":"WebSite","@id":"https:\/\/www.delfinebijoux.com\/#website","url":"https:\/\/www.delfinebijoux.com\/","name":"DelFine","description":"Fine, delicate designer jewellery made in France","publisher":{"@id":"https:\/\/www.delfinebijoux.com\/#organization"},"potentialAction":[{"@type":"SearchAction","target":{"@type":"EntryPoint","urlTemplate":"https:\/\/www.delfinebijoux.com\/?s={search_term_string}"},"query-input":{"@type":"PropertyValueSpecification","valueRequired":true,"valueName":"search_term_string"}}],"inLanguage":"en-GB"},{"@type":"Organization","@id":"https:\/\/www.delfinebijoux.com\/#organization","name":"DelFine","url":"https:\/\/www.delfinebijoux.com\/","logo":{"@type":"ImageObject","inLanguage":"en-GB","@id":"https:\/\/www.delfinebijoux.com\/#\/schema\/logo\/image\/","url":"https:\/\/www.delfinebijoux.com\/wp-content\/uploads\/2024\/01\/Logo-blanc-1500px.jpg","contentUrl":"https:\/\/www.delfinebijoux.com\/wp-content\/uploads\/2024\/01\/Logo-blanc-1500px.jpg","width":1500,"height":1500,"caption":"DelFine"},"image":{"@id":"https:\/\/www.delfinebijoux.com\/#\/schema\/logo\/image\/"},"sameAs":["https:\/\/www.facebook.com\/DelFinebijoux","https:\/\/www.instagram.com\/delfine_bijoux\/"]}]}},"_links":{"self":[{"href":"https:\/\/www.delfinebijoux.com\/en\/wp-json\/wp\/v2\/pages\/561","targetHints":{"allow":["GET"]}}],"collection":[{"href":"https:\/\/www.delfinebijoux.com\/en\/wp-json\/wp\/v2\/pages"}],"about":[{"href":"https:\/\/www.delfinebijoux.com\/en\/wp-json\/wp\/v2\/types\/page"}],"author":[{"embeddable":true,"href":"https:\/\/www.delfinebijoux.com\/en\/wp-json\/wp\/v2\/users\/51"}],"replies":[{"embeddable":true,"href":"https:\/\/www.delfinebijoux.com\/en\/wp-json\/wp\/v2\/comments?post=561"}],"version-history":[{"count":0,"href":"https:\/\/www.delfinebijoux.com\/en\/wp-json\/wp\/v2\/pages\/561\/revisions"}],"wp:attachment":[{"href":"https:\/\/www.delfinebijoux.com\/en\/wp-json\/wp\/v2\/media?parent=561"}],"curies":[{"name":"wp","href":"https:\/\/api.w.org\/{rel}","templated":true}]}}