{"id":2476,"date":"2016-08-03T09:32:59","date_gmt":"2016-08-03T07:32:59","guid":{"rendered":"http:\/\/delfine-paris.com\/?page_id=2476"},"modified":"2016-08-18T00:59:13","modified_gmt":"2016-08-17T22:59:13","slug":"rings","status":"publish","type":"page","link":"https:\/\/www.delfinebijoux.com\/en\/rings\/","title":{"rendered":"Rings"},"content":{"rendered":"<p>[et_pb_section admin_label=\u00a0\u00bbsection\u00a0\u00bb][et_pb_row admin_label=\u00a0\u00bbrow\u00a0\u00bb make_fullwidth=\u00a0\u00bbon\u00a0\u00bb use_custom_width=\u00a0\u00bboff\u00a0\u00bb width_unit=\u00a0\u00bbon\u00a0\u00bb use_custom_gutter=\u00a0\u00bboff\u00a0\u00bb custom_padding=\u00a0\u00bb15px|||\u00a0\u00bb padding_mobile=\u00a0\u00bboff\u00a0\u00bb allow_player_pause=\u00a0\u00bboff\u00a0\u00bb parallax=\u00a0\u00bboff\u00a0\u00bb parallax_method=\u00a0\u00bboff\u00a0\u00bb make_equal=\u00a0\u00bboff\u00a0\u00bb column_padding_mobile=\u00a0\u00bbon\u00a0\u00bb parallax_1=\u00a0\u00bboff\u00a0\u00bb parallax_method_1=\u00a0\u00bboff\u00a0\u00bb parallax_2=\u00a0\u00bboff\u00a0\u00bb parallax_method_2=\u00a0\u00bboff\u00a0\u00bb][et_pb_column type=\u00a0\u00bb1_4&Prime;][et_pb_sidebar admin_label=\u00a0\u00bbBarre lat\u00e9rale\u00a0\u00bb orientation=\u00a0\u00bbleft\u00a0\u00bb area=\u00a0\u00bbsidebar-1&Prime; background_layout=\u00a0\u00bblight\u00a0\u00bb remove_border=\u00a0\u00bboff\u00a0\u00bb]<\/p>\n<p>[\/et_pb_sidebar][\/et_pb_column][et_pb_column type=\u00a0\u00bb3_4&Prime;][et_pb_image admin_label=\u00a0\u00bbImage\u00a0\u00bb src=\u00a0\u00bbhttps:\/\/delfinebijoux.com\/wp-content\/uploads\/2016\/08\/slidebagues.jpg\u00a0\u00bb show_in_lightbox=\u00a0\u00bboff\u00a0\u00bb url_new_window=\u00a0\u00bboff\u00a0\u00bb use_overlay=\u00a0\u00bboff\u00a0\u00bb animation=\u00a0\u00bbleft\u00a0\u00bb sticky=\u00a0\u00bboff\u00a0\u00bb align=\u00a0\u00bbleft\u00a0\u00bb force_fullwidth=\u00a0\u00bboff\u00a0\u00bb always_center_on_mobile=\u00a0\u00bbon\u00a0\u00bb use_border_color=\u00a0\u00bboff\u00a0\u00bb border_color=\u00a0\u00bb#ffffff\u00a0\u00bb border_style=\u00a0\u00bbsolid\u00a0\u00bb \/][et_pb_shop admin_label=\u00a0\u00bbBoutique\u00a0\u00bb type=\u00a0\u00bbproduct_category\u00a0\u00bb include_categories=\u00a0\u00bbbagues\u00a0\u00bb columns_number=\u00a0\u00bb0&Prime; orderby=\u00a0\u00bbmenu_order\u00a0\u00bb posts_number=\u00a0\u00bb200&Prime;]<\/p>\n<p>[\/et_pb_shop][\/et_pb_column][\/et_pb_row][\/et_pb_section]<\/p>\n","protected":false},"excerpt":{"rendered":"","protected":false},"author":50,"featured_media":0,"parent":0,"menu_order":0,"comment_status":"closed","ping_status":"closed","template":"","meta":{"_et_pb_use_builder":"on","_et_pb_old_content":"","_et_gb_content_width":"","_exactmetrics_skip_tracking":false,"_exactmetrics_sitenote_active":false,"_exactmetrics_sitenote_note":"","_exactmetrics_sitenote_category":0,"footnotes":""},"class_list":["post-2476","page","type-page","status-publish","hentry"],"yoast_head":"<!-- This site is optimized with the Yoast SEO plugin v27.5 - https:\/\/yoast.com\/product\/yoast-seo-wordpress\/ -->\n<title>Rings - DelFine<\/title>\n<meta name=\"robots\" content=\"index, follow, max-snippet:-1, max-image-preview:large, max-video-preview:-1\" \/>\n<link rel=\"canonical\" href=\"https:\/\/www.delfinebijoux.com\/en\/rings\/\" \/>\n<meta property=\"og:locale\" content=\"en_GB\" \/>\n<meta property=\"og:type\" content=\"article\" \/>\n<meta property=\"og:title\" content=\"Rings - DelFine\" \/>\n<meta property=\"og:url\" content=\"https:\/\/www.delfinebijoux.com\/en\/rings\/\" \/>\n<meta property=\"og:site_name\" content=\"DelFine\" \/>\n<meta property=\"article:publisher\" content=\"https:\/\/www.facebook.com\/DelFinebijoux\" \/>\n<meta property=\"article:modified_time\" content=\"2016-08-17T22:59:13+00:00\" \/>\n<meta property=\"og:image\" content=\"https:\/\/www.delfinebijoux.com\/wp-content\/uploads\/2024\/01\/Logo-blanc-1500px.jpg\" \/>\n\t<meta property=\"og:image:width\" content=\"1500\" \/>\n\t<meta property=\"og:image:height\" content=\"1500\" \/>\n\t<meta property=\"og:image:type\" content=\"image\/jpeg\" \/>\n<meta name=\"twitter:card\" content=\"summary_large_image\" \/>\n<meta name=\"twitter:label1\" content=\"Estimated reading time\" \/>\n\t<meta name=\"twitter:data1\" content=\"1 minute\" \/>\n<script type=\"application\/ld+json\" class=\"yoast-schema-graph\">{\"@context\":\"https:\\\/\\\/schema.org\",\"@graph\":[{\"@type\":\"WebPage\",\"@id\":\"https:\\\/\\\/www.delfinebijoux.com\\\/rings\\\/\",\"url\":\"https:\\\/\\\/www.delfinebijoux.com\\\/rings\\\/\",\"name\":\"Rings - DelFine\",\"isPartOf\":{\"@id\":\"https:\\\/\\\/www.delfinebijoux.com\\\/#website\"},\"datePublished\":\"2016-08-03T07:32:59+00:00\",\"dateModified\":\"2016-08-17T22:59:13+00:00\",\"breadcrumb\":{\"@id\":\"https:\\\/\\\/www.delfinebijoux.com\\\/rings\\\/#breadcrumb\"},\"inLanguage\":\"en-GB\",\"potentialAction\":[{\"@type\":\"ReadAction\",\"target\":[\"https:\\\/\\\/www.delfinebijoux.com\\\/rings\\\/\"]}]},{\"@type\":\"BreadcrumbList\",\"@id\":\"https:\\\/\\\/www.delfinebijoux.com\\\/rings\\\/#breadcrumb\",\"itemListElement\":[{\"@type\":\"ListItem\",\"position\":1,\"name\":\"Accueil\",\"item\":\"https:\\\/\\\/www.delfinebijoux.com\\\/\"},{\"@type\":\"ListItem\",\"position\":2,\"name\":\"Rings\"}]},{\"@type\":\"WebSite\",\"@id\":\"https:\\\/\\\/www.delfinebijoux.com\\\/#website\",\"url\":\"https:\\\/\\\/www.delfinebijoux.com\\\/\",\"name\":\"DelFine\",\"description\":\"Bijoux de cr\u00e9ateur fins et d\u00e9licats de fabrication fran\u00e7aise\",\"publisher\":{\"@id\":\"https:\\\/\\\/www.delfinebijoux.com\\\/#organization\"},\"potentialAction\":[{\"@type\":\"SearchAction\",\"target\":{\"@type\":\"EntryPoint\",\"urlTemplate\":\"https:\\\/\\\/www.delfinebijoux.com\\\/?s={search_term_string}\"},\"query-input\":{\"@type\":\"PropertyValueSpecification\",\"valueRequired\":true,\"valueName\":\"search_term_string\"}}],\"inLanguage\":\"en-GB\"},{\"@type\":\"Organization\",\"@id\":\"https:\\\/\\\/www.delfinebijoux.com\\\/#organization\",\"name\":\"DelFine\",\"url\":\"https:\\\/\\\/www.delfinebijoux.com\\\/\",\"logo\":{\"@type\":\"ImageObject\",\"inLanguage\":\"en-GB\",\"@id\":\"https:\\\/\\\/www.delfinebijoux.com\\\/#\\\/schema\\\/logo\\\/image\\\/\",\"url\":\"https:\\\/\\\/www.delfinebijoux.com\\\/wp-content\\\/uploads\\\/2024\\\/01\\\/Logo-blanc-1500px.jpg\",\"contentUrl\":\"https:\\\/\\\/www.delfinebijoux.com\\\/wp-content\\\/uploads\\\/2024\\\/01\\\/Logo-blanc-1500px.jpg\",\"width\":1500,\"height\":1500,\"caption\":\"DelFine\"},\"image\":{\"@id\":\"https:\\\/\\\/www.delfinebijoux.com\\\/#\\\/schema\\\/logo\\\/image\\\/\"},\"sameAs\":[\"https:\\\/\\\/www.facebook.com\\\/DelFinebijoux\",\"https:\\\/\\\/www.instagram.com\\\/delfine_bijoux\\\/\"]}]}<\/script>\n<!-- \/ Yoast SEO plugin. -->","yoast_head_json":{"title":"Rings - DelFine","robots":{"index":"index","follow":"follow","max-snippet":"max-snippet:-1","max-image-preview":"max-image-preview:large","max-video-preview":"max-video-preview:-1"},"canonical":"https:\/\/www.delfinebijoux.com\/en\/rings\/","og_locale":"en_GB","og_type":"article","og_title":"Rings - DelFine","og_url":"https:\/\/www.delfinebijoux.com\/en\/rings\/","og_site_name":"DelFine","article_publisher":"https:\/\/www.facebook.com\/DelFinebijoux","article_modified_time":"2016-08-17T22:59:13+00:00","og_image":[{"width":1500,"height":1500,"url":"https:\/\/www.delfinebijoux.com\/wp-content\/uploads\/2024\/01\/Logo-blanc-1500px.jpg","type":"image\/jpeg"}],"twitter_card":"summary_large_image","twitter_misc":{"Estimated reading time":"1 minute"},"schema":{"@context":"https:\/\/schema.org","@graph":[{"@type":"WebPage","@id":"https:\/\/www.delfinebijoux.com\/rings\/","url":"https:\/\/www.delfinebijoux.com\/rings\/","name":"Rings - DelFine","isPartOf":{"@id":"https:\/\/www.delfinebijoux.com\/#website"},"datePublished":"2016-08-03T07:32:59+00:00","dateModified":"2016-08-17T22:59:13+00:00","breadcrumb":{"@id":"https:\/\/www.delfinebijoux.com\/rings\/#breadcrumb"},"inLanguage":"en-GB","potentialAction":[{"@type":"ReadAction","target":["https:\/\/www.delfinebijoux.com\/rings\/"]}]},{"@type":"BreadcrumbList","@id":"https:\/\/www.delfinebijoux.com\/rings\/#breadcrumb","itemListElement":[{"@type":"ListItem","position":1,"name":"Accueil","item":"https:\/\/www.delfinebijoux.com\/"},{"@type":"ListItem","position":2,"name":"Rings"}]},{"@type":"WebSite","@id":"https:\/\/www.delfinebijoux.com\/#website","url":"https:\/\/www.delfinebijoux.com\/","name":"DelFine","description":"Fine, delicate designer jewellery made in France","publisher":{"@id":"https:\/\/www.delfinebijoux.com\/#organization"},"potentialAction":[{"@type":"SearchAction","target":{"@type":"EntryPoint","urlTemplate":"https:\/\/www.delfinebijoux.com\/?s={search_term_string}"},"query-input":{"@type":"PropertyValueSpecification","valueRequired":true,"valueName":"search_term_string"}}],"inLanguage":"en-GB"},{"@type":"Organization","@id":"https:\/\/www.delfinebijoux.com\/#organization","name":"DelFine","url":"https:\/\/www.delfinebijoux.com\/","logo":{"@type":"ImageObject","inLanguage":"en-GB","@id":"https:\/\/www.delfinebijoux.com\/#\/schema\/logo\/image\/","url":"https:\/\/www.delfinebijoux.com\/wp-content\/uploads\/2024\/01\/Logo-blanc-1500px.jpg","contentUrl":"https:\/\/www.delfinebijoux.com\/wp-content\/uploads\/2024\/01\/Logo-blanc-1500px.jpg","width":1500,"height":1500,"caption":"DelFine"},"image":{"@id":"https:\/\/www.delfinebijoux.com\/#\/schema\/logo\/image\/"},"sameAs":["https:\/\/www.facebook.com\/DelFinebijoux","https:\/\/www.instagram.com\/delfine_bijoux\/"]}]}},"_links":{"self":[{"href":"https:\/\/www.delfinebijoux.com\/en\/wp-json\/wp\/v2\/pages\/2476","targetHints":{"allow":["GET"]}}],"collection":[{"href":"https:\/\/www.delfinebijoux.com\/en\/wp-json\/wp\/v2\/pages"}],"about":[{"href":"https:\/\/www.delfinebijoux.com\/en\/wp-json\/wp\/v2\/types\/page"}],"author":[{"embeddable":true,"href":"https:\/\/www.delfinebijoux.com\/en\/wp-json\/wp\/v2\/users\/50"}],"replies":[{"embeddable":true,"href":"https:\/\/www.delfinebijoux.com\/en\/wp-json\/wp\/v2\/comments?post=2476"}],"version-history":[{"count":0,"href":"https:\/\/www.delfinebijoux.com\/en\/wp-json\/wp\/v2\/pages\/2476\/revisions"}],"wp:attachment":[{"href":"https:\/\/www.delfinebijoux.com\/en\/wp-json\/wp\/v2\/media?parent=2476"}],"curies":[{"name":"wp","href":"https:\/\/api.w.org\/{rel}","templated":true}]}}